{"id":10720,"date":"2025-07-02T18:24:31","date_gmt":"2025-07-02T18:24:31","guid":{"rendered":"https:\/\/newhometr.com\/store\/?post_type=product&#038;p=10720"},"modified":"2025-07-02T18:34:20","modified_gmt":"2025-07-02T18:34:20","slug":"aircol-250-t","status":"publish","type":"product","link":"https:\/\/newhometr.com\/store\/product\/aircol-250-t\/","title":{"rendered":"Aircol 250 T"},"content":{"rendered":"<ul>\n<li>K\u00fc\u00e7\u00fck ve orta \u00f6l\u00e7ekli mekanlarda:<\/li>\n<li>Banyo, tuvalet, mutfak, konut, ofis, i\u015fyeri, kiler, garaj vb. yerlerin havaland\u0131r\u0131lmas\u0131 i\u00e7in uygundur.<\/li>\n<li>\u00d6zellikle aspirat\u00f6re tak\u0131lacak ba\u011flant\u0131 borusuyla birlikte tavan tipi havaland\u0131rma uygulamalar\u0131nda kullan\u0131lmak \u00fczere \u00fcretilmi\u015ftir.<\/li>\n<\/ul>\n<p>KULLANIM OPS\u0130YONLARI<\/p>\n<ul>\n<li>A\u00e7ma\/Kapama butonuyla birlikte direkt olarak ya da lambaya seri ba\u011flanarak kullan\u0131labilir.<\/li>\n<li>Zaman gecikmeli elektronik kart ile aspirat\u00f6r kapat\u0131ld\u0131ktan sonra istenilen s\u00fcrede \u00e7al\u0131\u015f\u0131p otomatik olarak duracak \u015fekilde kullan\u0131labilir.<\/li>\n<li>S\u0131cak ortamlarda, motorun a\u015f\u0131r\u0131 \u0131s\u0131nmas\u0131na kar\u015f\u0131 \u0131s\u0131 sens\u00f6rl\u00fc (termikli) koruma.<br \/>\nFarkl\u0131 renk se\u00e7enekleriyle mekan\u0131n ambiyans\u0131na \u00f6zel \u00fcretim.<\/li>\n<\/ul>\n","protected":false},"excerpt":{"rendered":"<ul>\n<li>\u015e\u0131k ve geni\u015f \u00f6n g\u00f6r\u00fcn\u00fcm\u00fcyle fark\u0131ndal\u0131k yaratmak istenilen mekanlar\u0131n vazge\u00e7ilmezidir.<\/li>\n<li>Y\u00fcksek kalite ABS plastik ile imal edilmi\u015f \u00fcr\u00fcn\u00fcm\u00fcz k\u00f6t\u00fc koku, nem ve benzeri d\u0131\u015f etkenlere kar\u015f\u0131 en iyi korumay\u0131 sa\u011flarken ilk g\u00fcnk\u00fc g\u00f6r\u00fcn\u00fcm\u00fc asla yitirmez.<\/li>\n<li>Geni\u015f hava s\u00fcp\u00fcrme yoluna sahip g\u00f6vde ve optimum fan tasar\u0131m\u0131yla ses seviyesi en alt d\u00fczeye indirgenmi\u015ftir.<\/li>\n<li>\u00d6zel tasarlanm\u0131\u015f g\u00f6vde ve \u00f6n kapak sayesinde hem her y\u00f6nden y\u00fcksek emi\u015f sa\u011flar hem de \u00f6n kapa\u011f\u0131n her zaman temiz kalmas\u0131n\u0131 sa\u011flar.<br \/>\nKullan\u0131lan ortama uygun bir \u015fekilde istenilen debi ve devirde aspirat\u00f6r\u00fcm\u00fcz\u00fc \u00fcretebilmekteyiz. (120 m\u00b3\/saat ~ 150 m\u00b3\/saat)<\/li>\n<li>Hava \u00e7\u0131k\u0131\u015f klapesi, aspirat\u00f6r kullan\u0131lmad\u0131\u011f\u0131nda hem d\u0131\u015far\u0131dan i\u00e7eriye gelebilecek toz, k\u00f6t\u00fc koku ve so\u011fuk gibi etkenlere kar\u015f\u0131 en iyi korumay\u0131 sa\u011flarken hem de i\u00e7eriden d\u0131\u015far\u0131ya s\u0131zabilecek \u0131s\u0131 kayb\u0131n\u0131 \u00f6nlemektedir.<\/li>\n<li>\u0130stenildi\u011fi takdirde \u00e7ift devirli yap\u0131labilmektedir.<\/li>\n<li>Toza maruz kalan filtre \u00e7ok kolay \u015fekilde s\u00f6k\u00fclerek silme ya da y\u0131kama yoluyla temizlenebilir.<\/li>\n<li>Kendi kendini ya\u011flayan ve bak\u0131m gerektirmeyen motor yataklar\u0131 sessiz ve uzun \u00f6m\u00fcrl\u00fc performans sa\u011flamaktad\u0131r.<br \/>\nSu s\u0131\u00e7ramas\u0131na kar\u015f\u0131 IP24 korumas\u0131na sahiptir.<\/li>\n<li>Motor H yal\u0131t\u0131m s\u0131n\u0131f\u0131na dahildir.<\/li>\n<li>\u00dcr\u00fcnlerimiz EN 60335-2-80, Low Voltage Equipment [2014\/35\/EU] ve Electromagnetic Compatibility [2014\/30\/EU] normlar\u0131na uygun olarak \u00fcretilmektedir.<\/li>\n<\/ul>\n","protected":false},"featured_media":10721,"comment_status":"open","ping_status":"closed","template":"","meta":[],"product_brand":[487],"product_cat":[486,43],"product_tag":[],"class_list":{"0":"post-10720","1":"product","2":"type-product","3":"status-publish","4":"has-post-thumbnail","6":"product_brand-aircol","7":"product_cat-electrical-appliances","8":"product_cat-electrical","11":"instock","12":"shipping-taxable","13":"purchasable","14":"product-type-simple"},"_links":{"self":[{"href":"https:\/\/newhometr.com\/store\/wp-json\/wp\/v2\/product\/10720","targetHints":{"allow":["GET"]}}],"collection":[{"href":"https:\/\/newhometr.com\/store\/wp-json\/wp\/v2\/product"}],"about":[{"href":"https:\/\/newhometr.com\/store\/wp-json\/wp\/v2\/types\/product"}],"replies":[{"embeddable":true,"href":"https:\/\/newhometr.com\/store\/wp-json\/wp\/v2\/comments?post=10720"}],"version-history":[{"count":1,"href":"https:\/\/newhometr.com\/store\/wp-json\/wp\/v2\/product\/10720\/revisions"}],"predecessor-version":[{"id":10722,"href":"https:\/\/newhometr.com\/store\/wp-json\/wp\/v2\/product\/10720\/revisions\/10722"}],"wp:featuredmedia":[{"embeddable":true,"href":"https:\/\/newhometr.com\/store\/wp-json\/wp\/v2\/media\/10721"}],"wp:attachment":[{"href":"https:\/\/newhometr.com\/store\/wp-json\/wp\/v2\/media?parent=10720"}],"wp:term":[{"taxonomy":"product_brand","embeddable":true,"href":"https:\/\/newhometr.com\/store\/wp-json\/wp\/v2\/product_brand?post=10720"},{"taxonomy":"product_cat","embeddable":true,"href":"https:\/\/newhometr.com\/store\/wp-json\/wp\/v2\/product_cat?post=10720"},{"taxonomy":"product_tag","embeddable":true,"href":"https:\/\/newhometr.com\/store\/wp-json\/wp\/v2\/product_tag?post=10720"}],"curies":[{"name":"wp","href":"https:\/\/api.w.org\/{rel}","templated":true}]}}