{"id":10677,"date":"2025-06-30T12:59:08","date_gmt":"2025-06-30T12:59:08","guid":{"rendered":"https:\/\/newhometr.com\/store\/?post_type=product&#038;p=10677"},"modified":"2025-06-30T12:59:10","modified_gmt":"2025-06-30T12:59:10","slug":"konut-tipi-cift-kontrollu-mix-endustriyel-evye-batarya-0241","status":"publish","type":"product","link":"https:\/\/newhometr.com\/store\/product\/konut-tipi-cift-kontrollu-mix-endustriyel-evye-batarya-0241\/","title":{"rendered":"Konut Tipi \u00c7ift Kontroll\u00fc Mix End\u00fcstriyel Evye Batarya 0241"},"content":{"rendered":"<ul>\n<li>Malzeme: Krom Kapl\u0131 MS 58 Pirin\u00e7 Malzeme<\/li>\n<li>\u00c7al\u0131\u015fma Sistemi: 40\u2019lik Kartu\u015f<\/li>\n<li>Montaj Yeri: Tezgah \u00dcst\u00fcne Montaj<\/li>\n<li>Su Giri\u015fi: \u00c7ift Su Giri\u015fli<\/li>\n<li>Kol Say\u0131s\u0131: Tek Kollu<\/li>\n<li>Montaj Deli\u011fi: Tek Montaj Deli\u011fi<\/li>\n<li>Men\u015fei: T\u00fcrk Mal\u0131<\/li>\n<\/ul>\n","protected":false},"excerpt":{"rendered":"<p>Malzeme: Krom Kapl\u0131 MS 58 Pirin\u00e7 Malzeme \u00c7al\u0131\u015fma Sistemi: 40\u2019lik Kartu\u015f Montaj Yeri: Tezgah \u00dcst\u00fcne Montaj Su Giri\u015fi: \u00c7ift Su Giri\u015fli Kol Say\u0131s\u0131: Tek Kollu Montaj Deli\u011fi: Tek Montaj Deli\u011fi Men\u015fei: T\u00fcrk Mal\u0131<\/p>\n","protected":false},"featured_media":10678,"comment_status":"open","ping_status":"closed","template":"","meta":[],"product_brand":[476],"product_cat":[475,53],"product_tag":[],"class_list":{"0":"post-10677","1":"product","2":"type-product","3":"status-publish","4":"has-post-thumbnail","6":"product_brand-capa","7":"product_cat-faucet","8":"product_cat-plumbing","11":"instock","12":"shipping-taxable","13":"purchasable","14":"product-type-simple"},"_links":{"self":[{"href":"https:\/\/newhometr.com\/store\/wp-json\/wp\/v2\/product\/10677","targetHints":{"allow":["GET"]}}],"collection":[{"href":"https:\/\/newhometr.com\/store\/wp-json\/wp\/v2\/product"}],"about":[{"href":"https:\/\/newhometr.com\/store\/wp-json\/wp\/v2\/types\/product"}],"replies":[{"embeddable":true,"href":"https:\/\/newhometr.com\/store\/wp-json\/wp\/v2\/comments?post=10677"}],"version-history":[{"count":1,"href":"https:\/\/newhometr.com\/store\/wp-json\/wp\/v2\/product\/10677\/revisions"}],"predecessor-version":[{"id":10680,"href":"https:\/\/newhometr.com\/store\/wp-json\/wp\/v2\/product\/10677\/revisions\/10680"}],"wp:featuredmedia":[{"embeddable":true,"href":"https:\/\/newhometr.com\/store\/wp-json\/wp\/v2\/media\/10678"}],"wp:attachment":[{"href":"https:\/\/newhometr.com\/store\/wp-json\/wp\/v2\/media?parent=10677"}],"wp:term":[{"taxonomy":"product_brand","embeddable":true,"href":"https:\/\/newhometr.com\/store\/wp-json\/wp\/v2\/product_brand?post=10677"},{"taxonomy":"product_cat","embeddable":true,"href":"https:\/\/newhometr.com\/store\/wp-json\/wp\/v2\/product_cat?post=10677"},{"taxonomy":"product_tag","embeddable":true,"href":"https:\/\/newhometr.com\/store\/wp-json\/wp\/v2\/product_tag?post=10677"}],"curies":[{"name":"wp","href":"https:\/\/api.w.org\/{rel}","templated":true}]}}