{"id":10668,"date":"2025-06-30T12:55:03","date_gmt":"2025-06-30T12:55:03","guid":{"rendered":"https:\/\/newhometr.com\/store\/?post_type=product&#038;p=10668"},"modified":"2025-06-30T12:55:05","modified_gmt":"2025-06-30T12:55:05","slug":"dolce-lux-borulu-tepe-dus-seti-s024","status":"publish","type":"product","link":"https:\/\/newhometr.com\/store\/product\/dolce-lux-borulu-tepe-dus-seti-s024\/","title":{"rendered":"Dol\u00e7e L\u00fcx Borulu Tepe Du\u015f Seti S024"},"content":{"rendered":"<p>PAKET \u0130\u00c7ER\u0130\u011e<\/p>\n<ul>\n<li>1\/2 1\/2 150 cm \u00c7ift Kenetli Du\u015f zinciri<\/li>\n<li>1\/2 1\/2 70 cm \u00c7ift Kenetli Ara ba\u011flant\u0131 siprali<\/li>\n<li>Yuvarlak Tepe du\u015f<\/li>\n<li>1.KL Du\u015f Telefonu. (Tepe du\u015f sistemi ile tak\u0131m)<\/li>\n<li>Prin\u00e7ten \u00fcretilmi\u015f, \u00d6zel su y\u00f6nlendiricisi<\/li>\n<li>Krom Kapl\u0131 sabunluk<\/li>\n<li>1.KL Mafsal. (Boru \u00fczerinde a\u015fa\u011f\u0131 yukar\u0131, boy ayar\u0131 yap\u0131labilen \u00e7al\u0131\u015fan mafsal)<\/li>\n<\/ul>\n","protected":false},"excerpt":{"rendered":"<p>PAKET \u0130\u00c7ER\u0130\u011e 1\/2 1\/2 150 cm \u00c7ift Kenetli Du\u015f zinciri 1\/2 1\/2 70 cm \u00c7ift Kenetli Ara ba\u011flant\u0131 siprali Yuvarlak Tepe du\u015f 1.KL Du\u015f Telefonu. (Tepe du\u015f sistemi ile tak\u0131m) Prin\u00e7ten \u00fcretilmi\u015f, \u00d6zel su y\u00f6nlendiricisi Krom Kapl\u0131 sabunluk 1.KL Mafsal. (Boru \u00fczerinde a\u015fa\u011f\u0131 yukar\u0131, boy ayar\u0131 yap\u0131labilen \u00e7al\u0131\u015fan mafsal)<\/p>\n","protected":false},"featured_media":10669,"comment_status":"open","ping_status":"closed","template":"","meta":[],"product_brand":[476],"product_cat":[475,53],"product_tag":[],"class_list":{"0":"post-10668","1":"product","2":"type-product","3":"status-publish","4":"has-post-thumbnail","6":"product_brand-capa","7":"product_cat-faucet","8":"product_cat-plumbing","11":"instock","12":"shipping-taxable","13":"purchasable","14":"product-type-simple"},"_links":{"self":[{"href":"https:\/\/newhometr.com\/store\/wp-json\/wp\/v2\/product\/10668","targetHints":{"allow":["GET"]}}],"collection":[{"href":"https:\/\/newhometr.com\/store\/wp-json\/wp\/v2\/product"}],"about":[{"href":"https:\/\/newhometr.com\/store\/wp-json\/wp\/v2\/types\/product"}],"replies":[{"embeddable":true,"href":"https:\/\/newhometr.com\/store\/wp-json\/wp\/v2\/comments?post=10668"}],"version-history":[{"count":1,"href":"https:\/\/newhometr.com\/store\/wp-json\/wp\/v2\/product\/10668\/revisions"}],"predecessor-version":[{"id":10676,"href":"https:\/\/newhometr.com\/store\/wp-json\/wp\/v2\/product\/10668\/revisions\/10676"}],"wp:featuredmedia":[{"embeddable":true,"href":"https:\/\/newhometr.com\/store\/wp-json\/wp\/v2\/media\/10669"}],"wp:attachment":[{"href":"https:\/\/newhometr.com\/store\/wp-json\/wp\/v2\/media?parent=10668"}],"wp:term":[{"taxonomy":"product_brand","embeddable":true,"href":"https:\/\/newhometr.com\/store\/wp-json\/wp\/v2\/product_brand?post=10668"},{"taxonomy":"product_cat","embeddable":true,"href":"https:\/\/newhometr.com\/store\/wp-json\/wp\/v2\/product_cat?post=10668"},{"taxonomy":"product_tag","embeddable":true,"href":"https:\/\/newhometr.com\/store\/wp-json\/wp\/v2\/product_tag?post=10668"}],"curies":[{"name":"wp","href":"https:\/\/api.w.org\/{rel}","templated":true}]}}