{"id":10659,"date":"2025-06-30T12:44:37","date_gmt":"2025-06-30T12:44:37","guid":{"rendered":"https:\/\/newhometr.com\/store\/?post_type=product&#038;p=10659"},"modified":"2025-06-30T12:44:38","modified_gmt":"2025-06-30T12:44:38","slug":"surgulu-dus-takimi-sabunluklu-0903-s","status":"publish","type":"product","link":"https:\/\/newhometr.com\/store\/product\/surgulu-dus-takimi-sabunluklu-0903-s\/","title":{"rendered":"S\u00fcrg\u00fcl\u00fc Du\u015f Tak\u0131m\u0131 Sabunluklu 0903-S"},"content":{"rendered":"<ul>\n<li>KOD NO : 0903-S<\/li>\n<li>Koli Adedi 10<\/li>\n<li>S\u00fcrg\u00fc Borusu Bak\u0131r (Ayaklar ABS)<\/li>\n<li>Sabunluklu<\/li>\n<li>1\/2 1\/2 150 cm \u00c7ift Kenetli Prin\u00e7 Sipral Zinciri<\/li>\n<li>1\/2 3\/4 PL Adapt\u00f6r<\/li>\n<li>4 Fonksiyonlu Ayarl\u0131 El Du\u015fu (ABS)<\/li>\n<li>%100 Yerli \u00fcretici \u00c7APA musluk taraf\u0131ndan kendi tesislerinde \u00fcretilmi\u015ftir.<\/li>\n<li>5 Y\u0131l Garanti<\/li>\n<li>ISO 9001Kalite Y\u00f6netim sistemi.<\/li>\n<li>MADE IN TURKEY<\/li>\n<\/ul>\n","protected":false},"excerpt":{"rendered":"<p>KOD NO : 0903-S Koli Adedi 10 S\u00fcrg\u00fc Borusu Bak\u0131r (Ayaklar ABS) Sabunluklu 1\/2 1\/2 150 cm \u00c7ift Kenetli Prin\u00e7 Sipral Zinciri 1\/2 3\/4 PL Adapt\u00f6r 4 Fonksiyonlu Ayarl\u0131 El Du\u015fu (ABS) %100 Yerli \u00fcretici \u00c7APA musluk taraf\u0131ndan kendi tesislerinde \u00fcretilmi\u015ftir. 5 Y\u0131l Garanti ISO 9001Kalite Y\u00f6netim sistemi. MADE IN TURKEY<\/p>\n","protected":false},"featured_media":10660,"comment_status":"open","ping_status":"closed","template":"","meta":[],"product_brand":[476],"product_cat":[475,53],"product_tag":[],"class_list":{"0":"post-10659","1":"product","2":"type-product","3":"status-publish","4":"has-post-thumbnail","6":"product_brand-capa","7":"product_cat-faucet","8":"product_cat-plumbing","11":"instock","12":"shipping-taxable","13":"purchasable","14":"product-type-simple"},"_links":{"self":[{"href":"https:\/\/newhometr.com\/store\/wp-json\/wp\/v2\/product\/10659","targetHints":{"allow":["GET"]}}],"collection":[{"href":"https:\/\/newhometr.com\/store\/wp-json\/wp\/v2\/product"}],"about":[{"href":"https:\/\/newhometr.com\/store\/wp-json\/wp\/v2\/types\/product"}],"replies":[{"embeddable":true,"href":"https:\/\/newhometr.com\/store\/wp-json\/wp\/v2\/comments?post=10659"}],"version-history":[{"count":1,"href":"https:\/\/newhometr.com\/store\/wp-json\/wp\/v2\/product\/10659\/revisions"}],"predecessor-version":[{"id":10661,"href":"https:\/\/newhometr.com\/store\/wp-json\/wp\/v2\/product\/10659\/revisions\/10661"}],"wp:featuredmedia":[{"embeddable":true,"href":"https:\/\/newhometr.com\/store\/wp-json\/wp\/v2\/media\/10660"}],"wp:attachment":[{"href":"https:\/\/newhometr.com\/store\/wp-json\/wp\/v2\/media?parent=10659"}],"wp:term":[{"taxonomy":"product_brand","embeddable":true,"href":"https:\/\/newhometr.com\/store\/wp-json\/wp\/v2\/product_brand?post=10659"},{"taxonomy":"product_cat","embeddable":true,"href":"https:\/\/newhometr.com\/store\/wp-json\/wp\/v2\/product_cat?post=10659"},{"taxonomy":"product_tag","embeddable":true,"href":"https:\/\/newhometr.com\/store\/wp-json\/wp\/v2\/product_tag?post=10659"}],"curies":[{"name":"wp","href":"https:\/\/api.w.org\/{rel}","templated":true}]}}