{"id":10653,"date":"2025-06-30T12:15:55","date_gmt":"2025-06-30T12:15:55","guid":{"rendered":"https:\/\/newhometr.com\/store\/?post_type=product&#038;p=10653"},"modified":"2025-06-30T12:15:57","modified_gmt":"2025-06-30T12:15:57","slug":"kule-mix-banyo-batarya-4201","status":"publish","type":"product","link":"https:\/\/newhometr.com\/store\/product\/kule-mix-banyo-batarya-4201\/","title":{"rendered":"Kule Mix Banyo Batarya 4201"},"content":{"rendered":"<ul>\n<li>KOD NO : 4201<\/li>\n<li>Koli Adedi 10<\/li>\n<li>%100 Yerli \u00fcretici \u00c7APA musluk taraf\u0131ndan kendi tesislerinde \u00fcretilmi\u015ftir.<\/li>\n<li>5 Y\u0131l Garanti<\/li>\n<li>ISO 9001 Kalite Y\u00f6netim sistemi.<\/li>\n<li>MADE IN TURKEY<\/li>\n<\/ul>\n","protected":false},"excerpt":{"rendered":"<p>KOD NO : 4201 Koli Adedi 10 %100 Yerli \u00fcretici \u00c7APA musluk taraf\u0131ndan kendi tesislerinde \u00fcretilmi\u015ftir. 5 Y\u0131l Garanti ISO 9001 Kalite Y\u00f6netim sistemi. MADE IN TURKEY<\/p>\n","protected":false},"featured_media":10654,"comment_status":"open","ping_status":"closed","template":"","meta":[],"product_brand":[476],"product_cat":[475,53],"product_tag":[],"class_list":{"0":"post-10653","1":"product","2":"type-product","3":"status-publish","4":"has-post-thumbnail","6":"product_brand-capa","7":"product_cat-faucet","8":"product_cat-plumbing","11":"instock","12":"shipping-taxable","13":"purchasable","14":"product-type-simple"},"_links":{"self":[{"href":"https:\/\/newhometr.com\/store\/wp-json\/wp\/v2\/product\/10653","targetHints":{"allow":["GET"]}}],"collection":[{"href":"https:\/\/newhometr.com\/store\/wp-json\/wp\/v2\/product"}],"about":[{"href":"https:\/\/newhometr.com\/store\/wp-json\/wp\/v2\/types\/product"}],"replies":[{"embeddable":true,"href":"https:\/\/newhometr.com\/store\/wp-json\/wp\/v2\/comments?post=10653"}],"version-history":[{"count":1,"href":"https:\/\/newhometr.com\/store\/wp-json\/wp\/v2\/product\/10653\/revisions"}],"predecessor-version":[{"id":10655,"href":"https:\/\/newhometr.com\/store\/wp-json\/wp\/v2\/product\/10653\/revisions\/10655"}],"wp:featuredmedia":[{"embeddable":true,"href":"https:\/\/newhometr.com\/store\/wp-json\/wp\/v2\/media\/10654"}],"wp:attachment":[{"href":"https:\/\/newhometr.com\/store\/wp-json\/wp\/v2\/media?parent=10653"}],"wp:term":[{"taxonomy":"product_brand","embeddable":true,"href":"https:\/\/newhometr.com\/store\/wp-json\/wp\/v2\/product_brand?post=10653"},{"taxonomy":"product_cat","embeddable":true,"href":"https:\/\/newhometr.com\/store\/wp-json\/wp\/v2\/product_cat?post=10653"},{"taxonomy":"product_tag","embeddable":true,"href":"https:\/\/newhometr.com\/store\/wp-json\/wp\/v2\/product_tag?post=10653"}],"curies":[{"name":"wp","href":"https:\/\/api.w.org\/{rel}","templated":true}]}}