{"id":10638,"date":"2025-06-29T17:56:40","date_gmt":"2025-06-29T17:56:40","guid":{"rendered":"https:\/\/newhometr.com\/store\/?post_type=product&#038;p=10638"},"modified":"2025-06-29T17:56:43","modified_gmt":"2025-06-29T17:56:43","slug":"grohe-vitalio-start-110-2-fonksiyonlu-surgulu-dus-seti","status":"publish","type":"product","link":"https:\/\/newhometr.com\/store\/product\/grohe-vitalio-start-110-2-fonksiyonlu-surgulu-dus-seti\/","title":{"rendered":"Grohe Vitalio Start 110 2 Fonksiyonlu S\u00fcrg\u00fcl\u00fc Du\u015f Seti"},"content":{"rendered":"<p>\u2022 Grohe fastfixation (ayarlanabilir \u00fcst ba\u011flant\u0131 noktas\u0131 ile kolay montaj)<br \/>\n\u2022 Grohe water saving daha az su t\u00fcketimi ve m\u00fckemmel ak\u0131\u015f teknolojisi<br \/>\n\u2022 Grohe long-life kaplama<br \/>\n\u2022 Shockproof \u00f6zelli\u011fi el du\u015funun d\u00fc\u015fmesinden kaynakl\u0131 hasarlara kar\u015f\u0131 koruma sa\u011flayan silikon halka<\/p>\n","protected":false},"excerpt":{"rendered":"<p>\u2022 Grohe fastfixation (ayarlanabilir \u00fcst ba\u011flant\u0131 noktas\u0131 ile kolay montaj) \u2022 Grohe water saving daha az su t\u00fcketimi ve m\u00fckemmel ak\u0131\u015f teknolojisi \u2022 Grohe long-life kaplama \u2022 Shockproof \u00f6zelli\u011fi el du\u015funun d\u00fc\u015fmesinden kaynakl\u0131 hasarlara kar\u015f\u0131 koruma sa\u011flayan silikon halka<\/p>\n","protected":false},"featured_media":10639,"comment_status":"open","ping_status":"closed","template":"","meta":[],"product_brand":[],"product_cat":[475,53],"product_tag":[],"class_list":{"0":"post-10638","1":"product","2":"type-product","3":"status-publish","4":"has-post-thumbnail","6":"product_cat-faucet","7":"product_cat-plumbing","10":"instock","11":"shipping-taxable","12":"purchasable","13":"product-type-simple"},"_links":{"self":[{"href":"https:\/\/newhometr.com\/store\/wp-json\/wp\/v2\/product\/10638","targetHints":{"allow":["GET"]}}],"collection":[{"href":"https:\/\/newhometr.com\/store\/wp-json\/wp\/v2\/product"}],"about":[{"href":"https:\/\/newhometr.com\/store\/wp-json\/wp\/v2\/types\/product"}],"replies":[{"embeddable":true,"href":"https:\/\/newhometr.com\/store\/wp-json\/wp\/v2\/comments?post=10638"}],"version-history":[{"count":1,"href":"https:\/\/newhometr.com\/store\/wp-json\/wp\/v2\/product\/10638\/revisions"}],"predecessor-version":[{"id":10644,"href":"https:\/\/newhometr.com\/store\/wp-json\/wp\/v2\/product\/10638\/revisions\/10644"}],"wp:featuredmedia":[{"embeddable":true,"href":"https:\/\/newhometr.com\/store\/wp-json\/wp\/v2\/media\/10639"}],"wp:attachment":[{"href":"https:\/\/newhometr.com\/store\/wp-json\/wp\/v2\/media?parent=10638"}],"wp:term":[{"taxonomy":"product_brand","embeddable":true,"href":"https:\/\/newhometr.com\/store\/wp-json\/wp\/v2\/product_brand?post=10638"},{"taxonomy":"product_cat","embeddable":true,"href":"https:\/\/newhometr.com\/store\/wp-json\/wp\/v2\/product_cat?post=10638"},{"taxonomy":"product_tag","embeddable":true,"href":"https:\/\/newhometr.com\/store\/wp-json\/wp\/v2\/product_tag?post=10638"}],"curies":[{"name":"wp","href":"https:\/\/api.w.org\/{rel}","templated":true}]}}