{"id":10628,"date":"2025-06-29T17:50:44","date_gmt":"2025-06-29T17:50:44","guid":{"rendered":"https:\/\/newhometr.com\/store\/?post_type=product&#038;p=10628"},"modified":"2025-06-29T17:50:46","modified_gmt":"2025-06-29T17:50:46","slug":"grohe-vitalio-comfort-250-kare-dus-sistemi","status":"publish","type":"product","link":"https:\/\/newhometr.com\/store\/product\/grohe-vitalio-comfort-250-kare-dus-sistemi\/","title":{"rendered":"Grohe Vitalio Comfort 250 Kare Du\u015f Sistemi"},"content":{"rendered":"<ul>\n<li>GROHE Vitalio Comfort 250 Flex du\u015f sistemi, m\u00fckemmel du\u015f deneyimi i\u00e7in g\u00fcvenlik, s\u00fcrd\u00fcr\u00fclebilirlik, tarz ve modern \u00f6zellikler sunar.<\/li>\n<li>Vitalio Comfort 250 el du\u015fu ile su tasarrufu hi\u00e7 bu kadar kolay olmam\u0131\u015ft\u0131. Vitalio el du\u015fu, enerji verimlili\u011fi ve en y\u00fcksek kalitede kolay kullan\u0131m aras\u0131nda m\u00fckemmel bir dengedir.<\/li>\n<li>GROHE SpeedClean silikon ba\u015fl\u0131klar ile donat\u0131lm\u0131\u015ft\u0131r &#8211; Kire\u00e7 birikintilerini ve kirleri parmak silerek temizler<\/li>\n<\/ul>\n<p>\u2022 Ya\u011fmurlama ve jet ak\u0131\u015f sa\u011flayan \u00e7ift fonksiyonlu du\u015f ba\u015fl\u0131\u011f\u0131 mevcuttur.<br \/>\n\u2022 GROHE EcoJoy \u00f6zelli\u011fi ile, alabilece\u011finiz t\u00fcm konforu sunarken su t\u00fcketiminizi %40&#8217;a kadar azalt\u0131r.<br \/>\n\u2022 Hortum, Twistfree teknolojisi ile b\u00fck\u00fclmeye kar\u015f\u0131 dayan\u0131kl\u0131, esnek, temizlemesi kolay ve b\u00fck\u00fclme \u00f6nleyici korumal\u0131d\u0131r.<br \/>\n\u2022 390 mm du\u015f dirse\u011fi, a\u00e7\u0131 montaj \u00f6ncesinde ayarlanabilir.<\/p>\n<p>\u2022 Hortum Uzunlu\u011fu: 1500 mm<br \/>\n\u2022 El Du\u015fu \u00c7ap\u0131: 110 mm<br \/>\n\u2022 Tepe Du\u015fu \u00c7ap\u0131: 250 mm<br \/>\n\u2022 \u00dcr\u00fcn \u00d6l\u00e7\u00fcleri: 25x41x125 cm<br \/>\n\u2022 El Du\u015fu Fonksiyonlar\u0131: Ya\u011fmurlama, Jet<\/p>\n","protected":false},"excerpt":{"rendered":"<p>GROHE Vitalio Comfort 250 Flex du\u015f sistemi, m\u00fckemmel du\u015f deneyimi i\u00e7in g\u00fcvenlik, s\u00fcrd\u00fcr\u00fclebilirlik, tarz ve modern \u00f6zellikler sunar. Vitalio Comfort 250 el du\u015fu ile su tasarrufu hi\u00e7 bu kadar kolay olmam\u0131\u015ft\u0131. Vitalio el du\u015fu, enerji verimlili\u011fi ve en y\u00fcksek kalitede kolay kullan\u0131m aras\u0131nda m\u00fckemmel bir dengedir. GROHE SpeedClean silikon ba\u015fl\u0131klar ile donat\u0131lm\u0131\u015ft\u0131r &#8211; Kire\u00e7 birikintilerini &hellip; <a href=\"https:\/\/newhometr.com\/store\/product\/grohe-vitalio-comfort-250-kare-dus-sistemi\/\" class=\"more-link\">Continue reading <span class=\"screen-reader-text\">Grohe Vitalio Comfort 250 Kare Du\u015f Sistemi<\/span><\/a><\/p>\n","protected":false},"featured_media":10629,"comment_status":"open","ping_status":"closed","template":"","meta":[],"product_brand":[],"product_cat":[475,53],"product_tag":[],"class_list":{"0":"post-10628","1":"product","2":"type-product","3":"status-publish","4":"has-post-thumbnail","6":"product_cat-faucet","7":"product_cat-plumbing","10":"instock","11":"shipping-taxable","12":"purchasable","13":"product-type-simple"},"_links":{"self":[{"href":"https:\/\/newhometr.com\/store\/wp-json\/wp\/v2\/product\/10628","targetHints":{"allow":["GET"]}}],"collection":[{"href":"https:\/\/newhometr.com\/store\/wp-json\/wp\/v2\/product"}],"about":[{"href":"https:\/\/newhometr.com\/store\/wp-json\/wp\/v2\/types\/product"}],"replies":[{"embeddable":true,"href":"https:\/\/newhometr.com\/store\/wp-json\/wp\/v2\/comments?post=10628"}],"version-history":[{"count":2,"href":"https:\/\/newhometr.com\/store\/wp-json\/wp\/v2\/product\/10628\/revisions"}],"predecessor-version":[{"id":10635,"href":"https:\/\/newhometr.com\/store\/wp-json\/wp\/v2\/product\/10628\/revisions\/10635"}],"wp:featuredmedia":[{"embeddable":true,"href":"https:\/\/newhometr.com\/store\/wp-json\/wp\/v2\/media\/10629"}],"wp:attachment":[{"href":"https:\/\/newhometr.com\/store\/wp-json\/wp\/v2\/media?parent=10628"}],"wp:term":[{"taxonomy":"product_brand","embeddable":true,"href":"https:\/\/newhometr.com\/store\/wp-json\/wp\/v2\/product_brand?post=10628"},{"taxonomy":"product_cat","embeddable":true,"href":"https:\/\/newhometr.com\/store\/wp-json\/wp\/v2\/product_cat?post=10628"},{"taxonomy":"product_tag","embeddable":true,"href":"https:\/\/newhometr.com\/store\/wp-json\/wp\/v2\/product_tag?post=10628"}],"curies":[{"name":"wp","href":"https:\/\/api.w.org\/{rel}","templated":true}]}}