{"id":10621,"date":"2025-06-29T17:45:50","date_gmt":"2025-06-29T17:45:50","guid":{"rendered":"https:\/\/newhometr.com\/store\/?post_type=product&#038;p=10621"},"modified":"2025-06-29T17:52:24","modified_gmt":"2025-06-29T17:52:24","slug":"grohe-swift-banyo-bataryasi","status":"publish","type":"product","link":"https:\/\/newhometr.com\/store\/product\/grohe-swift-banyo-bataryasi\/","title":{"rendered":"Grohe Swift Banyo Bataryas\u0131"},"content":{"rendered":"<p>Banyonuza GROHE Swift banyo bataryas\u0131 ile fark kat\u0131n; \u015f\u0131k ve son derece pratik bir musluk<\/p>\n<p>Yeni bir g\u00f6r\u00fcn\u00fcme ve en son \u00f6zelliklere sahip olan GROHE Swift koleksiyonu, modern banyolar\u0131n gereksinimlerini kar\u015f\u0131lamak i\u00e7in tasarlanm\u0131\u015f olup, konfor, kalite ve tarz sunar. Bu tek kollar\u0131 banyo bataryas\u0131, duvara montelenebilir \u015fekilde tasarlanm\u0131\u015f olup, dokunsal kullan\u0131m i\u00e7in sa\u011flam metal bir kol ile donat\u0131lm\u0131\u015ft\u0131r. GROHE Long-Life seramik kartu\u015fu, y\u0131llar boyu hassas su debisi ve s\u0131cakl\u0131k kontrol\u00fc sa\u011flar. Ayarlanabilir ak\u0131\u015f s\u0131n\u0131rlay\u0131c\u0131, su t\u00fcketimini azalt\u0131rken, s\u0131cakl\u0131k s\u0131n\u0131rlay\u0131c\u0131 enerji tasarrufu sa\u011flar. Kullan\u0131\u015fl\u0131 otomatik divar\u00f6rden, banyo giri\u015finden el du\u015funa ge\u00e7i\u015fi \u00e7ok kolay hale getirir. \u0130stedi\u011finiz GROHE el du\u015funu ekleyin; sa\u00e7\u0131n\u0131z\u0131 k\u00fcvette y\u0131kamak aniden l\u00fcks bir keyfe d\u00f6n\u00fc\u015f\u00fcr. Du\u015f \u00e7\u0131k\u0131\u015f\u0131ndaki entegre geri d\u00f6n\u00fc\u015f valfi, at\u0131k suyun su kayna\u011f\u0131na geri ak\u0131\u015f\u0131n\u0131 engeller. Ve GROHE Long-Life kaplamas\u0131 sayesinde, banyo bataryas\u0131 bir \u00f6m\u00fcr boyu ilk g\u00fcnk\u00fc gibi g\u00f6r\u00fcnmeye devam eder. Montaj olduk\u00e7a basittir: GROHE QuickSpanner sayesinde batarya, ba\u015fka bir araca gerek kalmadan monte edilebilir.<br \/>\n\u00dcr\u00fcn \u00d6zellikleri<\/p>\n<ul>\n<li>Duvara montelenebilir<\/li>\n<li>Metal kol<\/li>\n<li>GROHE Long-Life 35 mm seramik kartu\u015f<\/li>\n<li>S\u0131cakl\u0131k s\u0131n\u0131rlay\u0131c\u0131 ile<\/li>\n<li>GROHE Long-Life kaplama<\/li>\n<li>Ayarlanabilir ak\u0131\u015f s\u0131n\u0131rlay\u0131c\u0131<\/li>\n<li>Otomatik divarer: banyo\/du\u015f<\/li>\n<li>Mousseur&#8217;lu musluk<\/li>\n<li>Entegre geri d\u00f6n\u00fc\u015f valfli 1\/2&#8243; du\u015f alt \u00e7\u0131k\u0131\u015f\u0131<\/li>\n<li>Geri ak\u0131\u015fa kar\u015f\u0131 korunmu\u015f<\/li>\n<li>S-ba\u011flant\u0131lar<\/li>\n<li>QuickSpanner dahil<\/li>\n<\/ul>\n<p>&#8211; Grohe long-life 35 mm seramik kartu\u015f<br \/>\n&#8211; Grohe long-life kaplama<br \/>\n&#8211; Y\u00f6n de\u011fi\u015ftirici: banyo\/du\u015f<br \/>\n&#8211; Perlat\u00f6rl\u00fc \u00e7\u0131k\u0131\u015f ucu<\/p>\n","protected":false},"excerpt":{"rendered":"<p>Banyonuza GROHE Swift banyo bataryas\u0131 ile fark kat\u0131n; \u015f\u0131k ve son derece pratik bir musluk Yeni bir g\u00f6r\u00fcn\u00fcme ve en son \u00f6zelliklere sahip olan GROHE Swift koleksiyonu, modern banyolar\u0131n gereksinimlerini kar\u015f\u0131lamak i\u00e7in tasarlanm\u0131\u015f olup, konfor, kalite ve tarz sunar. Bu tek kollar\u0131 banyo bataryas\u0131, duvara montelenebilir \u015fekilde tasarlanm\u0131\u015f olup, dokunsal kullan\u0131m i\u00e7in sa\u011flam metal bir &hellip; <a href=\"https:\/\/newhometr.com\/store\/product\/grohe-swift-banyo-bataryasi\/\" class=\"more-link\">Continue reading <span class=\"screen-reader-text\">Grohe Swift Banyo Bataryas\u0131<\/span><\/a><\/p>\n","protected":false},"featured_media":10622,"comment_status":"open","ping_status":"closed","template":"","meta":[],"product_brand":[],"product_cat":[475,53],"product_tag":[],"class_list":{"0":"post-10621","1":"product","2":"type-product","3":"status-publish","4":"has-post-thumbnail","6":"product_cat-faucet","7":"product_cat-plumbing","10":"instock","11":"shipping-taxable","12":"purchasable","13":"product-type-simple"},"_links":{"self":[{"href":"https:\/\/newhometr.com\/store\/wp-json\/wp\/v2\/product\/10621","targetHints":{"allow":["GET"]}}],"collection":[{"href":"https:\/\/newhometr.com\/store\/wp-json\/wp\/v2\/product"}],"about":[{"href":"https:\/\/newhometr.com\/store\/wp-json\/wp\/v2\/types\/product"}],"replies":[{"embeddable":true,"href":"https:\/\/newhometr.com\/store\/wp-json\/wp\/v2\/comments?post=10621"}],"version-history":[{"count":3,"href":"https:\/\/newhometr.com\/store\/wp-json\/wp\/v2\/product\/10621\/revisions"}],"predecessor-version":[{"id":10637,"href":"https:\/\/newhometr.com\/store\/wp-json\/wp\/v2\/product\/10621\/revisions\/10637"}],"wp:featuredmedia":[{"embeddable":true,"href":"https:\/\/newhometr.com\/store\/wp-json\/wp\/v2\/media\/10622"}],"wp:attachment":[{"href":"https:\/\/newhometr.com\/store\/wp-json\/wp\/v2\/media?parent=10621"}],"wp:term":[{"taxonomy":"product_brand","embeddable":true,"href":"https:\/\/newhometr.com\/store\/wp-json\/wp\/v2\/product_brand?post=10621"},{"taxonomy":"product_cat","embeddable":true,"href":"https:\/\/newhometr.com\/store\/wp-json\/wp\/v2\/product_cat?post=10621"},{"taxonomy":"product_tag","embeddable":true,"href":"https:\/\/newhometr.com\/store\/wp-json\/wp\/v2\/product_tag?post=10621"}],"curies":[{"name":"wp","href":"https:\/\/api.w.org\/{rel}","templated":true}]}}