{"id":10614,"date":"2025-06-29T17:41:12","date_gmt":"2025-06-29T17:41:12","guid":{"rendered":"https:\/\/newhometr.com\/store\/?post_type=product&#038;p=10614"},"modified":"2025-06-29T17:41:14","modified_gmt":"2025-06-29T17:41:14","slug":"grohe-vitalio-trigger-spray-seti","status":"publish","type":"product","link":"https:\/\/newhometr.com\/store\/product\/grohe-vitalio-trigger-spray-seti\/","title":{"rendered":"Grohe Vitalio Trigger Spray Seti"},"content":{"rendered":"<p>\u2022 Du\u015f Seti<br \/>\n\u2022 Tempesta-F Taharet Sprey Seti<br \/>\n\u2022 Tetik kontroll\u00fc kontroll\u00fc el du\u015fu (27 512 001)<br \/>\n\u2022 Duvar du\u015fu tutucusu (28 605)<br \/>\n\u2022 Silverflex Longlife du\u015f hortumu 1250 mm (26 335)<br \/>\n\u2022 GROHE StarLight krom kaplama<br \/>\n\u2022 SpeedClean kire\u00e7 \u00f6nleyici sistem<br \/>\n\u2022 \u0130\u00e7 WaterGuide<br \/>\n\u2022 Twistfree ile dolanmaz hortum<br \/>\n\u2022 Min. \u00f6nerilen bas\u0131n\u00e7 1,0 bar<\/p>\n","protected":false},"excerpt":{"rendered":"<p>\u2022 Du\u015f Seti \u2022 Tempesta-F Taharet Sprey Seti \u2022 Tetik kontroll\u00fc kontroll\u00fc el du\u015fu (27 512 001) \u2022 Duvar du\u015fu tutucusu (28 605) \u2022 Silverflex Longlife du\u015f hortumu 1250 mm (26 335) \u2022 GROHE StarLight krom kaplama \u2022 SpeedClean kire\u00e7 \u00f6nleyici sistem \u2022 \u0130\u00e7 WaterGuide \u2022 Twistfree ile dolanmaz hortum \u2022 Min. \u00f6nerilen bas\u0131n\u00e7 1,0 &hellip; <a href=\"https:\/\/newhometr.com\/store\/product\/grohe-vitalio-trigger-spray-seti\/\" class=\"more-link\">Continue reading <span class=\"screen-reader-text\">Grohe Vitalio Trigger Spray Seti<\/span><\/a><\/p>\n","protected":false},"featured_media":10615,"comment_status":"open","ping_status":"closed","template":"","meta":[],"product_brand":[],"product_cat":[475,53],"product_tag":[],"class_list":{"0":"post-10614","1":"product","2":"type-product","3":"status-publish","4":"has-post-thumbnail","6":"product_cat-faucet","7":"product_cat-plumbing","10":"instock","11":"shipping-taxable","12":"purchasable","13":"product-type-simple"},"_links":{"self":[{"href":"https:\/\/newhometr.com\/store\/wp-json\/wp\/v2\/product\/10614","targetHints":{"allow":["GET"]}}],"collection":[{"href":"https:\/\/newhometr.com\/store\/wp-json\/wp\/v2\/product"}],"about":[{"href":"https:\/\/newhometr.com\/store\/wp-json\/wp\/v2\/types\/product"}],"replies":[{"embeddable":true,"href":"https:\/\/newhometr.com\/store\/wp-json\/wp\/v2\/comments?post=10614"}],"version-history":[{"count":1,"href":"https:\/\/newhometr.com\/store\/wp-json\/wp\/v2\/product\/10614\/revisions"}],"predecessor-version":[{"id":10620,"href":"https:\/\/newhometr.com\/store\/wp-json\/wp\/v2\/product\/10614\/revisions\/10620"}],"wp:featuredmedia":[{"embeddable":true,"href":"https:\/\/newhometr.com\/store\/wp-json\/wp\/v2\/media\/10615"}],"wp:attachment":[{"href":"https:\/\/newhometr.com\/store\/wp-json\/wp\/v2\/media?parent=10614"}],"wp:term":[{"taxonomy":"product_brand","embeddable":true,"href":"https:\/\/newhometr.com\/store\/wp-json\/wp\/v2\/product_brand?post=10614"},{"taxonomy":"product_cat","embeddable":true,"href":"https:\/\/newhometr.com\/store\/wp-json\/wp\/v2\/product_cat?post=10614"},{"taxonomy":"product_tag","embeddable":true,"href":"https:\/\/newhometr.com\/store\/wp-json\/wp\/v2\/product_tag?post=10614"}],"curies":[{"name":"wp","href":"https:\/\/api.w.org\/{rel}","templated":true}]}}