{"id":10611,"date":"2025-06-29T17:37:53","date_gmt":"2025-06-29T17:37:53","guid":{"rendered":"https:\/\/newhometr.com\/store\/?post_type=product&#038;p=10611"},"modified":"2025-06-29T17:37:54","modified_gmt":"2025-06-29T17:37:54","slug":"grohe-get-ankastre-seti","status":"publish","type":"product","link":"https:\/\/newhometr.com\/store\/product\/grohe-get-ankastre-seti\/","title":{"rendered":"Grohe Get Ankastre Seti"},"content":{"rendered":"<p>\u2022 Ankastre Seti<br \/>\n\u2022 Grohe Ankastre \u0130\u00e7 G\u00f6vde<br \/>\n\u2022 Grohe D\u0131\u015f g\u00f6vde kumanda kolu<br \/>\n\u2022 Duvardan \u00e7\u0131k\u0131\u015fl\u0131 du\u015f \u00e7\u0131k\u0131\u015f dirse\u011fi ve tepe du\u015fu<br \/>\n\u2022 El du\u015fu, duvardan \u00e7\u0131k\u0131\u015fl\u0131 el du\u015fu ask\u0131s\u0131 ve spiral hortum<\/p>\n","protected":false},"excerpt":{"rendered":"<p>\u2022 Ankastre Seti \u2022 Grohe Ankastre \u0130\u00e7 G\u00f6vde \u2022 Grohe D\u0131\u015f g\u00f6vde kumanda kolu \u2022 Duvardan \u00e7\u0131k\u0131\u015fl\u0131 du\u015f \u00e7\u0131k\u0131\u015f dirse\u011fi ve tepe du\u015fu \u2022 El du\u015fu, duvardan \u00e7\u0131k\u0131\u015fl\u0131 el du\u015fu ask\u0131s\u0131 ve spiral hortum<\/p>\n","protected":false},"featured_media":10612,"comment_status":"open","ping_status":"closed","template":"","meta":[],"product_brand":[],"product_cat":[475,53],"product_tag":[],"class_list":{"0":"post-10611","1":"product","2":"type-product","3":"status-publish","4":"has-post-thumbnail","6":"product_cat-faucet","7":"product_cat-plumbing","10":"instock","11":"shipping-taxable","12":"purchasable","13":"product-type-simple"},"_links":{"self":[{"href":"https:\/\/newhometr.com\/store\/wp-json\/wp\/v2\/product\/10611","targetHints":{"allow":["GET"]}}],"collection":[{"href":"https:\/\/newhometr.com\/store\/wp-json\/wp\/v2\/product"}],"about":[{"href":"https:\/\/newhometr.com\/store\/wp-json\/wp\/v2\/types\/product"}],"replies":[{"embeddable":true,"href":"https:\/\/newhometr.com\/store\/wp-json\/wp\/v2\/comments?post=10611"}],"version-history":[{"count":1,"href":"https:\/\/newhometr.com\/store\/wp-json\/wp\/v2\/product\/10611\/revisions"}],"predecessor-version":[{"id":10613,"href":"https:\/\/newhometr.com\/store\/wp-json\/wp\/v2\/product\/10611\/revisions\/10613"}],"wp:featuredmedia":[{"embeddable":true,"href":"https:\/\/newhometr.com\/store\/wp-json\/wp\/v2\/media\/10612"}],"wp:attachment":[{"href":"https:\/\/newhometr.com\/store\/wp-json\/wp\/v2\/media?parent=10611"}],"wp:term":[{"taxonomy":"product_brand","embeddable":true,"href":"https:\/\/newhometr.com\/store\/wp-json\/wp\/v2\/product_brand?post=10611"},{"taxonomy":"product_cat","embeddable":true,"href":"https:\/\/newhometr.com\/store\/wp-json\/wp\/v2\/product_cat?post=10611"},{"taxonomy":"product_tag","embeddable":true,"href":"https:\/\/newhometr.com\/store\/wp-json\/wp\/v2\/product_tag?post=10611"}],"curies":[{"name":"wp","href":"https:\/\/api.w.org\/{rel}","templated":true}]}}