{"id":10604,"date":"2025-06-29T17:34:31","date_gmt":"2025-06-29T17:34:31","guid":{"rendered":"https:\/\/newhometr.com\/store\/?post_type=product&#038;p=10604"},"modified":"2025-06-29T17:34:36","modified_gmt":"2025-06-29T17:34:36","slug":"grohe-silverflex-spiral-dus-hortumu-150-cm","status":"publish","type":"product","link":"https:\/\/newhometr.com\/store\/product\/grohe-silverflex-spiral-dus-hortumu-150-cm\/","title":{"rendered":"Grohe Silverflex Spiral Du\u015f Hortumu 150 cm"},"content":{"rendered":"<p>\u2022 Grohe Silverflex du\u015f hortumu ile dayan\u0131kl\u0131 ve \u015f\u0131k du\u015f deneyimini uzun s\u00fcre boyunca ya\u015fay\u0131n.<br \/>\n\u2022 Grohe, StarLight\u00ae teknolojisi ile uzun \u00f6m\u00fcrl\u00fc bir kaplama sunar. Kusursuz, uzun \u00f6m\u00fcrl\u00fc y\u00fczey, kir ve \u00e7izilmelere kar\u015f\u0131 son derece dayan\u0131kl\u0131 olacak \u015fekilde tasarlanm\u0131\u015ft\u0131r.<br \/>\n\u2022 Dolanma \u00f6nleyici Twistfree sistemi mevcuttur.<br \/>\n\u2022 \u00dcr\u00fcn \u00d6l\u00e7\u00fcs\u00fc: 150 cm<br \/>\n\u2022 5 bar ve 70\u00b0C diren\u00e7lidir.<br \/>\n\u2022 \u00dcniversal Ba\u011flant\u0131 U\u00e7lar\u0131: G 1\/2 &#8220;x 1\/2&#8221;<br \/>\n\u2022 Blister ambalaj<\/p>\n","protected":false},"excerpt":{"rendered":"<p>\u2022 Grohe Silverflex du\u015f hortumu ile dayan\u0131kl\u0131 ve \u015f\u0131k du\u015f deneyimini uzun s\u00fcre boyunca ya\u015fay\u0131n. \u2022 Grohe, StarLight\u00ae teknolojisi ile uzun \u00f6m\u00fcrl\u00fc bir kaplama sunar. Kusursuz, uzun \u00f6m\u00fcrl\u00fc y\u00fczey, kir ve \u00e7izilmelere kar\u015f\u0131 son derece dayan\u0131kl\u0131 olacak \u015fekilde tasarlanm\u0131\u015ft\u0131r. \u2022 Dolanma \u00f6nleyici Twistfree sistemi mevcuttur. \u2022 \u00dcr\u00fcn \u00d6l\u00e7\u00fcs\u00fc: 150 cm \u2022 5 bar ve 70\u00b0C &hellip; <a href=\"https:\/\/newhometr.com\/store\/product\/grohe-silverflex-spiral-dus-hortumu-150-cm\/\" class=\"more-link\">Continue reading <span class=\"screen-reader-text\">Grohe Silverflex Spiral Du\u015f Hortumu 150 cm<\/span><\/a><\/p>\n","protected":false},"featured_media":10605,"comment_status":"open","ping_status":"closed","template":"","meta":[],"product_brand":[],"product_cat":[475,53],"product_tag":[],"class_list":{"0":"post-10604","1":"product","2":"type-product","3":"status-publish","4":"has-post-thumbnail","6":"product_cat-faucet","7":"product_cat-plumbing","10":"instock","11":"shipping-taxable","12":"purchasable","13":"product-type-simple"},"_links":{"self":[{"href":"https:\/\/newhometr.com\/store\/wp-json\/wp\/v2\/product\/10604","targetHints":{"allow":["GET"]}}],"collection":[{"href":"https:\/\/newhometr.com\/store\/wp-json\/wp\/v2\/product"}],"about":[{"href":"https:\/\/newhometr.com\/store\/wp-json\/wp\/v2\/types\/product"}],"replies":[{"embeddable":true,"href":"https:\/\/newhometr.com\/store\/wp-json\/wp\/v2\/comments?post=10604"}],"version-history":[{"count":1,"href":"https:\/\/newhometr.com\/store\/wp-json\/wp\/v2\/product\/10604\/revisions"}],"predecessor-version":[{"id":10610,"href":"https:\/\/newhometr.com\/store\/wp-json\/wp\/v2\/product\/10604\/revisions\/10610"}],"wp:featuredmedia":[{"embeddable":true,"href":"https:\/\/newhometr.com\/store\/wp-json\/wp\/v2\/media\/10605"}],"wp:attachment":[{"href":"https:\/\/newhometr.com\/store\/wp-json\/wp\/v2\/media?parent=10604"}],"wp:term":[{"taxonomy":"product_brand","embeddable":true,"href":"https:\/\/newhometr.com\/store\/wp-json\/wp\/v2\/product_brand?post=10604"},{"taxonomy":"product_cat","embeddable":true,"href":"https:\/\/newhometr.com\/store\/wp-json\/wp\/v2\/product_cat?post=10604"},{"taxonomy":"product_tag","embeddable":true,"href":"https:\/\/newhometr.com\/store\/wp-json\/wp\/v2\/product_tag?post=10604"}],"curies":[{"name":"wp","href":"https:\/\/api.w.org\/{rel}","templated":true}]}}