{"id":10594,"date":"2025-06-29T17:27:08","date_gmt":"2025-06-29T17:27:08","guid":{"rendered":"https:\/\/newhometr.com\/store\/?post_type=product&#038;p=10594"},"modified":"2025-06-29T17:27:09","modified_gmt":"2025-06-29T17:27:09","slug":"eca-ar-nario-eviye-bataryasi","status":"publish","type":"product","link":"https:\/\/newhometr.com\/store\/product\/eca-ar-nario-eviye-bataryasi\/","title":{"rendered":"ECA Ar Nario Eviye Bataryas\u0131"},"content":{"rendered":"<p>\u2022 Eviye Bataryas\u0131<br \/>\n\u2022 \u00c7\u0131k\u0131\u015f ucu uzunlu\u011fu 191 mm.dir.<br \/>\n\u2022 \u00c7\u0131k\u0131\u015f ucu y\u00fcksekli\u011fi 191 mm.dir.<\/p>\n","protected":false},"excerpt":{"rendered":"<p>\u2022 Eviye Bataryas\u0131 \u2022 \u00c7\u0131k\u0131\u015f ucu uzunlu\u011fu 191 mm.dir. \u2022 \u00c7\u0131k\u0131\u015f ucu y\u00fcksekli\u011fi 191 mm.dir.<\/p>\n","protected":false},"featured_media":10595,"comment_status":"open","ping_status":"closed","template":"","meta":[],"product_brand":[],"product_cat":[475,53],"product_tag":[],"class_list":{"0":"post-10594","1":"product","2":"type-product","3":"status-publish","4":"has-post-thumbnail","6":"product_cat-faucet","7":"product_cat-plumbing","10":"instock","11":"shipping-taxable","12":"purchasable","13":"product-type-simple"},"_links":{"self":[{"href":"https:\/\/newhometr.com\/store\/wp-json\/wp\/v2\/product\/10594","targetHints":{"allow":["GET"]}}],"collection":[{"href":"https:\/\/newhometr.com\/store\/wp-json\/wp\/v2\/product"}],"about":[{"href":"https:\/\/newhometr.com\/store\/wp-json\/wp\/v2\/types\/product"}],"replies":[{"embeddable":true,"href":"https:\/\/newhometr.com\/store\/wp-json\/wp\/v2\/comments?post=10594"}],"version-history":[{"count":1,"href":"https:\/\/newhometr.com\/store\/wp-json\/wp\/v2\/product\/10594\/revisions"}],"predecessor-version":[{"id":10596,"href":"https:\/\/newhometr.com\/store\/wp-json\/wp\/v2\/product\/10594\/revisions\/10596"}],"wp:featuredmedia":[{"embeddable":true,"href":"https:\/\/newhometr.com\/store\/wp-json\/wp\/v2\/media\/10595"}],"wp:attachment":[{"href":"https:\/\/newhometr.com\/store\/wp-json\/wp\/v2\/media?parent=10594"}],"wp:term":[{"taxonomy":"product_brand","embeddable":true,"href":"https:\/\/newhometr.com\/store\/wp-json\/wp\/v2\/product_brand?post=10594"},{"taxonomy":"product_cat","embeddable":true,"href":"https:\/\/newhometr.com\/store\/wp-json\/wp\/v2\/product_cat?post=10594"},{"taxonomy":"product_tag","embeddable":true,"href":"https:\/\/newhometr.com\/store\/wp-json\/wp\/v2\/product_tag?post=10594"}],"curies":[{"name":"wp","href":"https:\/\/api.w.org\/{rel}","templated":true}]}}