{"id":10591,"date":"2025-06-29T17:25:08","date_gmt":"2025-06-29T17:25:08","guid":{"rendered":"https:\/\/newhometr.com\/store\/?post_type=product&#038;p=10591"},"modified":"2025-06-29T17:25:09","modified_gmt":"2025-06-29T17:25:09","slug":"eca-quadrille-klozet-muslugu","status":"publish","type":"product","link":"https:\/\/newhometr.com\/store\/product\/eca-quadrille-klozet-muslugu\/","title":{"rendered":"ECA Quadrille Klozet Muslu\u011fu"},"content":{"rendered":"<p>\u2022 Klozet Muslu\u011fu<br \/>\n\u2022 Rozet dahildir<br \/>\n\u2022 Rezervuar \u00e7\u0131k\u0131\u015f\u0131 y\u0131ld\u0131z volan ile kontrol edilir<br \/>\n\u2022 Klozet \u00e7\u0131k\u0131\u015f\u0131 Quadrille volan ile kontrol edilir<br \/>\n\u2022 \u00c7\u0131k\u0131\u015flar G 3\/8&#8243; dir<br \/>\n\u2022 Rozet ba\u011flant\u0131 aras\u0131 26 mm &#8211; 56 mm\u00b4dir<br \/>\n\u2022 180\u00ba seramik salmastral\u0131d\u0131r<\/p>\n","protected":false},"excerpt":{"rendered":"<p>\u2022 Klozet Muslu\u011fu \u2022 Rozet dahildir \u2022 Rezervuar \u00e7\u0131k\u0131\u015f\u0131 y\u0131ld\u0131z volan ile kontrol edilir \u2022 Klozet \u00e7\u0131k\u0131\u015f\u0131 Quadrille volan ile kontrol edilir \u2022 \u00c7\u0131k\u0131\u015flar G 3\/8&#8243; dir \u2022 Rozet ba\u011flant\u0131 aras\u0131 26 mm &#8211; 56 mm\u00b4dir \u2022 180\u00ba seramik salmastral\u0131d\u0131r<\/p>\n","protected":false},"featured_media":10592,"comment_status":"open","ping_status":"closed","template":"","meta":[],"product_brand":[],"product_cat":[475,53],"product_tag":[],"class_list":{"0":"post-10591","1":"product","2":"type-product","3":"status-publish","4":"has-post-thumbnail","6":"product_cat-faucet","7":"product_cat-plumbing","10":"instock","11":"shipping-taxable","12":"purchasable","13":"product-type-simple"},"_links":{"self":[{"href":"https:\/\/newhometr.com\/store\/wp-json\/wp\/v2\/product\/10591","targetHints":{"allow":["GET"]}}],"collection":[{"href":"https:\/\/newhometr.com\/store\/wp-json\/wp\/v2\/product"}],"about":[{"href":"https:\/\/newhometr.com\/store\/wp-json\/wp\/v2\/types\/product"}],"replies":[{"embeddable":true,"href":"https:\/\/newhometr.com\/store\/wp-json\/wp\/v2\/comments?post=10591"}],"version-history":[{"count":1,"href":"https:\/\/newhometr.com\/store\/wp-json\/wp\/v2\/product\/10591\/revisions"}],"predecessor-version":[{"id":10593,"href":"https:\/\/newhometr.com\/store\/wp-json\/wp\/v2\/product\/10591\/revisions\/10593"}],"wp:featuredmedia":[{"embeddable":true,"href":"https:\/\/newhometr.com\/store\/wp-json\/wp\/v2\/media\/10592"}],"wp:attachment":[{"href":"https:\/\/newhometr.com\/store\/wp-json\/wp\/v2\/media?parent=10591"}],"wp:term":[{"taxonomy":"product_brand","embeddable":true,"href":"https:\/\/newhometr.com\/store\/wp-json\/wp\/v2\/product_brand?post=10591"},{"taxonomy":"product_cat","embeddable":true,"href":"https:\/\/newhometr.com\/store\/wp-json\/wp\/v2\/product_cat?post=10591"},{"taxonomy":"product_tag","embeddable":true,"href":"https:\/\/newhometr.com\/store\/wp-json\/wp\/v2\/product_tag?post=10591"}],"curies":[{"name":"wp","href":"https:\/\/api.w.org\/{rel}","templated":true}]}}