{"id":10586,"date":"2025-06-29T17:22:16","date_gmt":"2025-06-29T17:22:16","guid":{"rendered":"https:\/\/newhometr.com\/store\/?post_type=product&#038;p=10586"},"modified":"2025-06-29T17:22:18","modified_gmt":"2025-06-29T17:22:18","slug":"eca-spylos-spiralli-eviye-bataryasi","status":"publish","type":"product","link":"https:\/\/newhometr.com\/store\/product\/eca-spylos-spiralli-eviye-bataryasi\/","title":{"rendered":"ECA Spylos Spiralli Eviye Bataryas\u0131"},"content":{"rendered":"<p>\u2022 El du\u015fu \u00fczerinde anl\u0131k su kesme butonu bulunmaktad\u0131r.<br \/>\n\u2022 \u00c7\u0131k\u0131\u015f ucu uzunlu\u011fu 187 mm&#8217;dir.<br \/>\n\u2022 Malzeme: Pirin\u00e7 g\u00f6vde, krom kaplama.<br \/>\n\u2022 \u00c7ift fonksiyonlu el du\u015fu.<br \/>\n\u2022 \u00dcr\u00fcn \u00f6l\u00e7\u00fcs\u00fc: 41x41x19 cm<\/p>\n","protected":false},"excerpt":{"rendered":"<p>\u2022 El du\u015fu \u00fczerinde anl\u0131k su kesme butonu bulunmaktad\u0131r. \u2022 \u00c7\u0131k\u0131\u015f ucu uzunlu\u011fu 187 mm&#8217;dir. \u2022 Malzeme: Pirin\u00e7 g\u00f6vde, krom kaplama. \u2022 \u00c7ift fonksiyonlu el du\u015fu. \u2022 \u00dcr\u00fcn \u00f6l\u00e7\u00fcs\u00fc: 41x41x19 cm<\/p>\n","protected":false},"featured_media":10587,"comment_status":"open","ping_status":"closed","template":"","meta":[],"product_brand":[],"product_cat":[475,53],"product_tag":[],"class_list":{"0":"post-10586","1":"product","2":"type-product","3":"status-publish","4":"has-post-thumbnail","6":"product_cat-faucet","7":"product_cat-plumbing","10":"instock","11":"shipping-taxable","12":"purchasable","13":"product-type-simple"},"_links":{"self":[{"href":"https:\/\/newhometr.com\/store\/wp-json\/wp\/v2\/product\/10586","targetHints":{"allow":["GET"]}}],"collection":[{"href":"https:\/\/newhometr.com\/store\/wp-json\/wp\/v2\/product"}],"about":[{"href":"https:\/\/newhometr.com\/store\/wp-json\/wp\/v2\/types\/product"}],"replies":[{"embeddable":true,"href":"https:\/\/newhometr.com\/store\/wp-json\/wp\/v2\/comments?post=10586"}],"version-history":[{"count":1,"href":"https:\/\/newhometr.com\/store\/wp-json\/wp\/v2\/product\/10586\/revisions"}],"predecessor-version":[{"id":10590,"href":"https:\/\/newhometr.com\/store\/wp-json\/wp\/v2\/product\/10586\/revisions\/10590"}],"wp:featuredmedia":[{"embeddable":true,"href":"https:\/\/newhometr.com\/store\/wp-json\/wp\/v2\/media\/10587"}],"wp:attachment":[{"href":"https:\/\/newhometr.com\/store\/wp-json\/wp\/v2\/media?parent=10586"}],"wp:term":[{"taxonomy":"product_brand","embeddable":true,"href":"https:\/\/newhometr.com\/store\/wp-json\/wp\/v2\/product_brand?post=10586"},{"taxonomy":"product_cat","embeddable":true,"href":"https:\/\/newhometr.com\/store\/wp-json\/wp\/v2\/product_cat?post=10586"},{"taxonomy":"product_tag","embeddable":true,"href":"https:\/\/newhometr.com\/store\/wp-json\/wp\/v2\/product_tag?post=10586"}],"curies":[{"name":"wp","href":"https:\/\/api.w.org\/{rel}","templated":true}]}}