{"id":10583,"date":"2025-06-29T17:18:58","date_gmt":"2025-06-29T17:18:58","guid":{"rendered":"https:\/\/newhometr.com\/store\/?post_type=product&#038;p=10583"},"modified":"2025-06-29T17:19:00","modified_gmt":"2025-06-29T17:19:00","slug":"artema-nexa-square-eviye-bataryasi","status":"publish","type":"product","link":"https:\/\/newhometr.com\/store\/product\/artema-nexa-square-eviye-bataryasi\/","title":{"rendered":"Artema Nexa Square Eviye Bataryas\u0131"},"content":{"rendered":"<p>\u2022 \u00c7\u0131k\u0131\u015f ucu uzunlu\u011fu 195 mm\u2019dir<br \/>\n\u2022 \u00c7\u0131k\u0131\u015f ucu y\u00fcksekli\u011fi 291 mm\u2019dir<br \/>\n\u2022 360 derece d\u00f6ner boruludur<br \/>\n\u2022 Is\u0131 ve debi limit\u00f6rl\u00fc \u00f6zel kartu\u015f<br \/>\n\u2022 \u00d6zel debi k\u0131s\u0131c\u0131l\u0131 perlat\u00f6r sayesinde max. 5 L\/dk su ak\u0131\u015f\u0131 sa\u011flanmaktad\u0131r<br \/>\n\u2022 Kumanda kolu sa\u011f veya sol tarafta kullan\u0131m i\u00e7in uygundur.<br \/>\n\u2022 Y\u00fckseklik: 31.7 cm<br \/>\n\u2022 Geni\u015flik: 10.6 cm<br \/>\n\u2022 Derinlik: 21.7 cm<br \/>\n\u2022 Su Tasarrufu: Var<br \/>\n\u2022 Renk: Krom<\/p>\n","protected":false},"excerpt":{"rendered":"<p>\u2022 \u00c7\u0131k\u0131\u015f ucu uzunlu\u011fu 195 mm\u2019dir \u2022 \u00c7\u0131k\u0131\u015f ucu y\u00fcksekli\u011fi 291 mm\u2019dir \u2022 360 derece d\u00f6ner boruludur \u2022 Is\u0131 ve debi limit\u00f6rl\u00fc \u00f6zel kartu\u015f \u2022 \u00d6zel debi k\u0131s\u0131c\u0131l\u0131 perlat\u00f6r sayesinde max. 5 L\/dk su ak\u0131\u015f\u0131 sa\u011flanmaktad\u0131r \u2022 Kumanda kolu sa\u011f veya sol tarafta kullan\u0131m i\u00e7in uygundur. \u2022 Y\u00fckseklik: 31.7 cm \u2022 Geni\u015flik: 10.6 cm \u2022 &hellip; <a href=\"https:\/\/newhometr.com\/store\/product\/artema-nexa-square-eviye-bataryasi\/\" class=\"more-link\">Continue reading <span class=\"screen-reader-text\">Artema Nexa Square Eviye Bataryas\u0131<\/span><\/a><\/p>\n","protected":false},"featured_media":10584,"comment_status":"open","ping_status":"closed","template":"","meta":[],"product_brand":[],"product_cat":[475,53],"product_tag":[],"class_list":{"0":"post-10583","1":"product","2":"type-product","3":"status-publish","4":"has-post-thumbnail","6":"product_cat-faucet","7":"product_cat-plumbing","10":"instock","11":"shipping-taxable","12":"purchasable","13":"product-type-simple"},"_links":{"self":[{"href":"https:\/\/newhometr.com\/store\/wp-json\/wp\/v2\/product\/10583","targetHints":{"allow":["GET"]}}],"collection":[{"href":"https:\/\/newhometr.com\/store\/wp-json\/wp\/v2\/product"}],"about":[{"href":"https:\/\/newhometr.com\/store\/wp-json\/wp\/v2\/types\/product"}],"replies":[{"embeddable":true,"href":"https:\/\/newhometr.com\/store\/wp-json\/wp\/v2\/comments?post=10583"}],"version-history":[{"count":1,"href":"https:\/\/newhometr.com\/store\/wp-json\/wp\/v2\/product\/10583\/revisions"}],"predecessor-version":[{"id":10585,"href":"https:\/\/newhometr.com\/store\/wp-json\/wp\/v2\/product\/10583\/revisions\/10585"}],"wp:featuredmedia":[{"embeddable":true,"href":"https:\/\/newhometr.com\/store\/wp-json\/wp\/v2\/media\/10584"}],"wp:attachment":[{"href":"https:\/\/newhometr.com\/store\/wp-json\/wp\/v2\/media?parent=10583"}],"wp:term":[{"taxonomy":"product_brand","embeddable":true,"href":"https:\/\/newhometr.com\/store\/wp-json\/wp\/v2\/product_brand?post=10583"},{"taxonomy":"product_cat","embeddable":true,"href":"https:\/\/newhometr.com\/store\/wp-json\/wp\/v2\/product_cat?post=10583"},{"taxonomy":"product_tag","embeddable":true,"href":"https:\/\/newhometr.com\/store\/wp-json\/wp\/v2\/product_tag?post=10583"}],"curies":[{"name":"wp","href":"https:\/\/api.w.org\/{rel}","templated":true}]}}