{"id":10580,"date":"2025-06-29T17:15:35","date_gmt":"2025-06-29T17:15:35","guid":{"rendered":"https:\/\/newhometr.com\/store\/?post_type=product&#038;p=10580"},"modified":"2025-06-29T17:15:37","modified_gmt":"2025-06-29T17:15:37","slug":"artema-filtreli-ara-musluk","status":"publish","type":"product","link":"https:\/\/newhometr.com\/store\/product\/artema-filtreli-ara-musluk\/","title":{"rendered":"Artema Filtreli Ara Musluk"},"content":{"rendered":"<p>Montaj\u0131 kolayd\u0131r ve son derece kullan\u0131\u015fl\u0131d\u0131r. \u00d6zel filtresi ile pislikleri engeller, suyun sa\u011fl\u0131kl\u0131 ve g\u00fcvenli ak\u0131\u015f\u0131n\u0131 sa\u011flar. Ergonomik tasar\u0131m\u0131 ile \u015f\u0131k ve dekoratiftir.<\/p>\n<ul>\n<li>G 3\/8\u201d rakor ba\u011flant\u0131lar\u0131na uygundur.<\/li>\n<li>90\u00b0 a\u00e7ma-kapama<\/li>\n<li>Filtre ana vanadan suyu kesmeden al\u0131n\u0131p temizlenebilir.<\/li>\n<li>Rakorsuz<\/li>\n<li>65 mm \u00e7apl\u0131 rozet \u00fcr\u00fcne dahildir.<\/li>\n<\/ul>\n","protected":false},"excerpt":{"rendered":"<p>Montaj\u0131 kolayd\u0131r ve son derece kullan\u0131\u015fl\u0131d\u0131r. \u00d6zel filtresi ile pislikleri engeller, suyun sa\u011fl\u0131kl\u0131 ve g\u00fcvenli ak\u0131\u015f\u0131n\u0131 sa\u011flar. Ergonomik tasar\u0131m\u0131 ile \u015f\u0131k ve dekoratiftir. G 3\/8\u201d rakor ba\u011flant\u0131lar\u0131na uygundur. 90\u00b0 a\u00e7ma-kapama Filtre ana vanadan suyu kesmeden al\u0131n\u0131p temizlenebilir. Rakorsuz 65 mm \u00e7apl\u0131 rozet \u00fcr\u00fcne dahildir.<\/p>\n","protected":false},"featured_media":10581,"comment_status":"open","ping_status":"closed","template":"","meta":[],"product_brand":[],"product_cat":[475,53],"product_tag":[],"class_list":{"0":"post-10580","1":"product","2":"type-product","3":"status-publish","4":"has-post-thumbnail","6":"product_cat-faucet","7":"product_cat-plumbing","10":"instock","11":"shipping-taxable","12":"purchasable","13":"product-type-simple"},"_links":{"self":[{"href":"https:\/\/newhometr.com\/store\/wp-json\/wp\/v2\/product\/10580","targetHints":{"allow":["GET"]}}],"collection":[{"href":"https:\/\/newhometr.com\/store\/wp-json\/wp\/v2\/product"}],"about":[{"href":"https:\/\/newhometr.com\/store\/wp-json\/wp\/v2\/types\/product"}],"replies":[{"embeddable":true,"href":"https:\/\/newhometr.com\/store\/wp-json\/wp\/v2\/comments?post=10580"}],"version-history":[{"count":1,"href":"https:\/\/newhometr.com\/store\/wp-json\/wp\/v2\/product\/10580\/revisions"}],"predecessor-version":[{"id":10582,"href":"https:\/\/newhometr.com\/store\/wp-json\/wp\/v2\/product\/10580\/revisions\/10582"}],"wp:featuredmedia":[{"embeddable":true,"href":"https:\/\/newhometr.com\/store\/wp-json\/wp\/v2\/media\/10581"}],"wp:attachment":[{"href":"https:\/\/newhometr.com\/store\/wp-json\/wp\/v2\/media?parent=10580"}],"wp:term":[{"taxonomy":"product_brand","embeddable":true,"href":"https:\/\/newhometr.com\/store\/wp-json\/wp\/v2\/product_brand?post=10580"},{"taxonomy":"product_cat","embeddable":true,"href":"https:\/\/newhometr.com\/store\/wp-json\/wp\/v2\/product_cat?post=10580"},{"taxonomy":"product_tag","embeddable":true,"href":"https:\/\/newhometr.com\/store\/wp-json\/wp\/v2\/product_tag?post=10580"}],"curies":[{"name":"wp","href":"https:\/\/api.w.org\/{rel}","templated":true}]}}