{"id":10577,"date":"2025-06-29T17:12:25","date_gmt":"2025-06-29T17:12:25","guid":{"rendered":"https:\/\/newhometr.com\/store\/?post_type=product&#038;p=10577"},"modified":"2025-06-29T17:12:27","modified_gmt":"2025-06-29T17:12:27","slug":"aritma-cikisli-ac-kapa-evye-batarya-0129","status":"publish","type":"product","link":"https:\/\/newhometr.com\/store\/product\/aritma-cikisli-ac-kapa-evye-batarya-0129\/","title":{"rendered":"Ar\u0131tma \u00c7\u0131k\u0131\u015fl\u0131 A\u00e7 Kapa Evye Batarya 0129"},"content":{"rendered":"<p>Art\u0131tma \u00e7\u0131k\u0131\u015fl\u0131 bataryalar\u0131n olmas\u0131 gereken en \u00f6nemli \u00f6zelli\u011fi Ar\u0131tma suyu ile Normal suyun birbiri ile kar\u0131\u015fmadan ba\u011f\u0131m\u0131s\u0131z \u00e7al\u0131\u015fmas\u0131d\u0131r.<\/p>\n<p>Bu Batarya da sol taraftaki k\u00fc\u00e7\u00fck a\u00e7ma kapama kolu Ar\u0131tma suyunun a\u00e7\u0131l\u0131p kapat\u0131ld\u0131\u011f\u0131, sa\u011f taraftaki b\u00fcy\u00fck kol ise s\u0131cak so\u011fuk suyun a\u00e7\u0131p kapama koludur.<\/p>\n<p>Su ak\u0131\u015f sistemi borunun \u00f6n k\u0131sm\u0131ndan b\u00fcy\u00fck perlat\u00f6rden akan su, s\u0131cak+so\u011fuk \u015febek suyu, arka k\u0131s\u0131mdaki k\u00fc\u00e7\u00fck \u00e7\u0131k\u0131\u015f ucundan akan su ar\u0131tma cihaz\u0131ndan gelen sudur.<\/p>\n<ul>\n<li>KOD NO : 0129<\/li>\n<li>%100 Yerli \u00fcretici \u00c7APA musluk taraf\u0131ndan kendi tesislerinde \u00fcretilmi\u015ftir.<\/li>\n<li>5 Y\u0131l Garanti<\/li>\n<li>ISO 9001 Kalite Y\u00f6netim sistemi.<\/li>\n<li>MADE IN TURKEY<\/li>\n<\/ul>\n","protected":false},"excerpt":{"rendered":"<p>Art\u0131tma \u00e7\u0131k\u0131\u015fl\u0131 bataryalar\u0131n olmas\u0131 gereken en \u00f6nemli \u00f6zelli\u011fi Ar\u0131tma suyu ile Normal suyun birbiri ile kar\u0131\u015fmadan ba\u011f\u0131m\u0131s\u0131z \u00e7al\u0131\u015fmas\u0131d\u0131r. Bu Batarya da sol taraftaki k\u00fc\u00e7\u00fck a\u00e7ma kapama kolu Ar\u0131tma suyunun a\u00e7\u0131l\u0131p kapat\u0131ld\u0131\u011f\u0131, sa\u011f taraftaki b\u00fcy\u00fck kol ise s\u0131cak so\u011fuk suyun a\u00e7\u0131p kapama koludur. Su ak\u0131\u015f sistemi borunun \u00f6n k\u0131sm\u0131ndan b\u00fcy\u00fck perlat\u00f6rden akan su, s\u0131cak+so\u011fuk \u015febek suyu, &hellip; <a href=\"https:\/\/newhometr.com\/store\/product\/aritma-cikisli-ac-kapa-evye-batarya-0129\/\" class=\"more-link\">Continue reading <span class=\"screen-reader-text\">Ar\u0131tma \u00c7\u0131k\u0131\u015fl\u0131 A\u00e7 Kapa Evye Batarya 0129<\/span><\/a><\/p>\n","protected":false},"featured_media":10578,"comment_status":"open","ping_status":"closed","template":"","meta":[],"product_brand":[476],"product_cat":[475,53],"product_tag":[],"class_list":{"0":"post-10577","1":"product","2":"type-product","3":"status-publish","4":"has-post-thumbnail","6":"product_brand-capa","7":"product_cat-faucet","8":"product_cat-plumbing","11":"instock","12":"shipping-taxable","13":"purchasable","14":"product-type-simple"},"_links":{"self":[{"href":"https:\/\/newhometr.com\/store\/wp-json\/wp\/v2\/product\/10577","targetHints":{"allow":["GET"]}}],"collection":[{"href":"https:\/\/newhometr.com\/store\/wp-json\/wp\/v2\/product"}],"about":[{"href":"https:\/\/newhometr.com\/store\/wp-json\/wp\/v2\/types\/product"}],"replies":[{"embeddable":true,"href":"https:\/\/newhometr.com\/store\/wp-json\/wp\/v2\/comments?post=10577"}],"version-history":[{"count":1,"href":"https:\/\/newhometr.com\/store\/wp-json\/wp\/v2\/product\/10577\/revisions"}],"predecessor-version":[{"id":10579,"href":"https:\/\/newhometr.com\/store\/wp-json\/wp\/v2\/product\/10577\/revisions\/10579"}],"wp:featuredmedia":[{"embeddable":true,"href":"https:\/\/newhometr.com\/store\/wp-json\/wp\/v2\/media\/10578"}],"wp:attachment":[{"href":"https:\/\/newhometr.com\/store\/wp-json\/wp\/v2\/media?parent=10577"}],"wp:term":[{"taxonomy":"product_brand","embeddable":true,"href":"https:\/\/newhometr.com\/store\/wp-json\/wp\/v2\/product_brand?post=10577"},{"taxonomy":"product_cat","embeddable":true,"href":"https:\/\/newhometr.com\/store\/wp-json\/wp\/v2\/product_cat?post=10577"},{"taxonomy":"product_tag","embeddable":true,"href":"https:\/\/newhometr.com\/store\/wp-json\/wp\/v2\/product_tag?post=10577"}],"curies":[{"name":"wp","href":"https:\/\/api.w.org\/{rel}","templated":true}]}}