{"id":10560,"date":"2025-06-29T17:04:02","date_gmt":"2025-06-29T17:04:02","guid":{"rendered":"https:\/\/newhometr.com\/store\/?post_type=product&#038;p=10560"},"modified":"2025-06-29T17:04:03","modified_gmt":"2025-06-29T17:04:03","slug":"siyah-lux-gold-mix-donerli-evye-batarya-sy-4414","status":"publish","type":"product","link":"https:\/\/newhometr.com\/store\/product\/siyah-lux-gold-mix-donerli-evye-batarya-sy-4414\/","title":{"rendered":"Siyah L\u00fcx Gold Mix D\u00f6nerli Evye Batarya SY 4414"},"content":{"rendered":"<ul>\n<li>KOD NO : SY 4414<\/li>\n<li>Koli Adedi 10<\/li>\n<li>Mat Siyah Kaplama<\/li>\n<li>%100 Yerli \u00fcretici \u00c7APA musluk taraf\u0131ndan kendi tesislerinde \u00fcretilmi\u015ftir.<\/li>\n<li>5 Y\u0131l Garanti<\/li>\n<li>ISO 9001 Kalite Y\u00f6netim sistemi.<\/li>\n<li>MADE IN TURKEY<\/li>\n<li>\u00dcr\u00fcn Resimleri<\/li>\n<\/ul>\n","protected":false},"excerpt":{"rendered":"<p>KOD NO : SY 4414 Koli Adedi 10 Mat Siyah Kaplama %100 Yerli \u00fcretici \u00c7APA musluk taraf\u0131ndan kendi tesislerinde \u00fcretilmi\u015ftir. 5 Y\u0131l Garanti ISO 9001 Kalite Y\u00f6netim sistemi. MADE IN TURKEY \u00dcr\u00fcn Resimleri<\/p>\n","protected":false},"featured_media":10561,"comment_status":"open","ping_status":"closed","template":"","meta":[],"product_brand":[476],"product_cat":[475,53],"product_tag":[],"class_list":{"0":"post-10560","1":"product","2":"type-product","3":"status-publish","4":"has-post-thumbnail","6":"product_brand-capa","7":"product_cat-faucet","8":"product_cat-plumbing","11":"instock","12":"shipping-taxable","13":"purchasable","14":"product-type-simple"},"_links":{"self":[{"href":"https:\/\/newhometr.com\/store\/wp-json\/wp\/v2\/product\/10560","targetHints":{"allow":["GET"]}}],"collection":[{"href":"https:\/\/newhometr.com\/store\/wp-json\/wp\/v2\/product"}],"about":[{"href":"https:\/\/newhometr.com\/store\/wp-json\/wp\/v2\/types\/product"}],"replies":[{"embeddable":true,"href":"https:\/\/newhometr.com\/store\/wp-json\/wp\/v2\/comments?post=10560"}],"version-history":[{"count":1,"href":"https:\/\/newhometr.com\/store\/wp-json\/wp\/v2\/product\/10560\/revisions"}],"predecessor-version":[{"id":10571,"href":"https:\/\/newhometr.com\/store\/wp-json\/wp\/v2\/product\/10560\/revisions\/10571"}],"wp:featuredmedia":[{"embeddable":true,"href":"https:\/\/newhometr.com\/store\/wp-json\/wp\/v2\/media\/10561"}],"wp:attachment":[{"href":"https:\/\/newhometr.com\/store\/wp-json\/wp\/v2\/media?parent=10560"}],"wp:term":[{"taxonomy":"product_brand","embeddable":true,"href":"https:\/\/newhometr.com\/store\/wp-json\/wp\/v2\/product_brand?post=10560"},{"taxonomy":"product_cat","embeddable":true,"href":"https:\/\/newhometr.com\/store\/wp-json\/wp\/v2\/product_cat?post=10560"},{"taxonomy":"product_tag","embeddable":true,"href":"https:\/\/newhometr.com\/store\/wp-json\/wp\/v2\/product_tag?post=10560"}],"curies":[{"name":"wp","href":"https:\/\/api.w.org\/{rel}","templated":true}]}}