{"id":10555,"date":"2025-06-29T16:52:03","date_gmt":"2025-06-29T16:52:03","guid":{"rendered":"https:\/\/newhometr.com\/store\/?post_type=product&#038;p=10555"},"modified":"2025-06-29T16:52:05","modified_gmt":"2025-06-29T16:52:05","slug":"lux-gold-mix-serisi-lavabo-bataryasi-4418","status":"publish","type":"product","link":"https:\/\/newhometr.com\/store\/product\/lux-gold-mix-serisi-lavabo-bataryasi-4418\/","title":{"rendered":"L\u00fcx Gold Mix Serisi Lavabo Bataryas\u0131 4418"},"content":{"rendered":"<p>NOT: \u00dcr\u00fcn Kaplamas\u0131 Kromdur. Alt\u0131n sar\u0131s\u0131 De\u011fildir<\/p>\n<ul>\n<li>KOD NO : 4418<\/li>\n<li>%100 Yerli \u00fcretici \u00c7APA musluk taraf\u0131ndan kendi tesislerinde \u00fcretilmi\u015ftir.<\/li>\n<li>5 Y\u0131l Garanti<\/li>\n<li>ISO 9001 Kalite Y\u00f6netim sistemi.<\/li>\n<li>MADE IN TURKEY<\/li>\n<\/ul>\n","protected":false},"excerpt":{"rendered":"<p>NOT: \u00dcr\u00fcn Kaplamas\u0131 Kromdur. Alt\u0131n sar\u0131s\u0131 De\u011fildir KOD NO : 4418 %100 Yerli \u00fcretici \u00c7APA musluk taraf\u0131ndan kendi tesislerinde \u00fcretilmi\u015ftir. 5 Y\u0131l Garanti ISO 9001 Kalite Y\u00f6netim sistemi. MADE IN TURKEY<\/p>\n","protected":false},"featured_media":10548,"comment_status":"open","ping_status":"closed","template":"","meta":[],"product_brand":[476],"product_cat":[475,53],"product_tag":[],"class_list":{"0":"post-10555","1":"product","2":"type-product","3":"status-publish","4":"has-post-thumbnail","6":"product_brand-capa","7":"product_cat-faucet","8":"product_cat-plumbing","11":"instock","12":"shipping-taxable","13":"purchasable","14":"product-type-simple"},"_links":{"self":[{"href":"https:\/\/newhometr.com\/store\/wp-json\/wp\/v2\/product\/10555","targetHints":{"allow":["GET"]}}],"collection":[{"href":"https:\/\/newhometr.com\/store\/wp-json\/wp\/v2\/product"}],"about":[{"href":"https:\/\/newhometr.com\/store\/wp-json\/wp\/v2\/types\/product"}],"replies":[{"embeddable":true,"href":"https:\/\/newhometr.com\/store\/wp-json\/wp\/v2\/comments?post=10555"}],"version-history":[{"count":1,"href":"https:\/\/newhometr.com\/store\/wp-json\/wp\/v2\/product\/10555\/revisions"}],"predecessor-version":[{"id":10556,"href":"https:\/\/newhometr.com\/store\/wp-json\/wp\/v2\/product\/10555\/revisions\/10556"}],"wp:featuredmedia":[{"embeddable":true,"href":"https:\/\/newhometr.com\/store\/wp-json\/wp\/v2\/media\/10548"}],"wp:attachment":[{"href":"https:\/\/newhometr.com\/store\/wp-json\/wp\/v2\/media?parent=10555"}],"wp:term":[{"taxonomy":"product_brand","embeddable":true,"href":"https:\/\/newhometr.com\/store\/wp-json\/wp\/v2\/product_brand?post=10555"},{"taxonomy":"product_cat","embeddable":true,"href":"https:\/\/newhometr.com\/store\/wp-json\/wp\/v2\/product_cat?post=10555"},{"taxonomy":"product_tag","embeddable":true,"href":"https:\/\/newhometr.com\/store\/wp-json\/wp\/v2\/product_tag?post=10555"}],"curies":[{"name":"wp","href":"https:\/\/api.w.org\/{rel}","templated":true}]}}