{"id":10527,"date":"2025-06-29T12:44:17","date_gmt":"2025-06-29T12:44:17","guid":{"rendered":"https:\/\/newhometr.com\/store\/?post_type=product&#038;p=10527"},"modified":"2025-06-29T12:44:19","modified_gmt":"2025-06-29T12:44:19","slug":"osmanli-musluk-perlatorlu-ac-kapa-sari-0953","status":"publish","type":"product","link":"https:\/\/newhometr.com\/store\/product\/osmanli-musluk-perlatorlu-ac-kapa-sari-0953\/","title":{"rendered":"Osmanl\u0131 Musluk Perlat\u00f6rl\u00fc A\u00e7 Kapa Sar\u0131 0953"},"content":{"rendered":"<p>\u00dcr\u00fcn A\u00e7\u0131klamas\u0131<\/p>\n<ul>\n<li>KOD NO : 0953<\/li>\n<li>Koli Adedi 30<\/li>\n<li>Tesisat Ba\u011flant\u0131 \u00c7ap\u0131 R= 1\/2<\/li>\n<li>A\u00e7 Kapa<\/li>\n<li>Y\u00fczey Kaplamas\u0131 = Sar\u0131 (Y\u00fczeyinde Kaplama bulunmamaktad\u0131r)<\/li>\n<li>%100 Yerli \u00fcretici \u00c7APA musluk taraf\u0131ndan kendi tesislerinde \u00fcretilmi\u015ftir.<\/li>\n<li>%100 Prin\u00e7 Mam\u00fclden \u00dcretilmi\u015ftir<\/li>\n<li>ISO 9001 Kalite Y\u00f6netim sistemi.<\/li>\n<li>MADE IN TURKEY<\/li>\n<\/ul>\n","protected":false},"excerpt":{"rendered":"<p>\u00dcr\u00fcn A\u00e7\u0131klamas\u0131 KOD NO : 0953 Koli Adedi 30 Tesisat Ba\u011flant\u0131 \u00c7ap\u0131 R= 1\/2 A\u00e7 Kapa Y\u00fczey Kaplamas\u0131 = Sar\u0131 (Y\u00fczeyinde Kaplama bulunmamaktad\u0131r) %100 Yerli \u00fcretici \u00c7APA musluk taraf\u0131ndan kendi tesislerinde \u00fcretilmi\u015ftir. %100 Prin\u00e7 Mam\u00fclden \u00dcretilmi\u015ftir ISO 9001 Kalite Y\u00f6netim sistemi. MADE IN TURKEY<\/p>\n","protected":false},"featured_media":10528,"comment_status":"open","ping_status":"closed","template":"","meta":[],"product_brand":[],"product_cat":[475,53],"product_tag":[],"class_list":{"0":"post-10527","1":"product","2":"type-product","3":"status-publish","4":"has-post-thumbnail","6":"product_cat-faucet","7":"product_cat-plumbing","10":"instock","11":"shipping-taxable","12":"purchasable","13":"product-type-simple"},"_links":{"self":[{"href":"https:\/\/newhometr.com\/store\/wp-json\/wp\/v2\/product\/10527","targetHints":{"allow":["GET"]}}],"collection":[{"href":"https:\/\/newhometr.com\/store\/wp-json\/wp\/v2\/product"}],"about":[{"href":"https:\/\/newhometr.com\/store\/wp-json\/wp\/v2\/types\/product"}],"replies":[{"embeddable":true,"href":"https:\/\/newhometr.com\/store\/wp-json\/wp\/v2\/comments?post=10527"}],"version-history":[{"count":1,"href":"https:\/\/newhometr.com\/store\/wp-json\/wp\/v2\/product\/10527\/revisions"}],"predecessor-version":[{"id":10529,"href":"https:\/\/newhometr.com\/store\/wp-json\/wp\/v2\/product\/10527\/revisions\/10529"}],"wp:featuredmedia":[{"embeddable":true,"href":"https:\/\/newhometr.com\/store\/wp-json\/wp\/v2\/media\/10528"}],"wp:attachment":[{"href":"https:\/\/newhometr.com\/store\/wp-json\/wp\/v2\/media?parent=10527"}],"wp:term":[{"taxonomy":"product_brand","embeddable":true,"href":"https:\/\/newhometr.com\/store\/wp-json\/wp\/v2\/product_brand?post=10527"},{"taxonomy":"product_cat","embeddable":true,"href":"https:\/\/newhometr.com\/store\/wp-json\/wp\/v2\/product_cat?post=10527"},{"taxonomy":"product_tag","embeddable":true,"href":"https:\/\/newhometr.com\/store\/wp-json\/wp\/v2\/product_tag?post=10527"}],"curies":[{"name":"wp","href":"https:\/\/api.w.org\/{rel}","templated":true}]}}