{"id":10475,"date":"2025-06-27T12:15:20","date_gmt":"2025-06-27T12:15:20","guid":{"rendered":"https:\/\/newhometr.com\/store\/?post_type=product&#038;p=10475"},"modified":"2025-06-28T12:48:00","modified_gmt":"2025-06-28T12:48:00","slug":"noas-munih-masa-lambasi-e27-noas","status":"publish","type":"product","link":"https:\/\/newhometr.com\/store\/product\/noas-munih-masa-lambasi-e27-noas\/","title":{"rendered":"Noas M\u00fcnih Masa Lambas\u0131 E27 Noas"},"content":{"rendered":"<p>Noas M\u00fcnih Masa Lambas\u0131 E27 Noas<br \/>\nM\u00fcnih Masa Lambas\u0131, Beyaz Kasa Rengi, E27 Duy, 220 Volt, 18.5 X 35 cm, IP20 Koruma S\u0131n\u0131f\u0131, 2 Y\u0131l Garanti<\/p>\n","protected":false},"excerpt":{"rendered":"<p>Noas M\u00fcnih Masa Lambas\u0131 E27 Noas M\u00fcnih Masa Lambas\u0131, Beyaz Kasa Rengi, E27 Duy, 220 Volt, 18.5 X 35 cm, IP20 Koruma S\u0131n\u0131f\u0131, 2 Y\u0131l Garanti<\/p>\n","protected":false},"featured_media":10473,"comment_status":"open","ping_status":"closed","template":"","meta":[],"product_brand":[],"product_cat":[460,43],"product_tag":[],"class_list":{"0":"post-10475","1":"product","2":"type-product","3":"status-publish","4":"has-post-thumbnail","6":"product_cat-lighting","7":"product_cat-electrical","10":"instock","11":"shipping-taxable","12":"purchasable","13":"product-type-simple"},"_links":{"self":[{"href":"https:\/\/newhometr.com\/store\/wp-json\/wp\/v2\/product\/10475","targetHints":{"allow":["GET"]}}],"collection":[{"href":"https:\/\/newhometr.com\/store\/wp-json\/wp\/v2\/product"}],"about":[{"href":"https:\/\/newhometr.com\/store\/wp-json\/wp\/v2\/types\/product"}],"replies":[{"embeddable":true,"href":"https:\/\/newhometr.com\/store\/wp-json\/wp\/v2\/comments?post=10475"}],"version-history":[{"count":1,"href":"https:\/\/newhometr.com\/store\/wp-json\/wp\/v2\/product\/10475\/revisions"}],"predecessor-version":[{"id":10478,"href":"https:\/\/newhometr.com\/store\/wp-json\/wp\/v2\/product\/10475\/revisions\/10478"}],"wp:featuredmedia":[{"embeddable":true,"href":"https:\/\/newhometr.com\/store\/wp-json\/wp\/v2\/media\/10473"}],"wp:attachment":[{"href":"https:\/\/newhometr.com\/store\/wp-json\/wp\/v2\/media?parent=10475"}],"wp:term":[{"taxonomy":"product_brand","embeddable":true,"href":"https:\/\/newhometr.com\/store\/wp-json\/wp\/v2\/product_brand?post=10475"},{"taxonomy":"product_cat","embeddable":true,"href":"https:\/\/newhometr.com\/store\/wp-json\/wp\/v2\/product_cat?post=10475"},{"taxonomy":"product_tag","embeddable":true,"href":"https:\/\/newhometr.com\/store\/wp-json\/wp\/v2\/product_tag?post=10475"}],"curies":[{"name":"wp","href":"https:\/\/api.w.org\/{rel}","templated":true}]}}