{"id":10461,"date":"2025-06-27T11:13:52","date_gmt":"2025-06-27T11:13:52","guid":{"rendered":"https:\/\/newhometr.com\/store\/?post_type=product&#038;p=10461"},"modified":"2025-06-30T16:20:03","modified_gmt":"2025-06-30T16:20:03","slug":"pvc-kesik-kose-profili","status":"publish","type":"product","link":"https:\/\/newhometr.com\/store\/product\/pvc-kesik-kose-profili\/","title":{"rendered":"Pvc Kesik K\u00f6\u015fe Profili"},"content":{"rendered":"<p>Pvc Kesik K\u00f6\u015fe Profili<\/p>\n<ul>\n<li>Kavisli k\u00f6\u015felerde darbe dayan\u0131m\u0131n\u0131 art\u0131rmak ve d\u00fczg\u00fcn bir k\u00f6\u015fe elde etmek amac\u0131yla kullan\u0131lan esnek PVC<\/li>\n<li>kesik k\u00f6\u015fe profilidir.<\/li>\n<li>\u00dcretimi 2,5 metre olarak yap\u0131lmaktad\u0131r.<\/li>\n<li>Kolide toplamda 100 adet yer almaktad\u0131r. Toplamda kolide yer alan uzunluk 250 metre olmaktad\u0131r.<\/li>\n<\/ul>\n","protected":false},"excerpt":{"rendered":"<p>Pvc Kesik K\u00f6\u015fe Profili Kavisli k\u00f6\u015felerde darbe dayan\u0131m\u0131n\u0131 art\u0131rmak ve d\u00fczg\u00fcn bir k\u00f6\u015fe elde etmek amac\u0131yla kullan\u0131lan esnek PVC kesik k\u00f6\u015fe profilidir. \u00dcretimi 2,5 metre olarak yap\u0131lmaktad\u0131r. Kolide toplamda 100 adet yer almaktad\u0131r. Toplamda kolide yer alan uzunluk 250 metre olmaktad\u0131r.<\/p>\n","protected":false},"featured_media":10462,"comment_status":"open","ping_status":"closed","template":"","meta":[],"product_brand":[],"product_cat":[481,52],"product_tag":[],"class_list":{"0":"post-10461","1":"product","2":"type-product","3":"status-publish","4":"has-post-thumbnail","6":"product_cat-building-supplies","7":"product_cat-building-materials","10":"instock","11":"shipping-taxable","12":"purchasable","13":"product-type-simple"},"_links":{"self":[{"href":"https:\/\/newhometr.com\/store\/wp-json\/wp\/v2\/product\/10461","targetHints":{"allow":["GET"]}}],"collection":[{"href":"https:\/\/newhometr.com\/store\/wp-json\/wp\/v2\/product"}],"about":[{"href":"https:\/\/newhometr.com\/store\/wp-json\/wp\/v2\/types\/product"}],"replies":[{"embeddable":true,"href":"https:\/\/newhometr.com\/store\/wp-json\/wp\/v2\/comments?post=10461"}],"version-history":[{"count":1,"href":"https:\/\/newhometr.com\/store\/wp-json\/wp\/v2\/product\/10461\/revisions"}],"predecessor-version":[{"id":10464,"href":"https:\/\/newhometr.com\/store\/wp-json\/wp\/v2\/product\/10461\/revisions\/10464"}],"wp:featuredmedia":[{"embeddable":true,"href":"https:\/\/newhometr.com\/store\/wp-json\/wp\/v2\/media\/10462"}],"wp:attachment":[{"href":"https:\/\/newhometr.com\/store\/wp-json\/wp\/v2\/media?parent=10461"}],"wp:term":[{"taxonomy":"product_brand","embeddable":true,"href":"https:\/\/newhometr.com\/store\/wp-json\/wp\/v2\/product_brand?post=10461"},{"taxonomy":"product_cat","embeddable":true,"href":"https:\/\/newhometr.com\/store\/wp-json\/wp\/v2\/product_cat?post=10461"},{"taxonomy":"product_tag","embeddable":true,"href":"https:\/\/newhometr.com\/store\/wp-json\/wp\/v2\/product_tag?post=10461"}],"curies":[{"name":"wp","href":"https:\/\/api.w.org\/{rel}","templated":true}]}}