{"id":10455,"date":"2025-06-26T14:47:30","date_gmt":"2025-06-26T14:47:30","guid":{"rendered":"https:\/\/newhometr.com\/store\/?post_type=product&#038;p=10455"},"modified":"2025-06-30T16:17:25","modified_gmt":"2025-06-30T16:17:25","slug":"bosch-gsb-16-re-darbeli-matkap","status":"publish","type":"product","link":"https:\/\/newhometr.com\/store\/product\/bosch-gsb-16-re-darbeli-matkap\/","title":{"rendered":"BOSCH GSB 16 RE Darbeli Matkap"},"content":{"rendered":"<p>BOSCH GSB 16 RE Darbeli Matkap<\/p>\n<p>Konumlanma<\/p>\n<ul>\n<li>S\u0131n\u0131f\u0131n\u0131n en h\u0131zl\u0131s\u0131<\/li>\n<\/ul>\n<p>Kullan\u0131c\u0131 avantajlar\u0131<\/p>\n<ul>\n<li>H\u0131zl\u0131 delme i\u00e7in 750 W<\/li>\n<li>Rahat kullan\u0131m i\u00e7in kompakt yap\u0131<\/li>\n<li>Uzun kullan\u0131m \u00f6mr\u00fc i\u00e7in sa\u011flam metal \u015fanz\u0131man g\u00f6vdesi<\/li>\n<\/ul>\n","protected":false},"excerpt":{"rendered":"<p>BOSCH GSB 16 RE Darbeli Matkap Konumlanma S\u0131n\u0131f\u0131n\u0131n en h\u0131zl\u0131s\u0131 Kullan\u0131c\u0131 avantajlar\u0131 H\u0131zl\u0131 delme i\u00e7in 750 W Rahat kullan\u0131m i\u00e7in kompakt yap\u0131 Uzun kullan\u0131m \u00f6mr\u00fc i\u00e7in sa\u011flam metal \u015fanz\u0131man g\u00f6vdesi<\/p>\n","protected":false},"featured_media":10456,"comment_status":"open","ping_status":"closed","template":"","meta":[],"product_brand":[457],"product_cat":[466,38,43],"product_tag":[],"class_list":{"0":"post-10455","1":"product","2":"type-product","3":"status-publish","4":"has-post-thumbnail","6":"product_brand-bosch-profesyonel","7":"product_cat-electrical-equipment","8":"product_cat-tools","9":"product_cat-electrical","12":"instock","13":"shipping-taxable","14":"purchasable","15":"product-type-simple"},"_links":{"self":[{"href":"https:\/\/newhometr.com\/store\/wp-json\/wp\/v2\/product\/10455","targetHints":{"allow":["GET"]}}],"collection":[{"href":"https:\/\/newhometr.com\/store\/wp-json\/wp\/v2\/product"}],"about":[{"href":"https:\/\/newhometr.com\/store\/wp-json\/wp\/v2\/types\/product"}],"replies":[{"embeddable":true,"href":"https:\/\/newhometr.com\/store\/wp-json\/wp\/v2\/comments?post=10455"}],"version-history":[{"count":2,"href":"https:\/\/newhometr.com\/store\/wp-json\/wp\/v2\/product\/10455\/revisions"}],"predecessor-version":[{"id":10458,"href":"https:\/\/newhometr.com\/store\/wp-json\/wp\/v2\/product\/10455\/revisions\/10458"}],"wp:featuredmedia":[{"embeddable":true,"href":"https:\/\/newhometr.com\/store\/wp-json\/wp\/v2\/media\/10456"}],"wp:attachment":[{"href":"https:\/\/newhometr.com\/store\/wp-json\/wp\/v2\/media?parent=10455"}],"wp:term":[{"taxonomy":"product_brand","embeddable":true,"href":"https:\/\/newhometr.com\/store\/wp-json\/wp\/v2\/product_brand?post=10455"},{"taxonomy":"product_cat","embeddable":true,"href":"https:\/\/newhometr.com\/store\/wp-json\/wp\/v2\/product_cat?post=10455"},{"taxonomy":"product_tag","embeddable":true,"href":"https:\/\/newhometr.com\/store\/wp-json\/wp\/v2\/product_tag?post=10455"}],"curies":[{"name":"wp","href":"https:\/\/api.w.org\/{rel}","templated":true}]}}