{"id":10447,"date":"2025-06-26T14:37:11","date_gmt":"2025-06-26T14:37:11","guid":{"rendered":"https:\/\/newhometr.com\/store\/?post_type=product&#038;p=10447"},"modified":"2025-06-30T16:14:31","modified_gmt":"2025-06-30T16:14:31","slug":"stanley-2-14-566-kaportaci-makasi-uzun-duz","status":"publish","type":"product","link":"https:\/\/newhometr.com\/store\/product\/stanley-2-14-566-kaportaci-makasi-uzun-duz\/","title":{"rendered":"Stanley 2-14-566 KAPORTACI MAKASI UZUN D\u00dcZ"},"content":{"rendered":"<p>Stanley 2-14-566 Kaportac\u0131 Makas\u0131 300 Mm Uzun D\u00fcz U\u00e7lu<\/p>\n","protected":false},"excerpt":{"rendered":"<p>Stanley 2-14-566 Kaportac\u0131 Makas\u0131 300 Mm Uzun D\u00fcz U\u00e7lu<\/p>\n","protected":false},"featured_media":10448,"comment_status":"open","ping_status":"closed","template":"","meta":[],"product_brand":[456],"product_cat":[38,175],"product_tag":[],"class_list":{"0":"post-10447","1":"product","2":"type-product","3":"status-publish","4":"has-post-thumbnail","6":"product_brand-stanley","7":"product_cat-tools","8":"product_cat-hand-tools","11":"instock","12":"shipping-taxable","13":"purchasable","14":"product-type-simple"},"_links":{"self":[{"href":"https:\/\/newhometr.com\/store\/wp-json\/wp\/v2\/product\/10447","targetHints":{"allow":["GET"]}}],"collection":[{"href":"https:\/\/newhometr.com\/store\/wp-json\/wp\/v2\/product"}],"about":[{"href":"https:\/\/newhometr.com\/store\/wp-json\/wp\/v2\/types\/product"}],"replies":[{"embeddable":true,"href":"https:\/\/newhometr.com\/store\/wp-json\/wp\/v2\/comments?post=10447"}],"version-history":[{"count":3,"href":"https:\/\/newhometr.com\/store\/wp-json\/wp\/v2\/product\/10447\/revisions"}],"predecessor-version":[{"id":10451,"href":"https:\/\/newhometr.com\/store\/wp-json\/wp\/v2\/product\/10447\/revisions\/10451"}],"wp:featuredmedia":[{"embeddable":true,"href":"https:\/\/newhometr.com\/store\/wp-json\/wp\/v2\/media\/10448"}],"wp:attachment":[{"href":"https:\/\/newhometr.com\/store\/wp-json\/wp\/v2\/media?parent=10447"}],"wp:term":[{"taxonomy":"product_brand","embeddable":true,"href":"https:\/\/newhometr.com\/store\/wp-json\/wp\/v2\/product_brand?post=10447"},{"taxonomy":"product_cat","embeddable":true,"href":"https:\/\/newhometr.com\/store\/wp-json\/wp\/v2\/product_cat?post=10447"},{"taxonomy":"product_tag","embeddable":true,"href":"https:\/\/newhometr.com\/store\/wp-json\/wp\/v2\/product_tag?post=10447"}],"curies":[{"name":"wp","href":"https:\/\/api.w.org\/{rel}","templated":true}]}}