{"id":10444,"date":"2025-06-26T14:33:41","date_gmt":"2025-06-26T14:33:41","guid":{"rendered":"https:\/\/newhometr.com\/store\/?post_type=product&#038;p=10444"},"modified":"2025-06-30T16:13:15","modified_gmt":"2025-06-30T16:13:15","slug":"bosch-gst-8000-e-gsr-120-li-ikili-set","status":"publish","type":"product","link":"https:\/\/newhometr.com\/store\/product\/bosch-gst-8000-e-gsr-120-li-ikili-set\/","title":{"rendered":"BOSCH GST 8000 E + GSR 120-LI \u0130kili Set"},"content":{"rendered":"<p>Bosch GST 8000E + Bosch GSR 120 LI \u00d6ZEL KAMPANYA F\u0130YATI<\/p>\n<p>GST 8000E<br \/>\nKonumlanma<\/p>\n<ul>\n<li>En iyi g\u00fc\u00e7-maliyet oran\u0131na sahip Bosch Professional dekupaj testeresi<\/li>\n<\/ul>\n<p>Kullan\u0131c\u0131 avantajlar\u0131<\/p>\n<ul>\n<li>Her t\u00fcrden uygulama s\u0131ras\u0131nda h\u0131zl\u0131 kesme sa\u011flayan g\u00fc\u00e7l\u00fc 710 W motor<\/li>\n<li>Tek elle aletsiz b\u0131\u00e7ak de\u011fi\u015fim sistemi<\/li>\n<li>Yumu\u015fak ile agresif kesim aras\u0131nda \u00e7ok \u00e7e\u015fitli uygulamalar i\u00e7in d\u00f6rt titre\u015fim se\u00e7ene\u011fi<\/li>\n<\/ul>\n","protected":false},"excerpt":{"rendered":"<p>Bosch GST 8000E + Bosch GSR 120 LI \u00d6ZEL KAMPANYA F\u0130YATI GST 8000E Konumlanma En iyi g\u00fc\u00e7-maliyet oran\u0131na sahip Bosch Professional dekupaj testeresi Kullan\u0131c\u0131 avantajlar\u0131 Her t\u00fcrden uygulama s\u0131ras\u0131nda h\u0131zl\u0131 kesme sa\u011flayan g\u00fc\u00e7l\u00fc 710 W motor Tek elle aletsiz b\u0131\u00e7ak de\u011fi\u015fim sistemi Yumu\u015fak ile agresif kesim aras\u0131nda \u00e7ok \u00e7e\u015fitli uygulamalar i\u00e7in d\u00f6rt titre\u015fim se\u00e7ene\u011fi<\/p>\n","protected":false},"featured_media":10442,"comment_status":"open","ping_status":"closed","template":"","meta":[],"product_brand":[],"product_cat":[466,38],"product_tag":[],"class_list":{"0":"post-10444","1":"product","2":"type-product","3":"status-publish","4":"has-post-thumbnail","6":"product_cat-electrical-equipment","7":"product_cat-tools","10":"instock","11":"shipping-taxable","12":"purchasable","13":"product-type-simple"},"_links":{"self":[{"href":"https:\/\/newhometr.com\/store\/wp-json\/wp\/v2\/product\/10444","targetHints":{"allow":["GET"]}}],"collection":[{"href":"https:\/\/newhometr.com\/store\/wp-json\/wp\/v2\/product"}],"about":[{"href":"https:\/\/newhometr.com\/store\/wp-json\/wp\/v2\/types\/product"}],"replies":[{"embeddable":true,"href":"https:\/\/newhometr.com\/store\/wp-json\/wp\/v2\/comments?post=10444"}],"version-history":[{"count":1,"href":"https:\/\/newhometr.com\/store\/wp-json\/wp\/v2\/product\/10444\/revisions"}],"predecessor-version":[{"id":10445,"href":"https:\/\/newhometr.com\/store\/wp-json\/wp\/v2\/product\/10444\/revisions\/10445"}],"wp:featuredmedia":[{"embeddable":true,"href":"https:\/\/newhometr.com\/store\/wp-json\/wp\/v2\/media\/10442"}],"wp:attachment":[{"href":"https:\/\/newhometr.com\/store\/wp-json\/wp\/v2\/media?parent=10444"}],"wp:term":[{"taxonomy":"product_brand","embeddable":true,"href":"https:\/\/newhometr.com\/store\/wp-json\/wp\/v2\/product_brand?post=10444"},{"taxonomy":"product_cat","embeddable":true,"href":"https:\/\/newhometr.com\/store\/wp-json\/wp\/v2\/product_cat?post=10444"},{"taxonomy":"product_tag","embeddable":true,"href":"https:\/\/newhometr.com\/store\/wp-json\/wp\/v2\/product_tag?post=10444"}],"curies":[{"name":"wp","href":"https:\/\/api.w.org\/{rel}","templated":true}]}}