{"id":10431,"date":"2025-06-26T13:56:44","date_gmt":"2025-06-26T13:56:44","guid":{"rendered":"https:\/\/newhometr.com\/store\/?post_type=product&#038;p=10431"},"modified":"2025-06-30T16:09:36","modified_gmt":"2025-06-30T16:09:36","slug":"banco-200-sari-1350-rpm-bn-5-f-136-stanliy-cordless-24w-sarjli-matkap-seti-cantali10","status":"publish","type":"product","link":"https:\/\/newhometr.com\/store\/product\/banco-200-sari-1350-rpm-bn-5-f-136-stanliy-cordless-24w-sarjli-matkap-seti-cantali10\/","title":{"rendered":"(BANCO-200) ( SARI ) ( 1350 RPM ) BN-5 F-136 (STANLIY-CORDLESS) (24W) \u015eARJLI MATKAP SET\u0130 \u00c7ANTALI*10"},"content":{"rendered":"","protected":false},"excerpt":{"rendered":"","protected":false},"featured_media":10432,"comment_status":"open","ping_status":"closed","template":"","meta":[],"product_brand":[454],"product_cat":[466,38],"product_tag":[],"class_list":{"0":"post-10431","1":"product","2":"type-product","3":"status-publish","4":"has-post-thumbnail","6":"product_brand-bn-5","7":"product_cat-electrical-equipment","8":"product_cat-tools","11":"instock","12":"shipping-taxable","13":"purchasable","14":"product-type-simple"},"_links":{"self":[{"href":"https:\/\/newhometr.com\/store\/wp-json\/wp\/v2\/product\/10431","targetHints":{"allow":["GET"]}}],"collection":[{"href":"https:\/\/newhometr.com\/store\/wp-json\/wp\/v2\/product"}],"about":[{"href":"https:\/\/newhometr.com\/store\/wp-json\/wp\/v2\/types\/product"}],"replies":[{"embeddable":true,"href":"https:\/\/newhometr.com\/store\/wp-json\/wp\/v2\/comments?post=10431"}],"version-history":[{"count":1,"href":"https:\/\/newhometr.com\/store\/wp-json\/wp\/v2\/product\/10431\/revisions"}],"predecessor-version":[{"id":10433,"href":"https:\/\/newhometr.com\/store\/wp-json\/wp\/v2\/product\/10431\/revisions\/10433"}],"wp:featuredmedia":[{"embeddable":true,"href":"https:\/\/newhometr.com\/store\/wp-json\/wp\/v2\/media\/10432"}],"wp:attachment":[{"href":"https:\/\/newhometr.com\/store\/wp-json\/wp\/v2\/media?parent=10431"}],"wp:term":[{"taxonomy":"product_brand","embeddable":true,"href":"https:\/\/newhometr.com\/store\/wp-json\/wp\/v2\/product_brand?post=10431"},{"taxonomy":"product_cat","embeddable":true,"href":"https:\/\/newhometr.com\/store\/wp-json\/wp\/v2\/product_cat?post=10431"},{"taxonomy":"product_tag","embeddable":true,"href":"https:\/\/newhometr.com\/store\/wp-json\/wp\/v2\/product_tag?post=10431"}],"curies":[{"name":"wp","href":"https:\/\/api.w.org\/{rel}","templated":true}]}}