{"id":10428,"date":"2025-06-26T13:53:28","date_gmt":"2025-06-26T13:53:28","guid":{"rendered":"https:\/\/newhometr.com\/store\/?post_type=product&#038;p=10428"},"modified":"2025-06-30T16:06:25","modified_gmt":"2025-06-30T16:06:25","slug":"asr-2077-19luk-metal-kilit-takim-canta9","status":"publish","type":"product","link":"https:\/\/newhometr.com\/store\/product\/asr-2077-19luk-metal-kilit-takim-canta9\/","title":{"rendered":"ASR-2077 ( 19LUK ) ( METAL K\u0130L\u0130T ) TAKIM \u00c7ANTA*9"},"content":{"rendered":"","protected":false},"excerpt":{"rendered":"","protected":false},"featured_media":10429,"comment_status":"open","ping_status":"closed","template":"","meta":[],"product_brand":[453],"product_cat":[38,175],"product_tag":[],"class_list":{"0":"post-10428","1":"product","2":"type-product","3":"status-publish","4":"has-post-thumbnail","6":"product_brand-asr","7":"product_cat-tools","8":"product_cat-hand-tools","11":"instock","12":"shipping-taxable","13":"purchasable","14":"product-type-simple"},"_links":{"self":[{"href":"https:\/\/newhometr.com\/store\/wp-json\/wp\/v2\/product\/10428","targetHints":{"allow":["GET"]}}],"collection":[{"href":"https:\/\/newhometr.com\/store\/wp-json\/wp\/v2\/product"}],"about":[{"href":"https:\/\/newhometr.com\/store\/wp-json\/wp\/v2\/types\/product"}],"replies":[{"embeddable":true,"href":"https:\/\/newhometr.com\/store\/wp-json\/wp\/v2\/comments?post=10428"}],"version-history":[{"count":2,"href":"https:\/\/newhometr.com\/store\/wp-json\/wp\/v2\/product\/10428\/revisions"}],"predecessor-version":[{"id":10690,"href":"https:\/\/newhometr.com\/store\/wp-json\/wp\/v2\/product\/10428\/revisions\/10690"}],"wp:featuredmedia":[{"embeddable":true,"href":"https:\/\/newhometr.com\/store\/wp-json\/wp\/v2\/media\/10429"}],"wp:attachment":[{"href":"https:\/\/newhometr.com\/store\/wp-json\/wp\/v2\/media?parent=10428"}],"wp:term":[{"taxonomy":"product_brand","embeddable":true,"href":"https:\/\/newhometr.com\/store\/wp-json\/wp\/v2\/product_brand?post=10428"},{"taxonomy":"product_cat","embeddable":true,"href":"https:\/\/newhometr.com\/store\/wp-json\/wp\/v2\/product_cat?post=10428"},{"taxonomy":"product_tag","embeddable":true,"href":"https:\/\/newhometr.com\/store\/wp-json\/wp\/v2\/product_tag?post=10428"}],"curies":[{"name":"wp","href":"https:\/\/api.w.org\/{rel}","templated":true}]}}