{"id":10425,"date":"2025-06-26T13:49:50","date_gmt":"2025-06-26T13:49:50","guid":{"rendered":"https:\/\/newhometr.com\/store\/?post_type=product&#038;p=10425"},"modified":"2025-06-30T16:04:09","modified_gmt":"2025-06-30T16:04:09","slug":"orcamp-or-kts-450-buyuk-tombul-butan-propan-gaz-kartus-kore-tipi-ocaklar-icin-450gr12","status":"publish","type":"product","link":"https:\/\/newhometr.com\/store\/product\/orcamp-or-kts-450-buyuk-tombul-butan-propan-gaz-kartus-kore-tipi-ocaklar-icin-450gr12\/","title":{"rendered":"ORCAMP OR-KTS-450 B\u00dcY\u00dcK TOMBUL B\u00dcTAN PROPAN GAZ KARTU\u015e KORE T\u0130P\u0130 OCAKLAR \u0130\u00c7\u0130N 450GR*12"},"content":{"rendered":"","protected":false},"excerpt":{"rendered":"","protected":false},"featured_media":10426,"comment_status":"open","ping_status":"closed","template":"","meta":[],"product_brand":[452],"product_cat":[480,52],"product_tag":[],"class_list":{"0":"post-10425","1":"product","2":"type-product","3":"status-publish","4":"has-post-thumbnail","6":"product_brand-orcamp","7":"product_cat-consumer-goods","8":"product_cat-building-materials","11":"instock","12":"shipping-taxable","13":"purchasable","14":"product-type-simple"},"_links":{"self":[{"href":"https:\/\/newhometr.com\/store\/wp-json\/wp\/v2\/product\/10425","targetHints":{"allow":["GET"]}}],"collection":[{"href":"https:\/\/newhometr.com\/store\/wp-json\/wp\/v2\/product"}],"about":[{"href":"https:\/\/newhometr.com\/store\/wp-json\/wp\/v2\/types\/product"}],"replies":[{"embeddable":true,"href":"https:\/\/newhometr.com\/store\/wp-json\/wp\/v2\/comments?post=10425"}],"version-history":[{"count":1,"href":"https:\/\/newhometr.com\/store\/wp-json\/wp\/v2\/product\/10425\/revisions"}],"predecessor-version":[{"id":10427,"href":"https:\/\/newhometr.com\/store\/wp-json\/wp\/v2\/product\/10425\/revisions\/10427"}],"wp:featuredmedia":[{"embeddable":true,"href":"https:\/\/newhometr.com\/store\/wp-json\/wp\/v2\/media\/10426"}],"wp:attachment":[{"href":"https:\/\/newhometr.com\/store\/wp-json\/wp\/v2\/media?parent=10425"}],"wp:term":[{"taxonomy":"product_brand","embeddable":true,"href":"https:\/\/newhometr.com\/store\/wp-json\/wp\/v2\/product_brand?post=10425"},{"taxonomy":"product_cat","embeddable":true,"href":"https:\/\/newhometr.com\/store\/wp-json\/wp\/v2\/product_cat?post=10425"},{"taxonomy":"product_tag","embeddable":true,"href":"https:\/\/newhometr.com\/store\/wp-json\/wp\/v2\/product_tag?post=10425"}],"curies":[{"name":"wp","href":"https:\/\/api.w.org\/{rel}","templated":true}]}}