{"id":10420,"date":"2025-06-26T13:38:42","date_gmt":"2025-06-26T13:38:42","guid":{"rendered":"https:\/\/newhometr.com\/store\/?post_type=product&#038;p=10420"},"modified":"2025-06-30T15:59:29","modified_gmt":"2025-06-30T15:59:29","slug":"ilhan-1-5mt-tekli-camasir-makine-hortumu75","status":"publish","type":"product","link":"https:\/\/newhometr.com\/store\/product\/ilhan-1-5mt-tekli-camasir-makine-hortumu75\/","title":{"rendered":"\u0130LHAN ( 1.5MT ) TEKL\u0130 \u00c7AMA\u015eIR MAK\u0130NE HORTUMU*75"},"content":{"rendered":"","protected":false},"excerpt":{"rendered":"","protected":false},"featured_media":10424,"comment_status":"open","ping_status":"closed","template":"","meta":[],"product_brand":[451],"product_cat":[479,53],"product_tag":[],"class_list":{"0":"post-10420","1":"product","2":"type-product","3":"status-publish","4":"has-post-thumbnail","6":"product_brand-ilhan-su","7":"product_cat-connections","8":"product_cat-plumbing","11":"instock","12":"shipping-taxable","13":"purchasable","14":"product-type-simple"},"_links":{"self":[{"href":"https:\/\/newhometr.com\/store\/wp-json\/wp\/v2\/product\/10420","targetHints":{"allow":["GET"]}}],"collection":[{"href":"https:\/\/newhometr.com\/store\/wp-json\/wp\/v2\/product"}],"about":[{"href":"https:\/\/newhometr.com\/store\/wp-json\/wp\/v2\/types\/product"}],"replies":[{"embeddable":true,"href":"https:\/\/newhometr.com\/store\/wp-json\/wp\/v2\/comments?post=10420"}],"version-history":[{"count":1,"href":"https:\/\/newhometr.com\/store\/wp-json\/wp\/v2\/product\/10420\/revisions"}],"predecessor-version":[{"id":10421,"href":"https:\/\/newhometr.com\/store\/wp-json\/wp\/v2\/product\/10420\/revisions\/10421"}],"wp:featuredmedia":[{"embeddable":true,"href":"https:\/\/newhometr.com\/store\/wp-json\/wp\/v2\/media\/10424"}],"wp:attachment":[{"href":"https:\/\/newhometr.com\/store\/wp-json\/wp\/v2\/media?parent=10420"}],"wp:term":[{"taxonomy":"product_brand","embeddable":true,"href":"https:\/\/newhometr.com\/store\/wp-json\/wp\/v2\/product_brand?post=10420"},{"taxonomy":"product_cat","embeddable":true,"href":"https:\/\/newhometr.com\/store\/wp-json\/wp\/v2\/product_cat?post=10420"},{"taxonomy":"product_tag","embeddable":true,"href":"https:\/\/newhometr.com\/store\/wp-json\/wp\/v2\/product_tag?post=10420"}],"curies":[{"name":"wp","href":"https:\/\/api.w.org\/{rel}","templated":true}]}}