{"id":10417,"date":"2025-06-26T13:35:33","date_gmt":"2025-06-26T13:35:33","guid":{"rendered":"https:\/\/newhometr.com\/store\/?post_type=product&#038;p=10417"},"modified":"2025-06-30T15:54:24","modified_gmt":"2025-06-30T15:54:24","slug":"ibico-steel-file-set-lrd-34-5pcs-8-celik-ege-seti-balik-sirti-ucgen-kare-yuvarlak-duz-genis-36","status":"publish","type":"product","link":"https:\/\/newhometr.com\/store\/product\/ibico-steel-file-set-lrd-34-5pcs-8-celik-ege-seti-balik-sirti-ucgen-kare-yuvarlak-duz-genis-36\/","title":{"rendered":"\u0130B\u0130CO STEEL FILE SET LRD-34 ( 5PCS ) ( 8&#8221; \u00c7EL\u0130K E\u011eE SET\u0130 ) ( BALIK SIRTI &amp; \u00dc\u00c7GEN &amp; KARE &amp; YUVARLAK &amp; D\u00dcZ GEN\u0130\u015e )*36"},"content":{"rendered":"","protected":false},"excerpt":{"rendered":"","protected":false},"featured_media":10418,"comment_status":"open","ping_status":"closed","template":"","meta":[],"product_brand":[450],"product_cat":[38,175],"product_tag":[],"class_list":{"0":"post-10417","1":"product","2":"type-product","3":"status-publish","4":"has-post-thumbnail","6":"product_brand-ibico","7":"product_cat-tools","8":"product_cat-hand-tools","11":"instock","12":"shipping-taxable","13":"purchasable","14":"product-type-simple"},"_links":{"self":[{"href":"https:\/\/newhometr.com\/store\/wp-json\/wp\/v2\/product\/10417","targetHints":{"allow":["GET"]}}],"collection":[{"href":"https:\/\/newhometr.com\/store\/wp-json\/wp\/v2\/product"}],"about":[{"href":"https:\/\/newhometr.com\/store\/wp-json\/wp\/v2\/types\/product"}],"replies":[{"embeddable":true,"href":"https:\/\/newhometr.com\/store\/wp-json\/wp\/v2\/comments?post=10417"}],"version-history":[{"count":2,"href":"https:\/\/newhometr.com\/store\/wp-json\/wp\/v2\/product\/10417\/revisions"}],"predecessor-version":[{"id":10689,"href":"https:\/\/newhometr.com\/store\/wp-json\/wp\/v2\/product\/10417\/revisions\/10689"}],"wp:featuredmedia":[{"embeddable":true,"href":"https:\/\/newhometr.com\/store\/wp-json\/wp\/v2\/media\/10418"}],"wp:attachment":[{"href":"https:\/\/newhometr.com\/store\/wp-json\/wp\/v2\/media?parent=10417"}],"wp:term":[{"taxonomy":"product_brand","embeddable":true,"href":"https:\/\/newhometr.com\/store\/wp-json\/wp\/v2\/product_brand?post=10417"},{"taxonomy":"product_cat","embeddable":true,"href":"https:\/\/newhometr.com\/store\/wp-json\/wp\/v2\/product_cat?post=10417"},{"taxonomy":"product_tag","embeddable":true,"href":"https:\/\/newhometr.com\/store\/wp-json\/wp\/v2\/product_tag?post=10417"}],"curies":[{"name":"wp","href":"https:\/\/api.w.org\/{rel}","templated":true}]}}