{"id":10409,"date":"2025-06-26T12:55:21","date_gmt":"2025-06-26T12:55:21","guid":{"rendered":"https:\/\/newhometr.com\/store\/?post_type=product&#038;p=10409"},"modified":"2025-06-30T15:45:54","modified_gmt":"2025-06-30T15:45:54","slug":"ibico-royal-siyah-pervaneli-kademeli-stoplu-dus-baslik-300","status":"publish","type":"product","link":"https:\/\/newhometr.com\/store\/product\/ibico-royal-siyah-pervaneli-kademeli-stoplu-dus-baslik-300\/","title":{"rendered":"\u0130B\u0130CO ROYAL ( S\u0130YAH ) ( PERVANEL\u0130 ) ( KADEMEL\u0130 ) ( STOPLU ) DU\u015e BA\u015eLIK *300"},"content":{"rendered":"","protected":false},"excerpt":{"rendered":"","protected":false},"featured_media":10485,"comment_status":"open","ping_status":"closed","template":"","meta":[],"product_brand":[450],"product_cat":[475,53],"product_tag":[],"class_list":{"0":"post-10409","1":"product","2":"type-product","3":"status-publish","4":"has-post-thumbnail","6":"product_brand-ibico","7":"product_cat-faucet","8":"product_cat-plumbing","11":"instock","12":"shipping-taxable","13":"purchasable","14":"product-type-simple"},"_links":{"self":[{"href":"https:\/\/newhometr.com\/store\/wp-json\/wp\/v2\/product\/10409","targetHints":{"allow":["GET"]}}],"collection":[{"href":"https:\/\/newhometr.com\/store\/wp-json\/wp\/v2\/product"}],"about":[{"href":"https:\/\/newhometr.com\/store\/wp-json\/wp\/v2\/types\/product"}],"replies":[{"embeddable":true,"href":"https:\/\/newhometr.com\/store\/wp-json\/wp\/v2\/comments?post=10409"}],"version-history":[{"count":1,"href":"https:\/\/newhometr.com\/store\/wp-json\/wp\/v2\/product\/10409\/revisions"}],"predecessor-version":[{"id":10411,"href":"https:\/\/newhometr.com\/store\/wp-json\/wp\/v2\/product\/10409\/revisions\/10411"}],"wp:featuredmedia":[{"embeddable":true,"href":"https:\/\/newhometr.com\/store\/wp-json\/wp\/v2\/media\/10485"}],"wp:attachment":[{"href":"https:\/\/newhometr.com\/store\/wp-json\/wp\/v2\/media?parent=10409"}],"wp:term":[{"taxonomy":"product_brand","embeddable":true,"href":"https:\/\/newhometr.com\/store\/wp-json\/wp\/v2\/product_brand?post=10409"},{"taxonomy":"product_cat","embeddable":true,"href":"https:\/\/newhometr.com\/store\/wp-json\/wp\/v2\/product_cat?post=10409"},{"taxonomy":"product_tag","embeddable":true,"href":"https:\/\/newhometr.com\/store\/wp-json\/wp\/v2\/product_tag?post=10409"}],"curies":[{"name":"wp","href":"https:\/\/api.w.org\/{rel}","templated":true}]}}