{"id":10400,"date":"2025-06-26T12:03:03","date_gmt":"2025-06-26T12:03:03","guid":{"rendered":"https:\/\/newhometr.com\/store\/?post_type=product&#038;p=10400"},"modified":"2025-06-28T15:23:45","modified_gmt":"2025-06-28T15:23:45","slug":"gk-gk-gl63-63mm-gri-uzun-kancali-asma-kilit6x10","status":"publish","type":"product","link":"https:\/\/newhometr.com\/store\/product\/gk-gk-gl63-63mm-gri-uzun-kancali-asma-kilit6x10\/","title":{"rendered":"GK GK-GL63 ( 63MM &amp; GR\u0130 ) ( UZUN KANCALI ) ASMA K\u0130L\u0130T*6X10"},"content":{"rendered":"","protected":false},"excerpt":{"rendered":"","protected":false},"featured_media":10401,"comment_status":"open","ping_status":"closed","template":"","meta":[],"product_brand":[449],"product_cat":[472,38],"product_tag":[],"class_list":{"0":"post-10400","1":"product","2":"type-product","3":"status-publish","4":"has-post-thumbnail","6":"product_brand-gk","7":"product_cat-safety-equipment-and-locks","8":"product_cat-tools","11":"instock","12":"shipping-taxable","13":"purchasable","14":"product-type-simple"},"_links":{"self":[{"href":"https:\/\/newhometr.com\/store\/wp-json\/wp\/v2\/product\/10400","targetHints":{"allow":["GET"]}}],"collection":[{"href":"https:\/\/newhometr.com\/store\/wp-json\/wp\/v2\/product"}],"about":[{"href":"https:\/\/newhometr.com\/store\/wp-json\/wp\/v2\/types\/product"}],"replies":[{"embeddable":true,"href":"https:\/\/newhometr.com\/store\/wp-json\/wp\/v2\/comments?post=10400"}],"version-history":[{"count":1,"href":"https:\/\/newhometr.com\/store\/wp-json\/wp\/v2\/product\/10400\/revisions"}],"predecessor-version":[{"id":10402,"href":"https:\/\/newhometr.com\/store\/wp-json\/wp\/v2\/product\/10400\/revisions\/10402"}],"wp:featuredmedia":[{"embeddable":true,"href":"https:\/\/newhometr.com\/store\/wp-json\/wp\/v2\/media\/10401"}],"wp:attachment":[{"href":"https:\/\/newhometr.com\/store\/wp-json\/wp\/v2\/media?parent=10400"}],"wp:term":[{"taxonomy":"product_brand","embeddable":true,"href":"https:\/\/newhometr.com\/store\/wp-json\/wp\/v2\/product_brand?post=10400"},{"taxonomy":"product_cat","embeddable":true,"href":"https:\/\/newhometr.com\/store\/wp-json\/wp\/v2\/product_cat?post=10400"},{"taxonomy":"product_tag","embeddable":true,"href":"https:\/\/newhometr.com\/store\/wp-json\/wp\/v2\/product_tag?post=10400"}],"curies":[{"name":"wp","href":"https:\/\/api.w.org\/{rel}","templated":true}]}}