{"id":10397,"date":"2025-06-26T12:00:07","date_gmt":"2025-06-26T12:00:07","guid":{"rendered":"https:\/\/newhometr.com\/store\/?post_type=product&#038;p=10397"},"modified":"2025-06-28T15:22:48","modified_gmt":"2025-06-28T15:22:48","slug":"fixtech-dugme-ayarli-ford-papagan-pense-silikon-kapli-sap-50","status":"publish","type":"product","link":"https:\/\/newhometr.com\/store\/product\/fixtech-dugme-ayarli-ford-papagan-pense-silikon-kapli-sap-50\/","title":{"rendered":"F\u0130XTECH ( D\u00dc\u011eME AYARLI ) FORD PAPA\u011eAN PENSE ( S\u0130L\u0130KON KAPLI SAP )*50"},"content":{"rendered":"","protected":false},"excerpt":{"rendered":"","protected":false},"featured_media":10398,"comment_status":"open","ping_status":"closed","template":"","meta":[],"product_brand":[448],"product_cat":[38,175],"product_tag":[],"class_list":{"0":"post-10397","1":"product","2":"type-product","3":"status-publish","4":"has-post-thumbnail","6":"product_brand-fixtech","7":"product_cat-tools","8":"product_cat-hand-tools","11":"instock","12":"shipping-taxable","13":"purchasable","14":"product-type-simple"},"_links":{"self":[{"href":"https:\/\/newhometr.com\/store\/wp-json\/wp\/v2\/product\/10397","targetHints":{"allow":["GET"]}}],"collection":[{"href":"https:\/\/newhometr.com\/store\/wp-json\/wp\/v2\/product"}],"about":[{"href":"https:\/\/newhometr.com\/store\/wp-json\/wp\/v2\/types\/product"}],"replies":[{"embeddable":true,"href":"https:\/\/newhometr.com\/store\/wp-json\/wp\/v2\/comments?post=10397"}],"version-history":[{"count":1,"href":"https:\/\/newhometr.com\/store\/wp-json\/wp\/v2\/product\/10397\/revisions"}],"predecessor-version":[{"id":10399,"href":"https:\/\/newhometr.com\/store\/wp-json\/wp\/v2\/product\/10397\/revisions\/10399"}],"wp:featuredmedia":[{"embeddable":true,"href":"https:\/\/newhometr.com\/store\/wp-json\/wp\/v2\/media\/10398"}],"wp:attachment":[{"href":"https:\/\/newhometr.com\/store\/wp-json\/wp\/v2\/media?parent=10397"}],"wp:term":[{"taxonomy":"product_brand","embeddable":true,"href":"https:\/\/newhometr.com\/store\/wp-json\/wp\/v2\/product_brand?post=10397"},{"taxonomy":"product_cat","embeddable":true,"href":"https:\/\/newhometr.com\/store\/wp-json\/wp\/v2\/product_cat?post=10397"},{"taxonomy":"product_tag","embeddable":true,"href":"https:\/\/newhometr.com\/store\/wp-json\/wp\/v2\/product_tag?post=10397"}],"curies":[{"name":"wp","href":"https:\/\/api.w.org\/{rel}","templated":true}]}}