{"id":10372,"date":"2025-06-26T11:25:42","date_gmt":"2025-06-26T11:25:42","guid":{"rendered":"https:\/\/newhometr.com\/store\/?post_type=product&#038;p=10372"},"modified":"2025-06-28T15:18:20","modified_gmt":"2025-06-28T15:18:20","slug":"ahsap-sivaci-malalari","status":"publish","type":"product","link":"https:\/\/newhometr.com\/store\/product\/ahsap-sivaci-malalari\/","title":{"rendered":"Ah\u015fap S\u0131vac\u0131 Malalar\u0131"},"content":{"rendered":"<p>A\u00e7\u0131klama<\/p>\n<p>Do\u011fu\u015f F\u0131r\u00e7a Sanayi olarak \u00fcr\u00fcnlerimizi Orjianl PVC, Moblen, \u013020 gibi Petkim ve \u0130thal hammaddelerimizle \u00fcretmekteyiz. Ayn\u0131 zamanda \u00fcretim hatt\u0131m\u0131zda Do\u011fal ve Hayvansal k\u0131llar yani Tampik otu, Domuz k\u0131l\u0131, At yelesi gibi do\u011fal k\u0131llar kullanarak daha etkili sonu\u00e7lar i\u00e7in kaliteyi \u00f6n g\u00f6rmekteyiz.<br \/>\nDi\u011fer bir \u00fcretim a\u011f\u0131 olan El aletleri grubunda ise kulland\u0131\u011f\u0131m\u0131z \u00e7elikler Alman \u00e7eli\u011fidir. Hammaddelerimizi \u00f6zenle se\u00e7erek \u00fcr\u00fcn haline gelmeleri i\u00e7in makinalar\u0131m\u0131zdan F\u0131r\u00e7a k\u0131l\u0131, F\u0131r\u00e7a takozu, Plastik Saplar gibi yard\u0131mc\u0131 \u00fcr\u00fcnleride tesislerimizde \u00fcretmekteyiz.<br \/>\n\u00dcretilen t\u00fcm \u00fcr\u00fcnler ambalajlan\u0131rken tek tek son kontrolden ge\u00e7erek \u00fcr\u00fcnlerin koli \u00fczerine \u00fcretim tarihi ve kontrol sonras\u0131 durum bilgisi damgalanarak garanti ad\u0131na g\u00fcvenli\u011fi ve kalitenin devaml\u0131 y\u00fcksek kalmas\u0131 sa\u011flan\u0131r. \u00dcretilen \u00fcr\u00fcnler depolar\u0131m\u0131za g\u00f6nderilerek sevk zaman\u0131n\u0131 bekler.<\/p>\n","protected":false},"excerpt":{"rendered":"<p>A\u00e7\u0131klama Do\u011fu\u015f F\u0131r\u00e7a Sanayi olarak \u00fcr\u00fcnlerimizi Orjianl PVC, Moblen, \u013020 gibi Petkim ve \u0130thal hammaddelerimizle \u00fcretmekteyiz. Ayn\u0131 zamanda \u00fcretim hatt\u0131m\u0131zda Do\u011fal ve Hayvansal k\u0131llar yani Tampik otu, Domuz k\u0131l\u0131, At yelesi gibi do\u011fal k\u0131llar kullanarak daha etkili sonu\u00e7lar i\u00e7in kaliteyi \u00f6n g\u00f6rmekteyiz. Di\u011fer bir \u00fcretim a\u011f\u0131 olan El aletleri grubunda ise kulland\u0131\u011f\u0131m\u0131z \u00e7elikler Alman \u00e7eli\u011fidir. &hellip; <a href=\"https:\/\/newhometr.com\/store\/product\/ahsap-sivaci-malalari\/\" class=\"more-link\">Continue reading <span class=\"screen-reader-text\">Ah\u015fap S\u0131vac\u0131 Malalar\u0131<\/span><\/a><\/p>\n","protected":false},"featured_media":10373,"comment_status":"open","ping_status":"closed","template":"","meta":[],"product_brand":[447],"product_cat":[38,175],"product_tag":[],"class_list":{"0":"post-10372","1":"product","2":"type-product","3":"status-publish","4":"has-post-thumbnail","6":"product_brand-dogus-firca","7":"product_cat-tools","8":"product_cat-hand-tools","11":"instock","12":"shipping-taxable","13":"purchasable","14":"product-type-simple"},"_links":{"self":[{"href":"https:\/\/newhometr.com\/store\/wp-json\/wp\/v2\/product\/10372","targetHints":{"allow":["GET"]}}],"collection":[{"href":"https:\/\/newhometr.com\/store\/wp-json\/wp\/v2\/product"}],"about":[{"href":"https:\/\/newhometr.com\/store\/wp-json\/wp\/v2\/types\/product"}],"replies":[{"embeddable":true,"href":"https:\/\/newhometr.com\/store\/wp-json\/wp\/v2\/comments?post=10372"}],"version-history":[{"count":1,"href":"https:\/\/newhometr.com\/store\/wp-json\/wp\/v2\/product\/10372\/revisions"}],"predecessor-version":[{"id":10374,"href":"https:\/\/newhometr.com\/store\/wp-json\/wp\/v2\/product\/10372\/revisions\/10374"}],"wp:featuredmedia":[{"embeddable":true,"href":"https:\/\/newhometr.com\/store\/wp-json\/wp\/v2\/media\/10373"}],"wp:attachment":[{"href":"https:\/\/newhometr.com\/store\/wp-json\/wp\/v2\/media?parent=10372"}],"wp:term":[{"taxonomy":"product_brand","embeddable":true,"href":"https:\/\/newhometr.com\/store\/wp-json\/wp\/v2\/product_brand?post=10372"},{"taxonomy":"product_cat","embeddable":true,"href":"https:\/\/newhometr.com\/store\/wp-json\/wp\/v2\/product_cat?post=10372"},{"taxonomy":"product_tag","embeddable":true,"href":"https:\/\/newhometr.com\/store\/wp-json\/wp\/v2\/product_tag?post=10372"}],"curies":[{"name":"wp","href":"https:\/\/api.w.org\/{rel}","templated":true}]}}