{"id":10365,"date":"2025-06-26T10:52:34","date_gmt":"2025-06-26T10:52:34","guid":{"rendered":"https:\/\/newhometr.com\/store\/?post_type=product&#038;p=10365"},"modified":"2025-06-28T15:16:09","modified_gmt":"2025-06-28T15:16:09","slug":"2-kademeli-ayarli-kompozit-sirik-3-m","status":"publish","type":"product","link":"https:\/\/newhometr.com\/store\/product\/2-kademeli-ayarli-kompozit-sirik-3-m\/","title":{"rendered":"2 Kademeli Ayarl\u0131 Kompozit S\u0131r\u0131k 3 m"},"content":{"rendered":"","protected":false},"excerpt":{"rendered":"","protected":false},"featured_media":10366,"comment_status":"open","ping_status":"closed","template":"","meta":[],"product_brand":[446],"product_cat":[38,175],"product_tag":[],"class_list":{"0":"post-10365","1":"product","2":"type-product","3":"status-publish","4":"has-post-thumbnail","6":"product_brand-dekor","7":"product_cat-tools","8":"product_cat-hand-tools","11":"instock","12":"shipping-taxable","13":"purchasable","14":"product-type-simple"},"_links":{"self":[{"href":"https:\/\/newhometr.com\/store\/wp-json\/wp\/v2\/product\/10365","targetHints":{"allow":["GET"]}}],"collection":[{"href":"https:\/\/newhometr.com\/store\/wp-json\/wp\/v2\/product"}],"about":[{"href":"https:\/\/newhometr.com\/store\/wp-json\/wp\/v2\/types\/product"}],"replies":[{"embeddable":true,"href":"https:\/\/newhometr.com\/store\/wp-json\/wp\/v2\/comments?post=10365"}],"version-history":[{"count":1,"href":"https:\/\/newhometr.com\/store\/wp-json\/wp\/v2\/product\/10365\/revisions"}],"predecessor-version":[{"id":10367,"href":"https:\/\/newhometr.com\/store\/wp-json\/wp\/v2\/product\/10365\/revisions\/10367"}],"wp:featuredmedia":[{"embeddable":true,"href":"https:\/\/newhometr.com\/store\/wp-json\/wp\/v2\/media\/10366"}],"wp:attachment":[{"href":"https:\/\/newhometr.com\/store\/wp-json\/wp\/v2\/media?parent=10365"}],"wp:term":[{"taxonomy":"product_brand","embeddable":true,"href":"https:\/\/newhometr.com\/store\/wp-json\/wp\/v2\/product_brand?post=10365"},{"taxonomy":"product_cat","embeddable":true,"href":"https:\/\/newhometr.com\/store\/wp-json\/wp\/v2\/product_cat?post=10365"},{"taxonomy":"product_tag","embeddable":true,"href":"https:\/\/newhometr.com\/store\/wp-json\/wp\/v2\/product_tag?post=10365"}],"curies":[{"name":"wp","href":"https:\/\/api.w.org\/{rel}","templated":true}]}}