{"id":10357,"date":"2025-06-26T10:45:41","date_gmt":"2025-06-26T10:45:41","guid":{"rendered":"https:\/\/newhometr.com\/store\/?post_type=product&#038;p=10357"},"modified":"2025-06-28T17:19:10","modified_gmt":"2025-06-28T17:19:10","slug":"boyaci-kabi","status":"publish","type":"product","link":"https:\/\/newhometr.com\/store\/product\/boyaci-kabi\/","title":{"rendered":"Boyac\u0131 Kab\u0131"},"content":{"rendered":"<p>Boyac\u0131 Kab\u0131<\/p>\n<p>Rulonun \u00fczerindeki fazla boyay\u0131 s\u00fczen y\u00fczeyi ve haznesi ile boyac\u0131 kab\u0131, boyac\u0131lar\u0131n yard\u0131mc\u0131s\u0131d\u0131r.<\/p>\n","protected":false},"excerpt":{"rendered":"<p>Boyac\u0131 Kab\u0131 Rulonun \u00fczerindeki fazla boyay\u0131 s\u00fczen y\u00fczeyi ve haznesi ile boyac\u0131 kab\u0131, boyac\u0131lar\u0131n yard\u0131mc\u0131s\u0131d\u0131r.<\/p>\n","protected":false},"featured_media":10358,"comment_status":"open","ping_status":"closed","template":"","meta":[],"product_brand":[446],"product_cat":[473,474,38,57],"product_tag":[],"class_list":{"0":"post-10357","1":"product","2":"type-product","3":"status-publish","4":"has-post-thumbnail","6":"product_brand-dekor","7":"product_cat-painting-tools","8":"product_cat-painting-tools-paint","9":"product_cat-tools","10":"product_cat-paint","13":"instock","14":"shipping-taxable","15":"purchasable","16":"product-type-simple"},"_links":{"self":[{"href":"https:\/\/newhometr.com\/store\/wp-json\/wp\/v2\/product\/10357","targetHints":{"allow":["GET"]}}],"collection":[{"href":"https:\/\/newhometr.com\/store\/wp-json\/wp\/v2\/product"}],"about":[{"href":"https:\/\/newhometr.com\/store\/wp-json\/wp\/v2\/types\/product"}],"replies":[{"embeddable":true,"href":"https:\/\/newhometr.com\/store\/wp-json\/wp\/v2\/comments?post=10357"}],"version-history":[{"count":1,"href":"https:\/\/newhometr.com\/store\/wp-json\/wp\/v2\/product\/10357\/revisions"}],"predecessor-version":[{"id":10359,"href":"https:\/\/newhometr.com\/store\/wp-json\/wp\/v2\/product\/10357\/revisions\/10359"}],"wp:featuredmedia":[{"embeddable":true,"href":"https:\/\/newhometr.com\/store\/wp-json\/wp\/v2\/media\/10358"}],"wp:attachment":[{"href":"https:\/\/newhometr.com\/store\/wp-json\/wp\/v2\/media?parent=10357"}],"wp:term":[{"taxonomy":"product_brand","embeddable":true,"href":"https:\/\/newhometr.com\/store\/wp-json\/wp\/v2\/product_brand?post=10357"},{"taxonomy":"product_cat","embeddable":true,"href":"https:\/\/newhometr.com\/store\/wp-json\/wp\/v2\/product_cat?post=10357"},{"taxonomy":"product_tag","embeddable":true,"href":"https:\/\/newhometr.com\/store\/wp-json\/wp\/v2\/product_tag?post=10357"}],"curies":[{"name":"wp","href":"https:\/\/api.w.org\/{rel}","templated":true}]}}