{"id":10345,"date":"2025-06-25T23:44:18","date_gmt":"2025-06-25T23:44:18","guid":{"rendered":"https:\/\/newhometr.com\/store\/?post_type=product&#038;p=10345"},"modified":"2025-06-28T15:10:58","modified_gmt":"2025-06-28T15:10:58","slug":"beybi-pn-3-kirmizi-siyah-posetli-isci-eldiven-no-10xl12x24","status":"publish","type":"product","link":"https:\/\/newhometr.com\/store\/product\/beybi-pn-3-kirmizi-siyah-posetli-isci-eldiven-no-10xl12x24\/","title":{"rendered":"BEYB\u0130 PN-3 ( KIRMIZI &amp; S\u0130YAH ) PO\u015eETL\u0130 \u0130\u015e\u00c7\u0130 ELD\u0130VEN NO-10XL*12X24"},"content":{"rendered":"","protected":false},"excerpt":{"rendered":"","protected":false},"featured_media":10346,"comment_status":"open","ping_status":"closed","template":"","meta":[],"product_brand":[444],"product_cat":[469,38],"product_tag":[],"class_list":{"0":"post-10345","1":"product","2":"type-product","3":"status-publish","4":"has-post-thumbnail","6":"product_brand-beybi","7":"product_cat-safety-equipment","8":"product_cat-tools","11":"instock","12":"shipping-taxable","13":"purchasable","14":"product-type-simple"},"_links":{"self":[{"href":"https:\/\/newhometr.com\/store\/wp-json\/wp\/v2\/product\/10345","targetHints":{"allow":["GET"]}}],"collection":[{"href":"https:\/\/newhometr.com\/store\/wp-json\/wp\/v2\/product"}],"about":[{"href":"https:\/\/newhometr.com\/store\/wp-json\/wp\/v2\/types\/product"}],"replies":[{"embeddable":true,"href":"https:\/\/newhometr.com\/store\/wp-json\/wp\/v2\/comments?post=10345"}],"version-history":[{"count":1,"href":"https:\/\/newhometr.com\/store\/wp-json\/wp\/v2\/product\/10345\/revisions"}],"predecessor-version":[{"id":10347,"href":"https:\/\/newhometr.com\/store\/wp-json\/wp\/v2\/product\/10345\/revisions\/10347"}],"wp:featuredmedia":[{"embeddable":true,"href":"https:\/\/newhometr.com\/store\/wp-json\/wp\/v2\/media\/10346"}],"wp:attachment":[{"href":"https:\/\/newhometr.com\/store\/wp-json\/wp\/v2\/media?parent=10345"}],"wp:term":[{"taxonomy":"product_brand","embeddable":true,"href":"https:\/\/newhometr.com\/store\/wp-json\/wp\/v2\/product_brand?post=10345"},{"taxonomy":"product_cat","embeddable":true,"href":"https:\/\/newhometr.com\/store\/wp-json\/wp\/v2\/product_cat?post=10345"},{"taxonomy":"product_tag","embeddable":true,"href":"https:\/\/newhometr.com\/store\/wp-json\/wp\/v2\/product_tag?post=10345"}],"curies":[{"name":"wp","href":"https:\/\/api.w.org\/{rel}","templated":true}]}}