{"id":10342,"date":"2025-06-25T23:41:34","date_gmt":"2025-06-25T23:41:34","guid":{"rendered":"https:\/\/newhometr.com\/store\/?post_type=product&#038;p=10342"},"modified":"2025-06-28T15:09:08","modified_gmt":"2025-06-28T15:09:08","slug":"tyson-hizli-yapistirici-400ml","status":"publish","type":"product","link":"https:\/\/newhometr.com\/store\/product\/tyson-hizli-yapistirici-400ml\/","title":{"rendered":"TYSON HIZLI YAPI\u015eTIRICI 400ml"},"content":{"rendered":"<p>\u00dcr\u00fcn A\u00e7\u0131klamas\u0131\/Bilgilendirme<\/p>\n<p>\u2013 Y\u00fcksek birle\u015ftirme g\u00fcc\u00fc sa\u011flar.<\/p>\n<p>\u2013 Damlama veya \u00e7\u00f6kme yapmayaca\u011f\u0131ndan dikey y\u00fczeylerde de kullan\u0131ma uygundur.<\/p>\n<p>\u2013 Y\u00fczey taraf\u0131ndan emilen bir yap\u0131\u015ft\u0131rma sunmas\u0131ndan dolay\u0131 \u00f6zellikle g\u00f6zenekli veya dengesiz yap\u0131daki birle\u015ftirmesi zor malzemeler \u00fczerinde de kullan\u0131ma uygundur.<\/p>\n","protected":false},"excerpt":{"rendered":"<p>\u00dcr\u00fcn A\u00e7\u0131klamas\u0131\/Bilgilendirme \u2013 Y\u00fcksek birle\u015ftirme g\u00fcc\u00fc sa\u011flar. \u2013 Damlama veya \u00e7\u00f6kme yapmayaca\u011f\u0131ndan dikey y\u00fczeylerde de kullan\u0131ma uygundur. \u2013 Y\u00fczey taraf\u0131ndan emilen bir yap\u0131\u015ft\u0131rma sunmas\u0131ndan dolay\u0131 \u00f6zellikle g\u00f6zenekli veya dengesiz yap\u0131daki birle\u015ftirmesi zor malzemeler \u00fczerinde de kullan\u0131ma uygundur.<\/p>\n","protected":false},"featured_media":10343,"comment_status":"open","ping_status":"closed","template":"","meta":[],"product_brand":[],"product_cat":[465,52],"product_tag":[],"class_list":{"0":"post-10342","1":"product","2":"type-product","3":"status-publish","4":"has-post-thumbnail","6":"product_cat-fixing-and-adhesive-materials","7":"product_cat-building-materials","10":"instock","11":"shipping-taxable","12":"purchasable","13":"product-type-simple"},"_links":{"self":[{"href":"https:\/\/newhometr.com\/store\/wp-json\/wp\/v2\/product\/10342","targetHints":{"allow":["GET"]}}],"collection":[{"href":"https:\/\/newhometr.com\/store\/wp-json\/wp\/v2\/product"}],"about":[{"href":"https:\/\/newhometr.com\/store\/wp-json\/wp\/v2\/types\/product"}],"replies":[{"embeddable":true,"href":"https:\/\/newhometr.com\/store\/wp-json\/wp\/v2\/comments?post=10342"}],"version-history":[{"count":2,"href":"https:\/\/newhometr.com\/store\/wp-json\/wp\/v2\/product\/10342\/revisions"}],"predecessor-version":[{"id":10505,"href":"https:\/\/newhometr.com\/store\/wp-json\/wp\/v2\/product\/10342\/revisions\/10505"}],"wp:featuredmedia":[{"embeddable":true,"href":"https:\/\/newhometr.com\/store\/wp-json\/wp\/v2\/media\/10343"}],"wp:attachment":[{"href":"https:\/\/newhometr.com\/store\/wp-json\/wp\/v2\/media?parent=10342"}],"wp:term":[{"taxonomy":"product_brand","embeddable":true,"href":"https:\/\/newhometr.com\/store\/wp-json\/wp\/v2\/product_brand?post=10342"},{"taxonomy":"product_cat","embeddable":true,"href":"https:\/\/newhometr.com\/store\/wp-json\/wp\/v2\/product_cat?post=10342"},{"taxonomy":"product_tag","embeddable":true,"href":"https:\/\/newhometr.com\/store\/wp-json\/wp\/v2\/product_tag?post=10342"}],"curies":[{"name":"wp","href":"https:\/\/api.w.org\/{rel}","templated":true}]}}