{"id":10338,"date":"2025-06-25T23:38:39","date_gmt":"2025-06-25T23:38:39","guid":{"rendered":"https:\/\/newhometr.com\/store\/?post_type=product&#038;p=10338"},"modified":"2025-06-28T15:07:56","modified_gmt":"2025-06-28T15:07:56","slug":"kupa-folyo-bant-aluminyum-45mm-x-20mt","status":"publish","type":"product","link":"https:\/\/newhometr.com\/store\/product\/kupa-folyo-bant-aluminyum-45mm-x-20mt\/","title":{"rendered":"KUPA FOLYO BANT AL\u00dcM\u0130NYUM 45mm x 20mt."},"content":{"rendered":"<p>\u00dcr\u00fcn A\u00e7\u0131klamas\u0131\/Bilgilendirme<\/p>\n<p>\u2013 Kuvvetli yap\u0131\u015ft\u0131rma<\/p>\n<p>\u2013 Nem ve \u0131s\u0131 dayan\u0131m\u0131<\/p>\n<p>\u2013 T\u00fcm hava ko\u015fullar\u0131na dayan\u0131kl\u0131<\/p>\n","protected":false},"excerpt":{"rendered":"<p>\u00dcr\u00fcn A\u00e7\u0131klamas\u0131\/Bilgilendirme \u2013 Kuvvetli yap\u0131\u015ft\u0131rma \u2013 Nem ve \u0131s\u0131 dayan\u0131m\u0131 \u2013 T\u00fcm hava ko\u015fullar\u0131na dayan\u0131kl\u0131<\/p>\n","protected":false},"featured_media":10339,"comment_status":"open","ping_status":"closed","template":"","meta":[],"product_brand":[],"product_cat":[465,52],"product_tag":[],"class_list":{"0":"post-10338","1":"product","2":"type-product","3":"status-publish","4":"has-post-thumbnail","6":"product_cat-fixing-and-adhesive-materials","7":"product_cat-building-materials","10":"instock","11":"shipping-taxable","12":"purchasable","13":"product-type-simple"},"_links":{"self":[{"href":"https:\/\/newhometr.com\/store\/wp-json\/wp\/v2\/product\/10338","targetHints":{"allow":["GET"]}}],"collection":[{"href":"https:\/\/newhometr.com\/store\/wp-json\/wp\/v2\/product"}],"about":[{"href":"https:\/\/newhometr.com\/store\/wp-json\/wp\/v2\/types\/product"}],"replies":[{"embeddable":true,"href":"https:\/\/newhometr.com\/store\/wp-json\/wp\/v2\/comments?post=10338"}],"version-history":[{"count":1,"href":"https:\/\/newhometr.com\/store\/wp-json\/wp\/v2\/product\/10338\/revisions"}],"predecessor-version":[{"id":10340,"href":"https:\/\/newhometr.com\/store\/wp-json\/wp\/v2\/product\/10338\/revisions\/10340"}],"wp:featuredmedia":[{"embeddable":true,"href":"https:\/\/newhometr.com\/store\/wp-json\/wp\/v2\/media\/10339"}],"wp:attachment":[{"href":"https:\/\/newhometr.com\/store\/wp-json\/wp\/v2\/media?parent=10338"}],"wp:term":[{"taxonomy":"product_brand","embeddable":true,"href":"https:\/\/newhometr.com\/store\/wp-json\/wp\/v2\/product_brand?post=10338"},{"taxonomy":"product_cat","embeddable":true,"href":"https:\/\/newhometr.com\/store\/wp-json\/wp\/v2\/product_cat?post=10338"},{"taxonomy":"product_tag","embeddable":true,"href":"https:\/\/newhometr.com\/store\/wp-json\/wp\/v2\/product_tag?post=10338"}],"curies":[{"name":"wp","href":"https:\/\/api.w.org\/{rel}","templated":true}]}}