{"id":10332,"date":"2025-06-25T23:31:36","date_gmt":"2025-06-25T23:31:36","guid":{"rendered":"https:\/\/newhometr.com\/store\/?post_type=product&#038;p=10332"},"modified":"2025-06-28T15:06:45","modified_gmt":"2025-06-28T15:06:45","slug":"kupa-tamir-bandi-mavi","status":"publish","type":"product","link":"https:\/\/newhometr.com\/store\/product\/kupa-tamir-bandi-mavi\/","title":{"rendered":"KUPA TAM\u0130R BANDI Mavi"},"content":{"rendered":"<p>\u00dcr\u00fcn A\u00e7\u0131klamas\u0131\/Bilgilendirme<\/p>\n<p>\u2013 Su ge\u00e7irmez.<\/p>\n<p>\u2013 Elle y\u0131rt\u0131labilir.<\/p>\n<p>\u2013 Kuvvetli yap\u0131\u015ft\u0131rma<\/p>\n<p>\u2013 T\u00fcm hava ko\u015fullar\u0131na dayan\u0131kl\u0131d\u0131r.<\/p>\n","protected":false},"excerpt":{"rendered":"<p>\u00dcr\u00fcn A\u00e7\u0131klamas\u0131\/Bilgilendirme \u2013 Su ge\u00e7irmez. \u2013 Elle y\u0131rt\u0131labilir. \u2013 Kuvvetli yap\u0131\u015ft\u0131rma \u2013 T\u00fcm hava ko\u015fullar\u0131na dayan\u0131kl\u0131d\u0131r.<\/p>\n","protected":false},"featured_media":10333,"comment_status":"open","ping_status":"closed","template":"","meta":[],"product_brand":[],"product_cat":[465,52],"product_tag":[],"class_list":{"0":"post-10332","1":"product","2":"type-product","3":"status-publish","4":"has-post-thumbnail","6":"product_cat-fixing-and-adhesive-materials","7":"product_cat-building-materials","10":"instock","11":"shipping-taxable","12":"purchasable","13":"product-type-simple"},"_links":{"self":[{"href":"https:\/\/newhometr.com\/store\/wp-json\/wp\/v2\/product\/10332","targetHints":{"allow":["GET"]}}],"collection":[{"href":"https:\/\/newhometr.com\/store\/wp-json\/wp\/v2\/product"}],"about":[{"href":"https:\/\/newhometr.com\/store\/wp-json\/wp\/v2\/types\/product"}],"replies":[{"embeddable":true,"href":"https:\/\/newhometr.com\/store\/wp-json\/wp\/v2\/comments?post=10332"}],"version-history":[{"count":2,"href":"https:\/\/newhometr.com\/store\/wp-json\/wp\/v2\/product\/10332\/revisions"}],"predecessor-version":[{"id":10335,"href":"https:\/\/newhometr.com\/store\/wp-json\/wp\/v2\/product\/10332\/revisions\/10335"}],"wp:featuredmedia":[{"embeddable":true,"href":"https:\/\/newhometr.com\/store\/wp-json\/wp\/v2\/media\/10333"}],"wp:attachment":[{"href":"https:\/\/newhometr.com\/store\/wp-json\/wp\/v2\/media?parent=10332"}],"wp:term":[{"taxonomy":"product_brand","embeddable":true,"href":"https:\/\/newhometr.com\/store\/wp-json\/wp\/v2\/product_brand?post=10332"},{"taxonomy":"product_cat","embeddable":true,"href":"https:\/\/newhometr.com\/store\/wp-json\/wp\/v2\/product_cat?post=10332"},{"taxonomy":"product_tag","embeddable":true,"href":"https:\/\/newhometr.com\/store\/wp-json\/wp\/v2\/product_tag?post=10332"}],"curies":[{"name":"wp","href":"https:\/\/api.w.org\/{rel}","templated":true}]}}