{"id":10328,"date":"2025-06-25T23:28:59","date_gmt":"2025-06-25T23:28:59","guid":{"rendered":"https:\/\/newhometr.com\/store\/?post_type=product&#038;p=10328"},"modified":"2025-06-28T14:25:15","modified_gmt":"2025-06-28T14:25:15","slug":"kupa-maskeleme-bandi-48mm-x-25-yard","status":"publish","type":"product","link":"https:\/\/newhometr.com\/store\/product\/kupa-maskeleme-bandi-48mm-x-25-yard\/","title":{"rendered":"KUPA MASKELEME BANDI 48mm x 25 YARD"},"content":{"rendered":"<p>\u00dcr\u00fcn A\u00e7\u0131klamas\u0131\/Bilgilendirme<\/p>\n<p>\u2013 Kuvvetli yap\u0131\u015ft\u0131rma<\/p>\n<p>\u2013 T\u00fcm hava ko\u015fullar\u0131na dayan\u0131kl\u0131<\/p>\n<p>\u2013 \u0130z b\u0131rakmaz.<\/p>\n","protected":false},"excerpt":{"rendered":"<p>\u00dcr\u00fcn A\u00e7\u0131klamas\u0131\/Bilgilendirme \u2013 Kuvvetli yap\u0131\u015ft\u0131rma \u2013 T\u00fcm hava ko\u015fullar\u0131na dayan\u0131kl\u0131 \u2013 \u0130z b\u0131rakmaz.<\/p>\n","protected":false},"featured_media":10329,"comment_status":"open","ping_status":"closed","template":"","meta":[],"product_brand":[],"product_cat":[465,52],"product_tag":[],"class_list":{"0":"post-10328","1":"product","2":"type-product","3":"status-publish","4":"has-post-thumbnail","6":"product_cat-fixing-and-adhesive-materials","7":"product_cat-building-materials","10":"instock","11":"shipping-taxable","12":"purchasable","13":"product-type-simple"},"_links":{"self":[{"href":"https:\/\/newhometr.com\/store\/wp-json\/wp\/v2\/product\/10328","targetHints":{"allow":["GET"]}}],"collection":[{"href":"https:\/\/newhometr.com\/store\/wp-json\/wp\/v2\/product"}],"about":[{"href":"https:\/\/newhometr.com\/store\/wp-json\/wp\/v2\/types\/product"}],"replies":[{"embeddable":true,"href":"https:\/\/newhometr.com\/store\/wp-json\/wp\/v2\/comments?post=10328"}],"version-history":[{"count":2,"href":"https:\/\/newhometr.com\/store\/wp-json\/wp\/v2\/product\/10328\/revisions"}],"predecessor-version":[{"id":10331,"href":"https:\/\/newhometr.com\/store\/wp-json\/wp\/v2\/product\/10328\/revisions\/10331"}],"wp:featuredmedia":[{"embeddable":true,"href":"https:\/\/newhometr.com\/store\/wp-json\/wp\/v2\/media\/10329"}],"wp:attachment":[{"href":"https:\/\/newhometr.com\/store\/wp-json\/wp\/v2\/media?parent=10328"}],"wp:term":[{"taxonomy":"product_brand","embeddable":true,"href":"https:\/\/newhometr.com\/store\/wp-json\/wp\/v2\/product_brand?post=10328"},{"taxonomy":"product_cat","embeddable":true,"href":"https:\/\/newhometr.com\/store\/wp-json\/wp\/v2\/product_cat?post=10328"},{"taxonomy":"product_tag","embeddable":true,"href":"https:\/\/newhometr.com\/store\/wp-json\/wp\/v2\/product_tag?post=10328"}],"curies":[{"name":"wp","href":"https:\/\/api.w.org\/{rel}","templated":true}]}}