{"id":10321,"date":"2025-06-25T23:22:10","date_gmt":"2025-06-25T23:22:10","guid":{"rendered":"https:\/\/newhometr.com\/store\/?post_type=product&#038;p=10321"},"modified":"2025-06-28T14:01:10","modified_gmt":"2025-06-28T14:01:10","slug":"kupa-pvc-emniyet-kilitleri-cekmeli-beyaz","status":"publish","type":"product","link":"https:\/\/newhometr.com\/store\/product\/kupa-pvc-emniyet-kilitleri-cekmeli-beyaz\/","title":{"rendered":"KUPA PVC EMN\u0130YET K\u0130L\u0130TLER\u0130 \u00c7ekmeli Beyaz"},"content":{"rendered":"<p>\u00dcr\u00fcn A\u00e7\u0131klamas\u0131\/Bilgilendirme<\/p>\n<p>\u2013 PVC, Ah\u015fap, Al\u00fcminyum kap\u0131larda ve pencerelerde kullan\u0131labilir.<\/p>\n<p>\u2013 \u00c7ocuk g\u00fcvenli\u011fi sa\u011flar.<\/p>\n<p>\u2013 H\u0131rs\u0131zlara kar\u015f\u0131 tedbir olu\u015fturur.<\/p>\n","protected":false},"excerpt":{"rendered":"<p>\u00dcr\u00fcn A\u00e7\u0131klamas\u0131\/Bilgilendirme \u2013 PVC, Ah\u015fap, Al\u00fcminyum kap\u0131larda ve pencerelerde kullan\u0131labilir. \u2013 \u00c7ocuk g\u00fcvenli\u011fi sa\u011flar. \u2013 H\u0131rs\u0131zlara kar\u015f\u0131 tedbir olu\u015fturur.<\/p>\n","protected":false},"featured_media":10322,"comment_status":"open","ping_status":"closed","template":"","meta":[],"product_brand":[],"product_cat":[472,38],"product_tag":[],"class_list":{"0":"post-10321","1":"product","2":"type-product","3":"status-publish","4":"has-post-thumbnail","6":"product_cat-safety-equipment-and-locks","7":"product_cat-tools","10":"instock","11":"shipping-taxable","12":"purchasable","13":"product-type-simple"},"_links":{"self":[{"href":"https:\/\/newhometr.com\/store\/wp-json\/wp\/v2\/product\/10321","targetHints":{"allow":["GET"]}}],"collection":[{"href":"https:\/\/newhometr.com\/store\/wp-json\/wp\/v2\/product"}],"about":[{"href":"https:\/\/newhometr.com\/store\/wp-json\/wp\/v2\/types\/product"}],"replies":[{"embeddable":true,"href":"https:\/\/newhometr.com\/store\/wp-json\/wp\/v2\/comments?post=10321"}],"version-history":[{"count":2,"href":"https:\/\/newhometr.com\/store\/wp-json\/wp\/v2\/product\/10321\/revisions"}],"predecessor-version":[{"id":10324,"href":"https:\/\/newhometr.com\/store\/wp-json\/wp\/v2\/product\/10321\/revisions\/10324"}],"wp:featuredmedia":[{"embeddable":true,"href":"https:\/\/newhometr.com\/store\/wp-json\/wp\/v2\/media\/10322"}],"wp:attachment":[{"href":"https:\/\/newhometr.com\/store\/wp-json\/wp\/v2\/media?parent=10321"}],"wp:term":[{"taxonomy":"product_brand","embeddable":true,"href":"https:\/\/newhometr.com\/store\/wp-json\/wp\/v2\/product_brand?post=10321"},{"taxonomy":"product_cat","embeddable":true,"href":"https:\/\/newhometr.com\/store\/wp-json\/wp\/v2\/product_cat?post=10321"},{"taxonomy":"product_tag","embeddable":true,"href":"https:\/\/newhometr.com\/store\/wp-json\/wp\/v2\/product_tag?post=10321"}],"curies":[{"name":"wp","href":"https:\/\/api.w.org\/{rel}","templated":true}]}}