{"id":10317,"date":"2025-06-25T23:20:01","date_gmt":"2025-06-25T23:20:01","guid":{"rendered":"https:\/\/newhometr.com\/store\/?post_type=product&#038;p=10317"},"modified":"2025-06-29T18:05:40","modified_gmt":"2025-06-29T18:05:40","slug":"kupa-lavoba-acma-sustasi-8m","status":"publish","type":"product","link":"https:\/\/newhometr.com\/store\/product\/kupa-lavoba-acma-sustasi-8m\/","title":{"rendered":"KUPA LAVOBA A\u00c7MA SUSTASI 8m"},"content":{"rendered":"<p>\u00dcr\u00fcn A\u00e7\u0131klamas\u0131\/Bilgilendirme<\/p>\n<p>\u2013 Saf \u00e7elikten \u00fcretilmi\u015ftir. Yayl\u0131d\u0131r. Kullan\u0131m\u0131 \u00e7ok pratiktir.<\/p>\n<p>\u2013 Herhangi bir uzmanl\u0131k gerektirmez.<\/p>\n<p>\u2013 T\u0131kal\u0131 ve dolu her \u00e7e\u015fit s\u0131v\u0131, kat\u0131 at\u0131k giderinin temizlenmesi i\u00e7in dizayn edilmi\u015f ergonomik sapl\u0131 ve kullan\u0131m kolayl\u0131\u011f\u0131 sa\u011flayan bir \u00fcr\u00fcnd\u00fcr.<\/p>\n<p>\u2013 Dayan\u0131kl\u0131 yap\u0131s\u0131 sayesinde uzun \u00f6m\u00fcrl\u00fcd\u00fcr.<\/p>\n","protected":false},"excerpt":{"rendered":"<p>\u00dcr\u00fcn A\u00e7\u0131klamas\u0131\/Bilgilendirme \u2013 Saf \u00e7elikten \u00fcretilmi\u015ftir. Yayl\u0131d\u0131r. Kullan\u0131m\u0131 \u00e7ok pratiktir. \u2013 Herhangi bir uzmanl\u0131k gerektirmez. \u2013 T\u0131kal\u0131 ve dolu her \u00e7e\u015fit s\u0131v\u0131, kat\u0131 at\u0131k giderinin temizlenmesi i\u00e7in dizayn edilmi\u015f ergonomik sapl\u0131 ve kullan\u0131m kolayl\u0131\u011f\u0131 sa\u011flayan bir \u00fcr\u00fcnd\u00fcr. \u2013 Dayan\u0131kl\u0131 yap\u0131s\u0131 sayesinde uzun \u00f6m\u00fcrl\u00fcd\u00fcr.<\/p>\n","protected":false},"featured_media":10318,"comment_status":"open","ping_status":"closed","template":"","meta":[],"product_brand":[],"product_cat":[477,478,38],"product_tag":[],"class_list":{"0":"post-10317","1":"product","2":"type-product","3":"status-publish","4":"has-post-thumbnail","6":"product_cat-plumbing-tools","7":"product_cat-plumbing-tools-plumbing","8":"product_cat-tools","11":"instock","12":"shipping-taxable","13":"purchasable","14":"product-type-simple"},"_links":{"self":[{"href":"https:\/\/newhometr.com\/store\/wp-json\/wp\/v2\/product\/10317","targetHints":{"allow":["GET"]}}],"collection":[{"href":"https:\/\/newhometr.com\/store\/wp-json\/wp\/v2\/product"}],"about":[{"href":"https:\/\/newhometr.com\/store\/wp-json\/wp\/v2\/types\/product"}],"replies":[{"embeddable":true,"href":"https:\/\/newhometr.com\/store\/wp-json\/wp\/v2\/comments?post=10317"}],"version-history":[{"count":2,"href":"https:\/\/newhometr.com\/store\/wp-json\/wp\/v2\/product\/10317\/revisions"}],"predecessor-version":[{"id":10320,"href":"https:\/\/newhometr.com\/store\/wp-json\/wp\/v2\/product\/10317\/revisions\/10320"}],"wp:featuredmedia":[{"embeddable":true,"href":"https:\/\/newhometr.com\/store\/wp-json\/wp\/v2\/media\/10318"}],"wp:attachment":[{"href":"https:\/\/newhometr.com\/store\/wp-json\/wp\/v2\/media?parent=10317"}],"wp:term":[{"taxonomy":"product_brand","embeddable":true,"href":"https:\/\/newhometr.com\/store\/wp-json\/wp\/v2\/product_brand?post=10317"},{"taxonomy":"product_cat","embeddable":true,"href":"https:\/\/newhometr.com\/store\/wp-json\/wp\/v2\/product_cat?post=10317"},{"taxonomy":"product_tag","embeddable":true,"href":"https:\/\/newhometr.com\/store\/wp-json\/wp\/v2\/product_tag?post=10317"}],"curies":[{"name":"wp","href":"https:\/\/api.w.org\/{rel}","templated":true}]}}