{"id":10311,"date":"2025-06-25T23:14:59","date_gmt":"2025-06-25T23:14:59","guid":{"rendered":"https:\/\/newhometr.com\/store\/?post_type=product&#038;p=10311"},"modified":"2025-06-28T13:54:11","modified_gmt":"2025-06-28T13:54:11","slug":"kupa-boru-kaynak-makinesi-1300-w","status":"publish","type":"product","link":"https:\/\/newhometr.com\/store\/product\/kupa-boru-kaynak-makinesi-1300-w\/","title":{"rendered":"KUPA BORU KAYNAK MAK\u0130NES\u0130 1300 W"},"content":{"rendered":"<p>\u00dcr\u00fcn A\u00e7\u0131klamas\u0131\/Bilgilendirme<\/p>\n<p>\u2013 S\u0131cakl\u0131k aral\u0131\u011f\u0131 50-300 Derece<\/p>\n<p>\u2013 Polisajl\u0131 al\u00fcminyum \u00fct\u00fc<\/p>\n<p>\u2013 Frekans 50-60 Hz<\/p>\n","protected":false},"excerpt":{"rendered":"<p>\u00dcr\u00fcn A\u00e7\u0131klamas\u0131\/Bilgilendirme \u2013 S\u0131cakl\u0131k aral\u0131\u011f\u0131 50-300 Derece \u2013 Polisajl\u0131 al\u00fcminyum \u00fct\u00fc \u2013 Frekans 50-60 Hz<\/p>\n","protected":false},"featured_media":10312,"comment_status":"open","ping_status":"closed","template":"","meta":[],"product_brand":[],"product_cat":[466,38],"product_tag":[],"class_list":{"0":"post-10311","1":"product","2":"type-product","3":"status-publish","4":"has-post-thumbnail","6":"product_cat-electrical-equipment","7":"product_cat-tools","10":"instock","11":"shipping-taxable","12":"purchasable","13":"product-type-simple"},"_links":{"self":[{"href":"https:\/\/newhometr.com\/store\/wp-json\/wp\/v2\/product\/10311","targetHints":{"allow":["GET"]}}],"collection":[{"href":"https:\/\/newhometr.com\/store\/wp-json\/wp\/v2\/product"}],"about":[{"href":"https:\/\/newhometr.com\/store\/wp-json\/wp\/v2\/types\/product"}],"replies":[{"embeddable":true,"href":"https:\/\/newhometr.com\/store\/wp-json\/wp\/v2\/comments?post=10311"}],"version-history":[{"count":1,"href":"https:\/\/newhometr.com\/store\/wp-json\/wp\/v2\/product\/10311\/revisions"}],"predecessor-version":[{"id":10313,"href":"https:\/\/newhometr.com\/store\/wp-json\/wp\/v2\/product\/10311\/revisions\/10313"}],"wp:featuredmedia":[{"embeddable":true,"href":"https:\/\/newhometr.com\/store\/wp-json\/wp\/v2\/media\/10312"}],"wp:attachment":[{"href":"https:\/\/newhometr.com\/store\/wp-json\/wp\/v2\/media?parent=10311"}],"wp:term":[{"taxonomy":"product_brand","embeddable":true,"href":"https:\/\/newhometr.com\/store\/wp-json\/wp\/v2\/product_brand?post=10311"},{"taxonomy":"product_cat","embeddable":true,"href":"https:\/\/newhometr.com\/store\/wp-json\/wp\/v2\/product_cat?post=10311"},{"taxonomy":"product_tag","embeddable":true,"href":"https:\/\/newhometr.com\/store\/wp-json\/wp\/v2\/product_tag?post=10311"}],"curies":[{"name":"wp","href":"https:\/\/api.w.org\/{rel}","templated":true}]}}