{"id":10307,"date":"2025-06-25T23:12:19","date_gmt":"2025-06-25T23:12:19","guid":{"rendered":"https:\/\/newhometr.com\/store\/?post_type=product&#038;p=10307"},"modified":"2025-06-28T13:51:48","modified_gmt":"2025-06-28T13:51:48","slug":"kupa-bisiklet-pompasi-ayak","status":"publish","type":"product","link":"https:\/\/newhometr.com\/store\/product\/kupa-bisiklet-pompasi-ayak\/","title":{"rendered":"KUPA B\u0130S\u0130KLET POMPASI (Ayak)"},"content":{"rendered":"<p>\u00dcr\u00fcn A\u00e7\u0131klamas\u0131\/Bilgilendirme<\/p>\n<p>\u2013 Tamamen ayak g\u00fcc\u00fc ile \u00e7al\u0131\u015f\u0131r.<\/p>\n<p>\u2013 Sa\u011flam metal g\u00f6vdesi sayesinde uzun \u00f6m\u00fcrl\u00fcd\u00fcr.<\/p>\n<p>\u2013 Ayakl\u0131 hava bas\u0131nc\u0131n\u0131n \u00fczerinde hava bas\u0131n\u00e7 g\u00f6sterge bulunmaktad\u0131r.<\/p>\n<p>\u2013 Piston sistemiyle hava bas\u0131nc\u0131 \u00fcreterek \u00e7al\u0131\u015f\u0131r.<\/p>\n<p>\u2013 53 cm uzunlu\u011funda \u015fi\u015firme hortumuna sahip olmas\u0131yla rahat kullan\u0131m sa\u011flar.<\/p>\n","protected":false},"excerpt":{"rendered":"<p>\u00dcr\u00fcn A\u00e7\u0131klamas\u0131\/Bilgilendirme \u2013 Tamamen ayak g\u00fcc\u00fc ile \u00e7al\u0131\u015f\u0131r. \u2013 Sa\u011flam metal g\u00f6vdesi sayesinde uzun \u00f6m\u00fcrl\u00fcd\u00fcr. \u2013 Ayakl\u0131 hava bas\u0131nc\u0131n\u0131n \u00fczerinde hava bas\u0131n\u00e7 g\u00f6sterge bulunmaktad\u0131r. \u2013 Piston sistemiyle hava bas\u0131nc\u0131 \u00fcreterek \u00e7al\u0131\u015f\u0131r. \u2013 53 cm uzunlu\u011funda \u015fi\u015firme hortumuna sahip olmas\u0131yla rahat kullan\u0131m sa\u011flar.<\/p>\n","protected":false},"featured_media":10308,"comment_status":"open","ping_status":"closed","template":"","meta":[],"product_brand":[],"product_cat":[38,175],"product_tag":[],"class_list":{"0":"post-10307","1":"product","2":"type-product","3":"status-publish","4":"has-post-thumbnail","6":"product_cat-tools","7":"product_cat-hand-tools","10":"instock","11":"shipping-taxable","12":"purchasable","13":"product-type-simple"},"_links":{"self":[{"href":"https:\/\/newhometr.com\/store\/wp-json\/wp\/v2\/product\/10307","targetHints":{"allow":["GET"]}}],"collection":[{"href":"https:\/\/newhometr.com\/store\/wp-json\/wp\/v2\/product"}],"about":[{"href":"https:\/\/newhometr.com\/store\/wp-json\/wp\/v2\/types\/product"}],"replies":[{"embeddable":true,"href":"https:\/\/newhometr.com\/store\/wp-json\/wp\/v2\/comments?post=10307"}],"version-history":[{"count":2,"href":"https:\/\/newhometr.com\/store\/wp-json\/wp\/v2\/product\/10307\/revisions"}],"predecessor-version":[{"id":10310,"href":"https:\/\/newhometr.com\/store\/wp-json\/wp\/v2\/product\/10307\/revisions\/10310"}],"wp:featuredmedia":[{"embeddable":true,"href":"https:\/\/newhometr.com\/store\/wp-json\/wp\/v2\/media\/10308"}],"wp:attachment":[{"href":"https:\/\/newhometr.com\/store\/wp-json\/wp\/v2\/media?parent=10307"}],"wp:term":[{"taxonomy":"product_brand","embeddable":true,"href":"https:\/\/newhometr.com\/store\/wp-json\/wp\/v2\/product_brand?post=10307"},{"taxonomy":"product_cat","embeddable":true,"href":"https:\/\/newhometr.com\/store\/wp-json\/wp\/v2\/product_cat?post=10307"},{"taxonomy":"product_tag","embeddable":true,"href":"https:\/\/newhometr.com\/store\/wp-json\/wp\/v2\/product_tag?post=10307"}],"curies":[{"name":"wp","href":"https:\/\/api.w.org\/{rel}","templated":true}]}}