{"id":10298,"date":"2025-06-25T23:05:12","date_gmt":"2025-06-25T23:05:12","guid":{"rendered":"https:\/\/newhometr.com\/store\/?post_type=product&#038;p=10298"},"modified":"2025-06-28T13:48:08","modified_gmt":"2025-06-28T13:48:08","slug":"tyson-zimba-tabancasi-13-4-6-8-mm","status":"publish","type":"product","link":"https:\/\/newhometr.com\/store\/product\/tyson-zimba-tabancasi-13-4-6-8-mm\/","title":{"rendered":"TYSON ZIMBA TABANCASI 13\/4-6-8 mm"},"content":{"rendered":"<p>\u00dcr\u00fcn A\u00e7\u0131klamas\u0131\/Bilgilendirme<\/p>\n<p>\u2013 Resim tual \u00e7al\u0131\u015fmalar\u0131nda, Hal\u0131c\u0131l\u0131k, D\u00f6\u015femecilik, Vitrin d\u00fczenlemesi i\u015flerinde kullan\u0131labilir.<\/p>\n<p>\u2013 H\u0131zl\u0131, Kolay Kullan\u0131m<\/p>\n<p>\u2013 Dayan\u0131kl\u0131 Yap\u0131<\/p>\n<p>\u2013 13\/4-6-8 mm<\/p>\n","protected":false},"excerpt":{"rendered":"<p>\u00dcr\u00fcn A\u00e7\u0131klamas\u0131\/Bilgilendirme \u2013 Resim tual \u00e7al\u0131\u015fmalar\u0131nda, Hal\u0131c\u0131l\u0131k, D\u00f6\u015femecilik, Vitrin d\u00fczenlemesi i\u015flerinde kullan\u0131labilir. \u2013 H\u0131zl\u0131, Kolay Kullan\u0131m \u2013 Dayan\u0131kl\u0131 Yap\u0131 \u2013 13\/4-6-8 mm<\/p>\n","protected":false},"featured_media":10299,"comment_status":"open","ping_status":"closed","template":"","meta":[],"product_brand":[],"product_cat":[38,175],"product_tag":[],"class_list":{"0":"post-10298","1":"product","2":"type-product","3":"status-publish","4":"has-post-thumbnail","6":"product_cat-tools","7":"product_cat-hand-tools","10":"instock","11":"shipping-taxable","12":"purchasable","13":"product-type-simple"},"_links":{"self":[{"href":"https:\/\/newhometr.com\/store\/wp-json\/wp\/v2\/product\/10298","targetHints":{"allow":["GET"]}}],"collection":[{"href":"https:\/\/newhometr.com\/store\/wp-json\/wp\/v2\/product"}],"about":[{"href":"https:\/\/newhometr.com\/store\/wp-json\/wp\/v2\/types\/product"}],"replies":[{"embeddable":true,"href":"https:\/\/newhometr.com\/store\/wp-json\/wp\/v2\/comments?post=10298"}],"version-history":[{"count":2,"href":"https:\/\/newhometr.com\/store\/wp-json\/wp\/v2\/product\/10298\/revisions"}],"predecessor-version":[{"id":10301,"href":"https:\/\/newhometr.com\/store\/wp-json\/wp\/v2\/product\/10298\/revisions\/10301"}],"wp:featuredmedia":[{"embeddable":true,"href":"https:\/\/newhometr.com\/store\/wp-json\/wp\/v2\/media\/10299"}],"wp:attachment":[{"href":"https:\/\/newhometr.com\/store\/wp-json\/wp\/v2\/media?parent=10298"}],"wp:term":[{"taxonomy":"product_brand","embeddable":true,"href":"https:\/\/newhometr.com\/store\/wp-json\/wp\/v2\/product_brand?post=10298"},{"taxonomy":"product_cat","embeddable":true,"href":"https:\/\/newhometr.com\/store\/wp-json\/wp\/v2\/product_cat?post=10298"},{"taxonomy":"product_tag","embeddable":true,"href":"https:\/\/newhometr.com\/store\/wp-json\/wp\/v2\/product_tag?post=10298"}],"curies":[{"name":"wp","href":"https:\/\/api.w.org\/{rel}","templated":true}]}}