{"id":10295,"date":"2025-06-25T23:03:03","date_gmt":"2025-06-25T23:03:03","guid":{"rendered":"https:\/\/newhometr.com\/store\/?post_type=product&#038;p=10295"},"modified":"2025-06-28T13:47:01","modified_gmt":"2025-06-28T13:47:01","slug":"kupa-aspirator-borusu-110-mm","status":"publish","type":"product","link":"https:\/\/newhometr.com\/store\/product\/kupa-aspirator-borusu-110-mm\/","title":{"rendered":"KUPA ASP\u0130RAT\u00d6R BORUSU 110 mm"},"content":{"rendered":"<p>\u00dcr\u00fcn A\u00e7\u0131klamas\u0131\/Bilgilendirme<\/p>\n<p>\u2013 T\u00fcm marka aspirat\u00f6r ve davlumbazlar ile uyumludur.<\/p>\n<p>\u2013 Esneme, b\u00fck\u00fclme ve s\u0131k\u0131\u015ft\u0131r\u0131labilme \u00f6zelli\u011fine sahiptir.<\/p>\n<p>\u2013 Y\u0131rt\u0131lma ve darbelere kar\u015f\u0131 dayan\u0131kl\u0131d\u0131r.<\/p>\n","protected":false},"excerpt":{"rendered":"<p>\u00dcr\u00fcn A\u00e7\u0131klamas\u0131\/Bilgilendirme \u2013 T\u00fcm marka aspirat\u00f6r ve davlumbazlar ile uyumludur. \u2013 Esneme, b\u00fck\u00fclme ve s\u0131k\u0131\u015ft\u0131r\u0131labilme \u00f6zelli\u011fine sahiptir. \u2013 Y\u0131rt\u0131lma ve darbelere kar\u015f\u0131 dayan\u0131kl\u0131d\u0131r.<\/p>\n","protected":false},"featured_media":10296,"comment_status":"open","ping_status":"closed","template":"","meta":[],"product_brand":[],"product_cat":[470,52],"product_tag":[],"class_list":{"0":"post-10295","1":"product","2":"type-product","3":"status-publish","4":"has-post-thumbnail","6":"product_cat-ventilation-systems","7":"product_cat-building-materials","10":"instock","11":"shipping-taxable","12":"purchasable","13":"product-type-simple"},"_links":{"self":[{"href":"https:\/\/newhometr.com\/store\/wp-json\/wp\/v2\/product\/10295","targetHints":{"allow":["GET"]}}],"collection":[{"href":"https:\/\/newhometr.com\/store\/wp-json\/wp\/v2\/product"}],"about":[{"href":"https:\/\/newhometr.com\/store\/wp-json\/wp\/v2\/types\/product"}],"replies":[{"embeddable":true,"href":"https:\/\/newhometr.com\/store\/wp-json\/wp\/v2\/comments?post=10295"}],"version-history":[{"count":1,"href":"https:\/\/newhometr.com\/store\/wp-json\/wp\/v2\/product\/10295\/revisions"}],"predecessor-version":[{"id":10297,"href":"https:\/\/newhometr.com\/store\/wp-json\/wp\/v2\/product\/10295\/revisions\/10297"}],"wp:featuredmedia":[{"embeddable":true,"href":"https:\/\/newhometr.com\/store\/wp-json\/wp\/v2\/media\/10296"}],"wp:attachment":[{"href":"https:\/\/newhometr.com\/store\/wp-json\/wp\/v2\/media?parent=10295"}],"wp:term":[{"taxonomy":"product_brand","embeddable":true,"href":"https:\/\/newhometr.com\/store\/wp-json\/wp\/v2\/product_brand?post=10295"},{"taxonomy":"product_cat","embeddable":true,"href":"https:\/\/newhometr.com\/store\/wp-json\/wp\/v2\/product_cat?post=10295"},{"taxonomy":"product_tag","embeddable":true,"href":"https:\/\/newhometr.com\/store\/wp-json\/wp\/v2\/product_tag?post=10295"}],"curies":[{"name":"wp","href":"https:\/\/api.w.org\/{rel}","templated":true}]}}