{"id":10291,"date":"2025-06-25T23:00:31","date_gmt":"2025-06-25T23:00:31","guid":{"rendered":"https:\/\/newhometr.com\/store\/?post_type=product&#038;p=10291"},"modified":"2025-06-28T13:44:33","modified_gmt":"2025-06-28T13:44:33","slug":"tyson-temizlik-ve-bulasik-eldiveni-8-85","status":"publish","type":"product","link":"https:\/\/newhometr.com\/store\/product\/tyson-temizlik-ve-bulasik-eldiveni-8-85\/","title":{"rendered":"TYSON TEM\u0130ZL\u0130K VE BULA\u015eIK ELD\u0130VEN\u0130 8-8,5"},"content":{"rendered":"<p>\u00dcr\u00fcn A\u00e7\u0131klamas\u0131\/Bilgilendirme<\/p>\n<p>\u2013 Kullan\u0131m sonras\u0131 bol su ile durulay\u0131p, g\u00fcne\u015f \u0131\u015f\u0131\u011f\u0131na maruz kalmayacak \u015fekilde as\u0131n\u0131z.<\/p>\n<p>\u2013 A\u015f\u0131r\u0131 \u0131s\u0131, benzin, gres ve madeni ya\u011flarla temas ettirmeyiniz.<\/p>\n<p>\u2013 Do\u011fru bak\u0131m uyguland\u0131\u011f\u0131nda eldivenlerinizi defalarca kullanabilirsini<\/p>\n","protected":false},"excerpt":{"rendered":"<p>\u00dcr\u00fcn A\u00e7\u0131klamas\u0131\/Bilgilendirme \u2013 Kullan\u0131m sonras\u0131 bol su ile durulay\u0131p, g\u00fcne\u015f \u0131\u015f\u0131\u011f\u0131na maruz kalmayacak \u015fekilde as\u0131n\u0131z. \u2013 A\u015f\u0131r\u0131 \u0131s\u0131, benzin, gres ve madeni ya\u011flarla temas ettirmeyiniz. \u2013 Do\u011fru bak\u0131m uyguland\u0131\u011f\u0131nda eldivenlerinizi defalarca kullanabilirsini<\/p>\n","protected":false},"featured_media":10292,"comment_status":"open","ping_status":"closed","template":"","meta":[],"product_brand":[],"product_cat":[469,38],"product_tag":[],"class_list":{"0":"post-10291","1":"product","2":"type-product","3":"status-publish","4":"has-post-thumbnail","6":"product_cat-safety-equipment","7":"product_cat-tools","10":"instock","11":"shipping-taxable","12":"purchasable","13":"product-type-simple"},"_links":{"self":[{"href":"https:\/\/newhometr.com\/store\/wp-json\/wp\/v2\/product\/10291","targetHints":{"allow":["GET"]}}],"collection":[{"href":"https:\/\/newhometr.com\/store\/wp-json\/wp\/v2\/product"}],"about":[{"href":"https:\/\/newhometr.com\/store\/wp-json\/wp\/v2\/types\/product"}],"replies":[{"embeddable":true,"href":"https:\/\/newhometr.com\/store\/wp-json\/wp\/v2\/comments?post=10291"}],"version-history":[{"count":2,"href":"https:\/\/newhometr.com\/store\/wp-json\/wp\/v2\/product\/10291\/revisions"}],"predecessor-version":[{"id":10294,"href":"https:\/\/newhometr.com\/store\/wp-json\/wp\/v2\/product\/10291\/revisions\/10294"}],"wp:featuredmedia":[{"embeddable":true,"href":"https:\/\/newhometr.com\/store\/wp-json\/wp\/v2\/media\/10292"}],"wp:attachment":[{"href":"https:\/\/newhometr.com\/store\/wp-json\/wp\/v2\/media?parent=10291"}],"wp:term":[{"taxonomy":"product_brand","embeddable":true,"href":"https:\/\/newhometr.com\/store\/wp-json\/wp\/v2\/product_brand?post=10291"},{"taxonomy":"product_cat","embeddable":true,"href":"https:\/\/newhometr.com\/store\/wp-json\/wp\/v2\/product_cat?post=10291"},{"taxonomy":"product_tag","embeddable":true,"href":"https:\/\/newhometr.com\/store\/wp-json\/wp\/v2\/product_tag?post=10291"}],"curies":[{"name":"wp","href":"https:\/\/api.w.org\/{rel}","templated":true}]}}