{"id":10288,"date":"2025-06-25T22:58:30","date_gmt":"2025-06-25T22:58:30","guid":{"rendered":"https:\/\/newhometr.com\/store\/?post_type=product&#038;p=10288"},"modified":"2025-06-28T13:41:57","modified_gmt":"2025-06-28T13:41:57","slug":"kupa-otomatik-7-fonksiyonlu-tabanca-seti","status":"publish","type":"product","link":"https:\/\/newhometr.com\/store\/product\/kupa-otomatik-7-fonksiyonlu-tabanca-seti\/","title":{"rendered":"KUPA OTOMAT\u0130K 7 FONKS\u0130YONLU TABANCA SET\u0130"},"content":{"rendered":"<p>\u00dcr\u00fcn A\u00e7\u0131klamas\u0131\/Bilgilendirme<\/p>\n<p>\u2013 1 Adet Plastik Tabanca<\/p>\n<p>\u2013 1 Adet 1\/2\u201d Hortum Ba\u011flant\u0131 Adapt\u00f6r\u00fc<\/p>\n<p>\u2013 1 Adet 1\/2\u201d Hortum Adapt\u00f6r\u00fc<\/p>\n<p>\u2013 1 Adet 1\/2\u201d 3\/4\u201d Musluk Adapt\u00f6r\u00fc<\/p>\n<p>\u2013 1.s\u0131n\u0131f ABS Pvc malzemeden \u00fcretilmi\u015ftir.<\/p>\n<p>\u2013 Tazikli, sisli, ya\u011fmurlama gibi sulama yapma imkan\u0131 sa\u011flar.<\/p>\n<p>\u2013 Kaymaz ve yumu\u015fak malzemesi sayesinde elinize rahat oturur.<\/p>\n","protected":false},"excerpt":{"rendered":"<p>\u00dcr\u00fcn A\u00e7\u0131klamas\u0131\/Bilgilendirme \u2013 1 Adet Plastik Tabanca \u2013 1 Adet 1\/2\u201d Hortum Ba\u011flant\u0131 Adapt\u00f6r\u00fc \u2013 1 Adet 1\/2\u201d Hortum Adapt\u00f6r\u00fc \u2013 1 Adet 1\/2\u201d 3\/4\u201d Musluk Adapt\u00f6r\u00fc \u2013 1.s\u0131n\u0131f ABS Pvc malzemeden \u00fcretilmi\u015ftir. \u2013 Tazikli, sisli, ya\u011fmurlama gibi sulama yapma imkan\u0131 sa\u011flar. \u2013 Kaymaz ve yumu\u015fak malzemesi sayesinde elinize rahat oturur.<\/p>\n","protected":false},"featured_media":10289,"comment_status":"open","ping_status":"closed","template":"","meta":[],"product_brand":[],"product_cat":[468,53],"product_tag":[],"class_list":{"0":"post-10288","1":"product","2":"type-product","3":"status-publish","4":"has-post-thumbnail","6":"product_cat-lrrigation-and-garden-equipment","7":"product_cat-plumbing","10":"instock","11":"shipping-taxable","12":"purchasable","13":"product-type-simple"},"_links":{"self":[{"href":"https:\/\/newhometr.com\/store\/wp-json\/wp\/v2\/product\/10288","targetHints":{"allow":["GET"]}}],"collection":[{"href":"https:\/\/newhometr.com\/store\/wp-json\/wp\/v2\/product"}],"about":[{"href":"https:\/\/newhometr.com\/store\/wp-json\/wp\/v2\/types\/product"}],"replies":[{"embeddable":true,"href":"https:\/\/newhometr.com\/store\/wp-json\/wp\/v2\/comments?post=10288"}],"version-history":[{"count":1,"href":"https:\/\/newhometr.com\/store\/wp-json\/wp\/v2\/product\/10288\/revisions"}],"predecessor-version":[{"id":10290,"href":"https:\/\/newhometr.com\/store\/wp-json\/wp\/v2\/product\/10288\/revisions\/10290"}],"wp:featuredmedia":[{"embeddable":true,"href":"https:\/\/newhometr.com\/store\/wp-json\/wp\/v2\/media\/10289"}],"wp:attachment":[{"href":"https:\/\/newhometr.com\/store\/wp-json\/wp\/v2\/media?parent=10288"}],"wp:term":[{"taxonomy":"product_brand","embeddable":true,"href":"https:\/\/newhometr.com\/store\/wp-json\/wp\/v2\/product_brand?post=10288"},{"taxonomy":"product_cat","embeddable":true,"href":"https:\/\/newhometr.com\/store\/wp-json\/wp\/v2\/product_cat?post=10288"},{"taxonomy":"product_tag","embeddable":true,"href":"https:\/\/newhometr.com\/store\/wp-json\/wp\/v2\/product_tag?post=10288"}],"curies":[{"name":"wp","href":"https:\/\/api.w.org\/{rel}","templated":true}]}}