{"id":10284,"date":"2025-06-25T22:54:21","date_gmt":"2025-06-25T22:54:21","guid":{"rendered":"https:\/\/newhometr.com\/store\/?post_type=product&#038;p=10284"},"modified":"2025-06-28T13:34:29","modified_gmt":"2025-06-28T13:34:29","slug":"kupa-budama-testeresi-300-mm","status":"publish","type":"product","link":"https:\/\/newhometr.com\/store\/product\/kupa-budama-testeresi-300-mm\/","title":{"rendered":"KUPA BUDAMA TESTERES\u0130 300 MM"},"content":{"rendered":"<p>\u00dcr\u00fcn A\u00e7\u0131klamas\u0131\/Bilgilendirme<\/p>\n<p>\u2013 65 mangan yay \u00e7eli\u011finden \u00fcretilmi\u015ftir.<\/p>\n<p>\u2013 52 HRC a\u011f\u0131z ve 60 HRC\u2019ye kadar sertle\u015ftirilmi\u015ftir.<\/p>\n<p>\u2013 Yumu\u015fak \u00e7ift plastik sap<\/p>\n","protected":false},"excerpt":{"rendered":"<p>\u00dcr\u00fcn A\u00e7\u0131klamas\u0131\/Bilgilendirme \u2013 65 mangan yay \u00e7eli\u011finden \u00fcretilmi\u015ftir. \u2013 52 HRC a\u011f\u0131z ve 60 HRC\u2019ye kadar sertle\u015ftirilmi\u015ftir. \u2013 Yumu\u015fak \u00e7ift plastik sap<\/p>\n","protected":false},"featured_media":10285,"comment_status":"open","ping_status":"closed","template":"","meta":[],"product_brand":[],"product_cat":[38,175],"product_tag":[],"class_list":{"0":"post-10284","1":"product","2":"type-product","3":"status-publish","4":"has-post-thumbnail","6":"product_cat-tools","7":"product_cat-hand-tools","10":"instock","11":"shipping-taxable","12":"purchasable","13":"product-type-simple"},"_links":{"self":[{"href":"https:\/\/newhometr.com\/store\/wp-json\/wp\/v2\/product\/10284","targetHints":{"allow":["GET"]}}],"collection":[{"href":"https:\/\/newhometr.com\/store\/wp-json\/wp\/v2\/product"}],"about":[{"href":"https:\/\/newhometr.com\/store\/wp-json\/wp\/v2\/types\/product"}],"replies":[{"embeddable":true,"href":"https:\/\/newhometr.com\/store\/wp-json\/wp\/v2\/comments?post=10284"}],"version-history":[{"count":2,"href":"https:\/\/newhometr.com\/store\/wp-json\/wp\/v2\/product\/10284\/revisions"}],"predecessor-version":[{"id":10287,"href":"https:\/\/newhometr.com\/store\/wp-json\/wp\/v2\/product\/10284\/revisions\/10287"}],"wp:featuredmedia":[{"embeddable":true,"href":"https:\/\/newhometr.com\/store\/wp-json\/wp\/v2\/media\/10285"}],"wp:attachment":[{"href":"https:\/\/newhometr.com\/store\/wp-json\/wp\/v2\/media?parent=10284"}],"wp:term":[{"taxonomy":"product_brand","embeddable":true,"href":"https:\/\/newhometr.com\/store\/wp-json\/wp\/v2\/product_brand?post=10284"},{"taxonomy":"product_cat","embeddable":true,"href":"https:\/\/newhometr.com\/store\/wp-json\/wp\/v2\/product_cat?post=10284"},{"taxonomy":"product_tag","embeddable":true,"href":"https:\/\/newhometr.com\/store\/wp-json\/wp\/v2\/product_tag?post=10284"}],"curies":[{"name":"wp","href":"https:\/\/api.w.org\/{rel}","templated":true}]}}